{"id":402,"date":"2016-07-28T11:10:26","date_gmt":"2016-07-28T11:10:26","guid":{"rendered":"http:\/\/www.vissparboulingu.lv\/laba\/?page_id=402"},"modified":"2025-07-18T18:06:31","modified_gmt":"2025-07-18T18:06:31","slug":"kontakti","status":"publish","type":"page","link":"https:\/\/www.vissparboulingu.lv\/laba\/kontakti\/","title":{"rendered":"Kontakti"},"content":{"rendered":"<p style=\"text-align: center;\">LATVIJAS AMATIERU BOULINGA ASOCI\u0100CIJA<\/p>\n<p><strong>Kar\u012bna Maslova<\/strong><\/p>\n<p>T\u0101lr.: (+371) 20092131<\/p>\n<p>E-mail: <a href=\"mailto:karina.lababowling@gmail.com\">karina.lababowling@gmail.com<\/a><\/p>\n<hr>\n<p>Valdes loceklis &#8211; <strong>Eduards Kobi\u013cuks<\/strong><\/p>\n<p>T\u0101lr.: (+371) 29184154<\/p>\n<p>E-mail: <a href=\"mailto:eduards@universalservices.lv\">eduards@universalservices.lv<\/a><\/p>\n","protected":false},"excerpt":{"rendered":"<p>LATVIJAS AMATIERU BOULINGA ASOCI\u0100CIJA Kar\u012bna Maslova T\u0101lr.: (+371) 20092131 E-mail: karina.lababowling@gmail.com Valdes loceklis &#8211; Eduards Kobi\u013cuks T\u0101lr.: (+371) 29184154 E-mail: eduards@universalservices.lv<\/p>\n","protected":false},"author":1,"featured_media":399,"parent":0,"menu_order":2,"comment_status":"closed","ping_status":"closed","template":"","meta":{"_et_pb_use_builder":"","_et_pb_old_content":"","_et_gb_content_width":"","ngg_post_thumbnail":0,"footnotes":""},"class_list":["post-402","page","type-page","status-publish","has-post-thumbnail","hentry"],"aioseo_notices":[],"_links":{"self":[{"href":"https:\/\/www.vissparboulingu.lv\/laba\/wp-json\/wp\/v2\/pages\/402","targetHints":{"allow":["GET"]}}],"collection":[{"href":"https:\/\/www.vissparboulingu.lv\/laba\/wp-json\/wp\/v2\/pages"}],"about":[{"href":"https:\/\/www.vissparboulingu.lv\/laba\/wp-json\/wp\/v2\/types\/page"}],"author":[{"embeddable":true,"href":"https:\/\/www.vissparboulingu.lv\/laba\/wp-json\/wp\/v2\/users\/1"}],"replies":[{"embeddable":true,"href":"https:\/\/www.vissparboulingu.lv\/laba\/wp-json\/wp\/v2\/comments?post=402"}],"version-history":[{"count":9,"href":"https:\/\/www.vissparboulingu.lv\/laba\/wp-json\/wp\/v2\/pages\/402\/revisions"}],"predecessor-version":[{"id":648,"href":"https:\/\/www.vissparboulingu.lv\/laba\/wp-json\/wp\/v2\/pages\/402\/revisions\/648"}],"wp:featuredmedia":[{"embeddable":true,"href":"https:\/\/www.vissparboulingu.lv\/laba\/wp-json\/wp\/v2\/media\/399"}],"wp:attachment":[{"href":"https:\/\/www.vissparboulingu.lv\/laba\/wp-json\/wp\/v2\/media?parent=402"}],"curies":[{"name":"wp","href":"https:\/\/api.w.org\/{rel}","templated":true}]}}