{"id":408,"date":"2016-07-28T11:20:41","date_gmt":"2016-07-28T11:20:41","guid":{"rendered":"http:\/\/www.vissparboulingu.lv\/laba\/?page_id=408"},"modified":"2017-07-10T13:48:25","modified_gmt":"2017-07-10T13:48:25","slug":"instruktori","status":"publish","type":"page","link":"https:\/\/www.vissparboulingu.lv\/laba\/instruktori\/","title":{"rendered":"Instruktori"},"content":{"rendered":"<h4>LABA Galvenais treneris: <a href=\"http:\/\/www.vissparboulingu.lv\/genadijs-sidorenko\/\">COACH<\/a><\/h4>\n<div class=\"textwidget\">\n<ul>\n<li><a href=\"http:\/\/www.vissparboulingu.lv\/laba\/wp-content\/uploads\/2016\/07\/GS-1.jpg\"><img loading=\"lazy\" decoding=\"async\" class=\"alignleft size-medium wp-image-511\" src=\"http:\/\/www.vissparboulingu.lv\/laba\/wp-content\/uploads\/2016\/07\/GS-1-225x300.jpg\" alt=\"GS-1\" width=\"225\" height=\"300\" srcset=\"https:\/\/www.vissparboulingu.lv\/laba\/wp-content\/uploads\/2016\/07\/GS-1-225x300.jpg 225w, https:\/\/www.vissparboulingu.lv\/laba\/wp-content\/uploads\/2016\/07\/GS-1-768x1024.jpg 768w, https:\/\/www.vissparboulingu.lv\/laba\/wp-content\/uploads\/2016\/07\/GS-1-830x1107.jpg 830w, https:\/\/www.vissparboulingu.lv\/laba\/wp-content\/uploads\/2016\/07\/GS-1-230x307.jpg 230w, https:\/\/www.vissparboulingu.lv\/laba\/wp-content\/uploads\/2016\/07\/GS-1-350x467.jpg 350w, https:\/\/www.vissparboulingu.lv\/laba\/wp-content\/uploads\/2016\/07\/GS-1-480x640.jpg 480w\" sizes=\"(max-width: 225px) 100vw, 225px\" \/><\/a>Gen\u0101dijs Sidorenko<\/li>\n<li><a href=\"mailto:coach@bowling.kiev.ua\">coach@bowling.kiev.ua<\/a><\/li>\n<li>UKR, RUS<\/li>\n<\/ul>\n<\/div>\n<p>&nbsp;<\/p>\n<p>&nbsp;<\/p>\n<p>&nbsp;<\/p>\n<p>&nbsp;<\/p>\n<p>&nbsp;<\/p>\n<p>&nbsp;<\/p>\n<hr \/>\n<div class=\"textwidget\">\n<p>Sp\u0113l\u0113t\u0101ja profils:\u00a0<a href=\"http:\/\/www.vissparboulingu.lv\/player\/peteris-cimdins\/\">P\u0113teris Cimdi\u0146\u0161<\/a><\/p>\n<\/div>\n<h4>M\u016bsu instruktori<\/h4>\n<div class=\"textwidget\">\n<p><a href=\"http:\/\/www.vissparboulingu.lv\/laba\/wp-content\/uploads\/2016\/07\/thumbs_Peteris.png\"><img loading=\"lazy\" decoding=\"async\" class=\"alignleft size-full wp-image-412\" src=\"http:\/\/www.vissparboulingu.lv\/laba\/wp-content\/uploads\/2016\/07\/thumbs_Peteris.png\" alt=\"thumbs_Peteris\" width=\"199\" height=\"200\" srcset=\"https:\/\/www.vissparboulingu.lv\/laba\/wp-content\/uploads\/2016\/07\/thumbs_Peteris.png 199w, https:\/\/www.vissparboulingu.lv\/laba\/wp-content\/uploads\/2016\/07\/thumbs_Peteris-150x150.png 150w\" sizes=\"(max-width: 199px) 100vw, 199px\" \/><\/a><\/p>\n<ul>\n<li>P\u0113teris Cimdi\u0146\u0161<\/li>\n<li><a href=\"mailto:wooop@inbox.lv\">wooop@inbox.lv<\/a><\/li>\n<li>Tel.Nr. (+371) 28604925<\/li>\n<li>LAT, RUS, ENG<\/li>\n<\/ul>\n<p>Sp\u0113l\u0113t\u0101ja profils: <a href=\"http:\/\/www.vissparboulingu.lv\/player\/peteris-cimdins\/\">P\u0113teris Cimdi\u0146\u0161<\/a><\/p>\n<p>&nbsp;<\/p>\n<\/div>\n<p>&nbsp;<\/p>\n<hr \/>\n<div class=\"textwidget\">\n<p><a href=\"http:\/\/www.vissparboulingu.lv\/laba\/wp-content\/uploads\/2016\/07\/ArtursP.jpg\"><img loading=\"lazy\" decoding=\"async\" class=\"alignleft size-medium wp-image-409\" src=\"http:\/\/www.vissparboulingu.lv\/laba\/wp-content\/uploads\/2016\/07\/ArtursP-199x300.jpg\" alt=\"ArtursP\" width=\"199\" height=\"300\" \/><\/a><\/p>\n<ul>\n<li>Art\u016brs Perepjolkins<\/li>\n<li><a href=\"mailto:droidik@inbox.lv\">droidik@inbox.lv<\/a><\/li>\n<li>Tel.Nr. (+371) 29141773<\/li>\n<li>LAT, RUS<\/li>\n<\/ul>\n<\/div>\n<p>Sp\u0113l\u0113t\u0101ja profils: <a href=\"http:\/\/www.vissparboulingu.lv\/player\/arturs-perepjolkins\/\">Art\u016brs Perepjolkins<\/a><\/p>\n<p>&nbsp;<\/p>\n<p>&nbsp;<\/p>\n<p>&nbsp;<\/p>\n<p>&nbsp;<\/p>\n<p>&nbsp;<\/p>\n<hr \/>\n<div class=\"textwidget\">\n<p><a href=\"http:\/\/www.vissparboulingu.lv\/laba\/wp-content\/uploads\/2016\/07\/thumbs_Masha.jpg\"><img loading=\"lazy\" decoding=\"async\" class=\"alignleft size-full wp-image-411\" src=\"http:\/\/www.vissparboulingu.lv\/laba\/wp-content\/uploads\/2016\/07\/thumbs_Masha.jpg\" alt=\"thumbs_Masha\" width=\"200\" height=\"200\" srcset=\"https:\/\/www.vissparboulingu.lv\/laba\/wp-content\/uploads\/2016\/07\/thumbs_Masha.jpg 200w, https:\/\/www.vissparboulingu.lv\/laba\/wp-content\/uploads\/2016\/07\/thumbs_Masha-150x150.jpg 150w\" sizes=\"(max-width: 200px) 100vw, 200px\" \/><\/a><\/p>\n<ul>\n<li>Marija Tka\u010denko<\/li>\n<li><a href=\"mailto:marija.tkacenko@gmail.com\">marija.tkacenko@gmail.com<\/a><\/li>\n<li>Tel.Nr. (+371) 26073404<\/li>\n<li>RUS, LAT, ENG<\/li>\n<\/ul>\n<p>Sp\u0113l\u0113t\u0101ja profils: <a href=\"http:\/\/www.vissparboulingu.lv\/player\/marija-tkacenko\/\">Marija Tka\u010denko<\/a><\/p>\n<\/div>\n","protected":false},"excerpt":{"rendered":"<p>LABA Galvenais treneris: COACH Gen\u0101dijs Sidorenko coach@bowling.kiev.ua UKR, RUS &nbsp; &nbsp; &nbsp; &nbsp; &nbsp; &nbsp; Sp\u0113l\u0113t\u0101ja profils:\u00a0P\u0113teris Cimdi\u0146\u0161 M\u016bsu instruktori P\u0113teris Cimdi\u0146\u0161 [&hellip;]<\/p>\n","protected":false},"author":1,"featured_media":412,"parent":0,"menu_order":3,"comment_status":"closed","ping_status":"closed","template":"","meta":{"_et_pb_use_builder":"","_et_pb_old_content":"","_et_gb_content_width":"","ngg_post_thumbnail":0,"footnotes":""},"class_list":["post-408","page","type-page","status-publish","has-post-thumbnail","hentry"],"aioseo_notices":[],"_links":{"self":[{"href":"https:\/\/www.vissparboulingu.lv\/laba\/wp-json\/wp\/v2\/pages\/408","targetHints":{"allow":["GET"]}}],"collection":[{"href":"https:\/\/www.vissparboulingu.lv\/laba\/wp-json\/wp\/v2\/pages"}],"about":[{"href":"https:\/\/www.vissparboulingu.lv\/laba\/wp-json\/wp\/v2\/types\/page"}],"author":[{"embeddable":true,"href":"https:\/\/www.vissparboulingu.lv\/laba\/wp-json\/wp\/v2\/users\/1"}],"replies":[{"embeddable":true,"href":"https:\/\/www.vissparboulingu.lv\/laba\/wp-json\/wp\/v2\/comments?post=408"}],"version-history":[{"count":3,"href":"https:\/\/www.vissparboulingu.lv\/laba\/wp-json\/wp\/v2\/pages\/408\/revisions"}],"predecessor-version":[{"id":512,"href":"https:\/\/www.vissparboulingu.lv\/laba\/wp-json\/wp\/v2\/pages\/408\/revisions\/512"}],"wp:featuredmedia":[{"embeddable":true,"href":"https:\/\/www.vissparboulingu.lv\/laba\/wp-json\/wp\/v2\/media\/412"}],"wp:attachment":[{"href":"https:\/\/www.vissparboulingu.lv\/laba\/wp-json\/wp\/v2\/media?parent=408"}],"curies":[{"name":"wp","href":"https:\/\/api.w.org\/{rel}","templated":true}]}}