{"id":45,"date":"2016-07-01T09:06:24","date_gmt":"2016-07-01T09:06:24","guid":{"rendered":"http:\/\/www.vissparboulingu.lv\/laba\/?page_id=45"},"modified":"2025-07-18T18:07:01","modified_gmt":"2025-07-18T18:07:01","slug":"so-laba","status":"publish","type":"page","link":"https:\/\/www.vissparboulingu.lv\/laba\/laba-2\/so-laba\/","title":{"rendered":"SO LABA"},"content":{"rendered":"<p>Sabiedriska organiz\u0101cija:<\/p>\n<p><strong>LATVIJAS AMATIERU BOULINGA ASOCI\u0100CIJA<\/strong><\/p>\n<p>Vienotais re\u0123istr\u0101cijas nummurs:<\/p>\n<p><strong>40008191121<\/strong><\/p>\n<p>Re\u0123istr\u0101cijas datums biedr\u012bba un nodibin\u0101jumu re\u0123istr\u0101:<\/p>\n<p><strong>08.03.2012.<\/strong><\/p>\n<p>Re\u0123istr\u0101cijas vieta:<\/p>\n<p><strong>R\u012aGA<\/strong><\/p>\n<p>Apliec\u012bbas izdo\u0161anas datums:<\/p>\n<p><strong>08.03.2012.<\/strong><\/p>\n<p>Valde:<\/p>\n<p><strong>Kar\u012bna Maslova<\/strong><\/p>\n<p><strong>Eduards Kobi\u013cuks<\/strong><\/p>\n","protected":false},"excerpt":{"rendered":"<p>Sabiedriska organiz\u0101cija: LATVIJAS AMATIERU BOULINGA ASOCI\u0100CIJA Vienotais re\u0123istr\u0101cijas nummurs: 40008191121 Re\u0123istr\u0101cijas datums biedr\u012bba un nodibin\u0101jumu re\u0123istr\u0101: 08.03.2012. Re\u0123istr\u0101cijas vieta: R\u012aGA Apliec\u012bbas izdo\u0161anas [&hellip;]<\/p>\n","protected":false},"author":1,"featured_media":42,"parent":43,"menu_order":0,"comment_status":"closed","ping_status":"closed","template":"","meta":{"_et_pb_use_builder":"","_et_pb_old_content":"","_et_gb_content_width":"","ngg_post_thumbnail":0,"footnotes":""},"class_list":["post-45","page","type-page","status-publish","has-post-thumbnail","hentry"],"aioseo_notices":[],"_links":{"self":[{"href":"https:\/\/www.vissparboulingu.lv\/laba\/wp-json\/wp\/v2\/pages\/45","targetHints":{"allow":["GET"]}}],"collection":[{"href":"https:\/\/www.vissparboulingu.lv\/laba\/wp-json\/wp\/v2\/pages"}],"about":[{"href":"https:\/\/www.vissparboulingu.lv\/laba\/wp-json\/wp\/v2\/types\/page"}],"author":[{"embeddable":true,"href":"https:\/\/www.vissparboulingu.lv\/laba\/wp-json\/wp\/v2\/users\/1"}],"replies":[{"embeddable":true,"href":"https:\/\/www.vissparboulingu.lv\/laba\/wp-json\/wp\/v2\/comments?post=45"}],"version-history":[{"count":2,"href":"https:\/\/www.vissparboulingu.lv\/laba\/wp-json\/wp\/v2\/pages\/45\/revisions"}],"predecessor-version":[{"id":649,"href":"https:\/\/www.vissparboulingu.lv\/laba\/wp-json\/wp\/v2\/pages\/45\/revisions\/649"}],"up":[{"embeddable":true,"href":"https:\/\/www.vissparboulingu.lv\/laba\/wp-json\/wp\/v2\/pages\/43"}],"wp:featuredmedia":[{"embeddable":true,"href":"https:\/\/www.vissparboulingu.lv\/laba\/wp-json\/wp\/v2\/media\/42"}],"wp:attachment":[{"href":"https:\/\/www.vissparboulingu.lv\/laba\/wp-json\/wp\/v2\/media?parent=45"}],"curies":[{"name":"wp","href":"https:\/\/api.w.org\/{rel}","templated":true}]}}