{"id":505,"date":"2017-07-04T22:38:19","date_gmt":"2017-07-04T22:38:19","guid":{"rendered":"http:\/\/www.vissparboulingu.lv\/laba\/?page_id=505"},"modified":"2017-12-21T16:33:38","modified_gmt":"2017-12-21T16:33:38","slug":"musu-projekti","status":"publish","type":"page","link":"https:\/\/www.vissparboulingu.lv\/laba\/musu-projekti\/","title":{"rendered":"M\u016bsu turn\u012bri"},"content":{"rendered":"<p style=\"text-align: center;\"><strong>M\u016bsu turn\u012bri.<\/strong><br \/>\n<strong>Inform\u0101cija par \u00a02016-2017 gada\u00a0<\/strong><strong>sezonu<\/strong><strong>.<\/strong><\/p>\n<p><strong>Akt\u012bvie turn\u012bri:<\/strong><\/p>\n<ul>\n<li><b>ABL All Star Game.<\/b><\/li>\n<\/ul>\n<div>Turn\u012brs, kur\u0101 \u0146em dal\u012bbu ABL divizionu lab\u0101kie sp\u0113l\u0113t\u0101ji. Notiek p\u0113c Baker noteikumiem(5&#215;5). Notiek no 2017 gada decembra, vienreiz gad\u0101.<\/div>\n<ul>\n<li><strong>ABL (Amatieru Boulinga L\u012bga).<\/strong><\/li>\n<\/ul>\n<p>Komandu turn\u012brs visiem interesentiem.<br \/>\nNorit kop\u0161 2011 gada 30 j\u016bnija.<br \/>\nNotiek no septembra m\u0113ne\u0161a l\u012bdz maijam, katru ned\u0113\u013cu.<br \/>\nVisu \u010dempion\u0101tu norises laik\u0101 dal\u012bbu \u0146\u0113mu\u0161i vair\u0101k k\u0101 500 sp\u0113l\u0113t\u0101ji.<\/p>\n<ul>\n<li><strong>MA\u010c (M\u0113ne\u0161a \u010cempions) <\/strong><strong>.<\/strong><\/li>\n<\/ul>\n<p>Individu\u0101lais turn\u012brs priek\u0161 visiem interesentiem.<br \/>\nNorit kop\u0161 2012 gada janv\u0101ra.<br \/>\nNotiek vienreiz m\u0113nes\u012b.<br \/>\nL\u012bdz 2016 gada decembrim (ieskaitot) norit p\u0113c 9-PIN noteikumiem. No 2017 gada janv\u0101ra turn\u012brs norit p\u0113c klasiskajiem noteikumiem.<\/p>\n<ul>\n<li><strong>BASK<\/strong><strong> ABL<\/strong><strong> Grand<\/strong><strong> Prix<\/strong><strong>.<\/strong><\/li>\n<\/ul>\n<p>Individu\u0101ls komerci\u0101ls turn\u012brs priek\u0161 ABL dal\u012bbniekiem.<br \/>\nNorit kop\u0161 2013 gada 25 maija.<br \/>\nNotiek vienreiz gad\u0101.<\/p>\n<ul>\n<li><strong>LK\u010c (Latvijas Komandu \u010cempion\u0101ts)<\/strong>.<\/li>\n<\/ul>\n<p>Komandu titula turn\u012brs.<br \/>\nUzvar\u0113t\u0101js sa\u0146em Latvijas \u010dempiona titulu.<br \/>\nNorit kop\u0161 2013 gada 19 janv\u0101ra.<br \/>\nNotiek vienreiz gad\u0101.<\/p>\n<ul>\n<li><strong>IABL (Individu\u0101l\u0101 Amatieru Boulinga L\u012bga).<\/strong><\/li>\n<\/ul>\n<p>Individu\u0101ls turn\u012brs priek\u0161 ABL dal\u012bbniekiem.<br \/>\nNorit kop\u0161 2015 gada 8 j\u016bnija.<br \/>\nNotiek vienreiz gad\u0101, vasaras sezon\u0101 (j\u016bnijs &#8211; augusts).<\/p>\n<ul>\n<li><strong>Baker<\/strong><\/li>\n<\/ul>\n<p>P\u0101ru turn\u012brs priek\u0161 visiem interesentiem.<br \/>\nNorit kop\u0161 2015 gada 11 j\u016bnija.<br \/>\nNotiek vienreiz gad\u0101, vasaras sezon\u0101 (j\u016bnijs &#8211; augusts).<\/p>\n<ul>\n<li><strong>Energy System.<\/strong><\/li>\n<\/ul>\n<p>B\u0113rnu individu\u0101lais turn\u012brs priek\u0161 visiem interesentiem.<br \/>\nNorit kop\u0161 2016 gada 3 j\u016bnija.<br \/>\nNotiek 2-4 reizes gad\u0101.<\/p>\n<ul>\n<li><strong>Treni\u0146u nometnes pie Gen\u0101dija Sidorenko.<\/strong><\/li>\n<\/ul>\n<p>Dal\u012bbu var \u0146emt visi interesenti 4-5 reizes gad\u0101 pa 3-5 dien\u0101m.<br \/>\nNorit kop\u0161 2015 gada augusta.<\/p>\n<p><strong>Jauni turn\u012bri:<\/strong><\/p>\n<ul>\n<li>Studentu boulinga l\u012bga.<\/li>\n<li>Skolnieku boulinga l\u012bga.<\/li>\n<li>Latvijas Bru\u0146oto Sp\u0113ku \u010dempion\u0101ts.<\/li>\n<li>\u010cainik Open \u2013 \u0123imenes sacens\u012bbas.<\/li>\n<li>\u201cDuelis ar bumb\u0101m\u201d.<\/li>\n<\/ul>\n","protected":false},"excerpt":{"rendered":"<p>M\u016bsu turn\u012bri. Inform\u0101cija par \u00a02016-2017 gada\u00a0sezonu. Akt\u012bvie turn\u012bri: ABL All Star Game. Turn\u012brs, kur\u0101 \u0146em dal\u012bbu ABL divizionu lab\u0101kie sp\u0113l\u0113t\u0101ji. Notiek p\u0113c [&hellip;]<\/p>\n","protected":false},"author":1,"featured_media":399,"parent":0,"menu_order":0,"comment_status":"closed","ping_status":"closed","template":"","meta":{"_et_pb_use_builder":"","_et_pb_old_content":"","_et_gb_content_width":"","ngg_post_thumbnail":0,"footnotes":""},"class_list":["post-505","page","type-page","status-publish","has-post-thumbnail","hentry"],"aioseo_notices":[],"_links":{"self":[{"href":"https:\/\/www.vissparboulingu.lv\/laba\/wp-json\/wp\/v2\/pages\/505","targetHints":{"allow":["GET"]}}],"collection":[{"href":"https:\/\/www.vissparboulingu.lv\/laba\/wp-json\/wp\/v2\/pages"}],"about":[{"href":"https:\/\/www.vissparboulingu.lv\/laba\/wp-json\/wp\/v2\/types\/page"}],"author":[{"embeddable":true,"href":"https:\/\/www.vissparboulingu.lv\/laba\/wp-json\/wp\/v2\/users\/1"}],"replies":[{"embeddable":true,"href":"https:\/\/www.vissparboulingu.lv\/laba\/wp-json\/wp\/v2\/comments?post=505"}],"version-history":[{"count":4,"href":"https:\/\/www.vissparboulingu.lv\/laba\/wp-json\/wp\/v2\/pages\/505\/revisions"}],"predecessor-version":[{"id":593,"href":"https:\/\/www.vissparboulingu.lv\/laba\/wp-json\/wp\/v2\/pages\/505\/revisions\/593"}],"wp:featuredmedia":[{"embeddable":true,"href":"https:\/\/www.vissparboulingu.lv\/laba\/wp-json\/wp\/v2\/media\/399"}],"wp:attachment":[{"href":"https:\/\/www.vissparboulingu.lv\/laba\/wp-json\/wp\/v2\/media?parent=505"}],"curies":[{"name":"wp","href":"https:\/\/api.w.org\/{rel}","templated":true}]}}