{"id":51,"date":"2016-07-01T09:15:32","date_gmt":"2016-07-01T09:15:32","guid":{"rendered":"http:\/\/www.vissparboulingu.lv\/laba\/?page_id=51"},"modified":"2016-08-12T13:33:33","modified_gmt":"2016-08-12T13:33:33","slug":"par-mums","status":"publish","type":"page","link":"https:\/\/www.vissparboulingu.lv\/laba\/","title":{"rendered":"Par mums"},"content":{"rendered":"<p><strong>Latvijas Amatieru Boulinga Asoci\u0101cija (LABA)<\/strong> \u2013 ir ofici\u0101li re\u0123istr\u0113ta 2012.gada 8.mart\u0101. M\u016bsu organiz\u0101cija ir Latvijas Boulinga Feder\u0101cijas sast\u0101v\u0101.<\/p>\n<p>M\u016bsu darb\u012bbas sf\u0113r\u0101 ietilpst:<\/p>\n<ol start=\"1\">\n<li>Amatieru, studentu un skol\u0113nu sacens\u012bbu organiz\u0113\u0161ana.<\/li>\n<li>Boulinga k\u0101 viena no interesant\u0101kajiem, pieejam\u0101kajiem un popul\u0101r\u0101kajiem akt\u012bv\u0101s atp\u016btas veidiem populariz\u0101cija un propaganda.<\/li>\n<li>Visu soci\u0101lo un vecuma iedz\u012bvot\u0101ju grupu masveida iesaist\u012b\u0161ana regul\u0101r\u0101s boulinga sp\u0113l\u0113s.<\/li>\n<li>Akt\u012bva darb\u012bba Latvijas Boulinga Feder\u0101cij\u0101.<\/li>\n<\/ol>\n<p>M\u0113s neuzst\u0101d\u0101m m\u0113r\u0137i mekl\u0113t liel\u0101 sporta talantus, izveidot sporta skolas utt. M\u016bsu galven\u0101 ideja ir taj\u0101, lai, iesaistot m\u016bsu sacens\u012bb\u0101s p\u0113c iesp\u0113jas vair\u0101k cilv\u0113ku, nodro\u0161in\u0101t tiem maksim\u0101li komfortablus pa\u0161realiz\u0101cijas apst\u0101k\u013cus \u2013 katram atkar\u012bb\u0101 no iesp\u0113j\u0101m un v\u0113lm\u0113m. M\u0113s nepiepras\u0101m iev\u0113rojamu rezult\u0101tu sasnieg\u0161anu, past\u0101v\u012bgus treni\u0146us un dal\u012bbu vis\u0101s sacens\u012bb\u0101s p\u0113c k\u0101rtas.<\/p>\n<p>L\u012bdztekus m\u016bsu organiz\u0101cijas att\u012bst\u012bbai un dal\u012bbnieku skaita pieaugumam, auga ar\u012b daudzu m\u016bsu sp\u0113l\u0113t\u0101ju profesion\u0101lais l\u012bmenis. K\u0101d\u0101 br\u012bd\u012b k\u013cuva skaidrs, ka ir laiks dz\u0113st visas &#8220;sarkan\u0101s l\u012bnijas&#8221; un at\u013caut dal\u012bbu l\u012bg\u0101 visiem sp\u0113l\u0113t\u0101jiem. Prec\u012bz\u0101k &#8211; pievienot sev visu to, kas past\u0101v\u0113ja paral\u0113li.<\/p>\n<p>Dotaj\u0101 mirkl\u012b pie mums sp\u0113l\u0113t\u0101ji vairs netiek dal\u012bti amatieros un sportistos. Past\u0101v rekordliels dal\u012bbnieku skaits, kuri ir sadal\u012bti piecos divizionos, kur katrs j\u016btas komfortabli sp\u0113l\u0113jot ar sev l\u012bdz\u012bga l\u012bme\u0146a sp\u0113l\u0113t\u0101jiem.<\/p>\n<p>V\u0113l bez t\u0101, ka \u0161o da\u017eu gadu laik\u0101 esam izveidoju\u0161i dal\u012bbnieku skaita zi\u0146\u0101 pla\u0161\u0101ko l\u012bgu vis\u0101 Latvijas boulinga past\u0101v\u0113\u0161anas laik\u0101, esam ar\u012b att\u012bst\u012bju\u0161i v\u0113l papildus virzienus, un tie b\u016btu:<\/p>\n<ul>\n<li>tika atv\u0113rta b\u0113rnu &#8211; jaunie\u0161u kust\u012bba LABA Juniors, kur tiek apm\u0101c\u012bti b\u0113rni\/jaunie\u0161i sporta bouling\u0101.<\/li>\n<li>esam uzs\u0101ku\u0161i sadarb\u012bbu un regul\u0101ri notiek treni\u0146u nometnes pie viena no vado\u0161ajiem eiropas speci\u0101listiem Gen\u0101dija Sidorenko.<\/li>\n<li>esam izveidoju\u0161i m\u0101jas lapu vissparboulingu.lv, kas ir k\u013cuvis par galveno inform\u0101cijas avotu Latvijas bouling\u0101. \u012apa\u0161s paldies par to m\u016bsu l\u012bgas sp\u0113l\u0113t\u0101jam Edgaram Kobi\u013cukam &#8211; galvenajam \u0161\u012b projekta autoram.<\/li>\n<\/ul>\n<p>\u012apa\u0161i pat\u012bkami ir aptvert to, ka visi m\u016bsu p\u016bli\u0146i veicina att\u012bst\u012bbu.<\/p>\n<p>Da\u017ei m\u016bsu sp\u0113l\u0113t\u0101ji v\u0113l nesen \u012bsti nem\u0101c\u0113ja rok\u0101s tur\u0113t bumbu, \u0161odien jau izr\u0101da re\u0101lu konkurenci m\u016bsu sportistiem, kuriem ir liela pieredze.<\/p>\n<p>Mums ir pies\u0101tin\u0101ts sacens\u012bbu kalend\u0101rs priek\u0161 visa l\u012bme\u0146a sp\u0113l\u0113t\u0101jiem. LABA ir viens no akt\u012bv\u0101kajiem dal\u012bbniekiem, organiz\u0113jot liel\u0101ko da\u013cu visu sacens\u012bbu.<\/p>\n<p>Papildus m\u0113s \u0146emam akt\u012bvu dal\u012bbu Latvijas Boulinga Feder\u0101cijas darb\u0101.<\/p>\n<p>Tom\u0113r galvenais m\u016bsu darb\u012bbas virziens ir amatieru sports.<\/p>\n<p>M\u016bsu kust\u012bba \u2013 t\u0101 ir ar\u012b laba iesp\u0113ja iev\u0113rojami papla\u0161in\u0101t savu pazi\u0146u loku, ieg\u016bt jaunus paz\u012bstamos, draugus un pat biznesa partnerus, sa\u0146emt papildus rekl\u0101mu savai organiz\u0101cijai. Pie mums sp\u0113l\u0113: gan vienk\u0101r\u0161i darbinieki, gan lielu uz\u0146\u0113mumu vad\u012bt\u0101ji, gan m\u0101jsaimnieces, gan ier\u0113d\u0146i, gan profesori, gan studenti, policisti un biznesme\u0146i, skol\u0113ni un pension\u0101ri. Savuk\u0101rt, m\u016bsu turn\u012bri k\u013c\u016bst par \u012bstiem sv\u0113tkiem visiem dal\u012bbniekiem.<\/p>\n<p>Draugi, izmetiet no galvas domas, ka boulings &#8211; tas nav priek\u0161 manis. Vajag vienk\u0101r\u0161i atn\u0101kt un paprov\u0113t.<\/p>\n<p>Pie mums J\u016bs var\u0113siet ne tikai labi un akt\u012bvi pavad\u012bt br\u012bvo laiku, bet ar\u012b atrast sava l\u012bme\u0146a pretiniekus. Sa\u0146emsiet daudz labu emociju un papildus adrenal\u012bna devu. Ja Jums iepatiksies var\u0113siet att\u012bst\u012bt savas boulinga sp\u0113les prasmes izmantojot m\u016bsu instruktorus un pieredzi, ko ieg\u016bsiet sp\u0113l\u0113jot pie mums. Pavisam dr\u012bz sp\u0113siet p\u0101rsteigt savus draugus uz boulinga celi\u0146iem.<\/p>\n<p>M\u0113s nov\u0113rs\u012bsim J\u016bsu uzman\u012bbu no vakara sviestmaiz\u0113m pie televizora ekr\u0101na, pied\u0101v\u0101jot t\u0101 viet\u0101 kust\u012bbu, kuras Jums visdr\u012bz\u0101k pietr\u016bkst, turkl\u0101t bez \u012bpa\u0161as piep\u016bles, pat\u012bkam\u0101 un komfortabl\u0101 atmosf\u0113r\u0101. Pie mums j\u016bs sa\u0146emsiet pozit\u012bvu emociju l\u0101di\u0146u un samazin\u0101siet stresa l\u012bmeni p\u0113c saspringta darba vai m\u0101c\u012bb\u0101m. J\u016bs sa\u0146emat jaunu noder\u012bgu aizrau\u0161anos, no kuras v\u0113l\u0101k negrib\u0113siet atteikties, bet J\u016bsu b\u0113rnu uzman\u012bbu\u00a0 m\u0113s pal\u012bdz\u0113sim nov\u0113rst no ielas, t\u0101d\u0113j\u0101di pasarg\u0101jot no k\u0101rdino\u0161\u0101m nodarb\u0113m, kur\u0101m ir nopietnas sekas.<\/p>\n<p>Vispirms Jums ir j\u0101atsak\u0101s no domas, ka boulings &#8211; tas ir d\u0101rgi. Pie mums tas nav nemaz tik d\u0101rgi. Atn\u0101ciet un p\u0101rliecinieties par to.<\/p>\n<p>J\u016bs var\u0113siet \u0146emt dal\u012bbu gan individu\u0101laj\u0101s, gan komandu sacens\u012bb\u0101s. Komandu j\u016bs varat izveidot pa\u0161i. T\u0101 var sast\u0101v\u0113t no \u0123imenes locek\u013ciem, draugiem, darba kol\u0113\u0123iem, kursa biedriem utt. Ja Jums nesan\u0101k komandu izveidot saviem sp\u0113kiem, m\u0113s jums varam taj\u0101 pal\u012bdz\u0113t.<\/p>\n<p>Lai k\u013c\u016btu par m\u016bsu kust\u012bbas dal\u012bbnieku, vienk\u0101r\u0161i sazinieties ar mums.<\/p>\n<p>e-pasts:\u00a0<a href=\"mailto:boulingslv@gmail.com\" rel=\"noreferrer\">boulingslv@gmail.com<\/a><br \/>\nT\u0101lr.: (+371) 29505900<\/p>\n<p><strong>J\u016bsu LABA<\/strong><\/p>\n","protected":false},"excerpt":{"rendered":"<p>Latvijas Amatieru Boulinga Asoci\u0101cija (LABA) \u2013 ir ofici\u0101li re\u0123istr\u0113ta 2012.gada 8.mart\u0101. M\u016bsu organiz\u0101cija ir Latvijas Boulinga Feder\u0101cijas sast\u0101v\u0101. M\u016bsu darb\u012bbas sf\u0113r\u0101 ietilpst: [&hellip;]<\/p>\n","protected":false},"author":1,"featured_media":42,"parent":43,"menu_order":1,"comment_status":"closed","ping_status":"closed","template":"","meta":{"_et_pb_use_builder":"","_et_pb_old_content":"","_et_gb_content_width":"","ngg_post_thumbnail":0,"footnotes":""},"class_list":["post-51","page","type-page","status-publish","has-post-thumbnail","hentry"],"aioseo_notices":[],"_links":{"self":[{"href":"https:\/\/www.vissparboulingu.lv\/laba\/wp-json\/wp\/v2\/pages\/51","targetHints":{"allow":["GET"]}}],"collection":[{"href":"https:\/\/www.vissparboulingu.lv\/laba\/wp-json\/wp\/v2\/pages"}],"about":[{"href":"https:\/\/www.vissparboulingu.lv\/laba\/wp-json\/wp\/v2\/types\/page"}],"author":[{"embeddable":true,"href":"https:\/\/www.vissparboulingu.lv\/laba\/wp-json\/wp\/v2\/users\/1"}],"replies":[{"embeddable":true,"href":"https:\/\/www.vissparboulingu.lv\/laba\/wp-json\/wp\/v2\/comments?post=51"}],"version-history":[{"count":2,"href":"https:\/\/www.vissparboulingu.lv\/laba\/wp-json\/wp\/v2\/pages\/51\/revisions"}],"predecessor-version":[{"id":462,"href":"https:\/\/www.vissparboulingu.lv\/laba\/wp-json\/wp\/v2\/pages\/51\/revisions\/462"}],"up":[{"embeddable":true,"href":"https:\/\/www.vissparboulingu.lv\/laba\/wp-json\/wp\/v2\/pages\/43"}],"wp:featuredmedia":[{"embeddable":true,"href":"https:\/\/www.vissparboulingu.lv\/laba\/wp-json\/wp\/v2\/media\/42"}],"wp:attachment":[{"href":"https:\/\/www.vissparboulingu.lv\/laba\/wp-json\/wp\/v2\/media?parent=51"}],"curies":[{"name":"wp","href":"https:\/\/api.w.org\/{rel}","templated":true}]}}