{"id":528,"date":"2017-07-26T21:15:55","date_gmt":"2017-07-26T21:15:55","guid":{"rendered":"http:\/\/www.vissparboulingu.lv\/laba\/?page_id=528"},"modified":"2018-12-10T15:38:22","modified_gmt":"2018-12-10T15:38:22","slug":"normativi","status":"publish","type":"page","link":"https:\/\/www.vissparboulingu.lv\/laba\/normativi\/","title":{"rendered":"Normat\u012bvi"},"content":{"rendered":"<p style=\"text-align: center;\"><b>Pras\u012bbas par individu\u0101lo normat\u012bvu izpild\u012b\u0161anu sporta bouling\u0101<\/b><br \/>\n<b>priek\u0161 LABA sp\u0113l\u0113t\u0101jiem.<\/b><\/p>\n<p><a href=\"http:\/\/www.vissparboulingu.lv\/laba\/wp-content\/uploads\/2017\/07\/Normativi-LABA-2.pdf\">NORMAT\u012aVI<\/a>\u00a0&#8211; 06.11.2017<\/p>\n<p>Normat\u012bvi izstr\u0101d\u0101ti Latvijas Amatieru Boulinga Asoci\u0101cij\u0101 ar m\u0113r\u0137i veicin\u0101t sp\u0113l\u0113t\u0101ju izaugsmi.<br \/>\n\u0160\u012b normat\u012bvu sist\u0113ma ir kluba projekts. Normat\u012bvi un rangi tiks piem\u0113roti tikai LABA biedriem.<\/p>\n<p>&nbsp;<\/p>\n<p style=\"text-align: left;\">* <strong>Kar\u012bna Maslova<\/strong> &#8211; Starptautisk\u0101s klases treneris;\u00a0\u00a0<a href=\"http:\/\/www.vissparboulingu.lv\/laba\/wp-content\/uploads\/2017\/07\/Karina-Maslova.pdf\">Karina Maslova &#8211; Sertifik\u0101ts<\/a><\/p>\n<p style=\"text-align: left;\">* <strong>Marija \u013bevikina (Tka\u010denko)<\/strong> &#8211;\u00a0Starptautisk\u0101s sporta meistars klases ieg\u016bv\u0113ja;\u00a0<a href=\"http:\/\/www.vissparboulingu.lv\/laba\/wp-content\/uploads\/2017\/07\/Marija-Tka\u010denko.pdf\">Marija Tka\u010denko &#8211; Sertifik\u0101ts<\/a><\/p>\n<p style=\"text-align: left;\">* <strong>P\u0113teris Cimdi\u0146\u0161<\/strong> &#8211; Sporta meistars klases ieg\u016bv\u0113js;\u00a0<a href=\"http:\/\/www.vissparboulingu.lv\/laba\/wp-content\/uploads\/2017\/07\/P\u0113teris-Cimdi\u0146\u0161.pdf\">P\u0113teris Cimdi\u0146\u0161 &#8211; Sertifik\u0101ts<\/a><\/p>\n<p style=\"text-align: left;\">* <strong>Aivars Be\u013cickis<\/strong> &#8211; 3.sporta\u00a0klases ieg\u016bv\u0113js;\u00a0<a href=\"http:\/\/www.vissparboulingu.lv\/laba\/wp-content\/uploads\/2017\/07\/Aivars-Be\u013cickis-1.pdf\">Aivars Be\u013cickis &#8211; Sertifik\u0101ts<\/a><\/p>\n<p style=\"text-align: left;\">* <strong>Anita Valdmane<\/strong> &#8211;\u00a03.sporta\u00a0klases ieg\u016bv\u0113ja;\u00a0<a href=\"http:\/\/www.vissparboulingu.lv\/laba\/wp-content\/uploads\/2017\/07\/Anita-Valdmane.pdf\">Anita Valdmane &#8211; Sertifik\u0101ts<\/a><\/p>\n<p style=\"text-align: left;\">* <strong>Dmitrijs Dumcevs<\/strong> &#8211;\u00a03.sporta\u00a0klases ieg\u016bv\u0113js;\u00a0<a href=\"http:\/\/www.vissparboulingu.lv\/laba\/wp-content\/uploads\/2017\/07\/Dmitrijs-Dumcevs.pdf\">Dmitrijs Dumcevs &#8211; Sertifik\u0101ts<\/a><\/p>\n<p style=\"text-align: left;\">* <strong>L\u012bva Vaivade<\/strong> &#8211;\u00a03.sporta\u00a0klases ieg\u016bv\u0113ja;\u00a0<a href=\"http:\/\/www.vissparboulingu.lv\/laba\/wp-content\/uploads\/2017\/07\/L\u012bva-Vaivade.pdf\">L\u012bva Vaivade &#8211; Sertifik\u0101ts<\/a><\/p>\n<p style=\"text-align: left;\">* <strong>M\u0101rti\u0146\u0161 Vilnis<\/strong> &#8211;\u00a03.sporta\u00a0klases ieg\u016bv\u0113js;\u00a0<a href=\"http:\/\/www.vissparboulingu.lv\/laba\/wp-content\/uploads\/2017\/07\/M\u0101rti\u0146\u0161-Vilnis.pdf\">M\u0101rti\u0146\u0161 Vilnis &#8211; Sertifik\u0101ts<\/a><\/p>\n<p style=\"text-align: left;\">* <strong>Toms Pultraks<\/strong> &#8211;\u00a03.sporta\u00a0klases ieg\u016bv\u0113js;\u00a0<a href=\"http:\/\/www.vissparboulingu.lv\/laba\/wp-content\/uploads\/2017\/07\/Toms-Pultraks.pdf\">Toms Pultraks &#8211; Sertifik\u0101ts<\/a><\/p>\n<p style=\"text-align: left;\">* <strong>Vladimirs Lagunovs<\/strong> &#8211;\u00a03.sporta\u00a0klases ieg\u016bv\u0113js;\u00a0<a href=\"http:\/\/www.vissparboulingu.lv\/laba\/wp-content\/uploads\/2017\/07\/Vladimirs-Lagunov.pdf\">Vladimirs Lagunovs &#8211; Sertifik\u0101ts<\/a><\/p>\n<p style=\"text-align: left;\">* <strong>\u0160arlote Stari\u0146a<\/strong> &#8211; 1.jaunie\u0161u\u00a0klases ieg\u016bv\u0113ja.\u00a0<a href=\"http:\/\/www.vissparboulingu.lv\/laba\/wp-content\/uploads\/2017\/07\/\u0160arlote-Stari\u0146a.pdf\">\u0160arlote Stari\u0146a &#8211; Sertifik\u0101ts<\/a><\/p>\n<p>&nbsp;<\/p>\n<p>LABA Sertifik\u0101tu sa\u0146\u0113m\u0113ju bildes: <a href=\"https:\/\/www.vissparboulingu.lv\/video\/laba-sertifikatu-sanemeji\/\">LABA Sertifik\u0101tu sa\u0146\u0113m\u0113ji<\/a><\/p>\n<hr \/>\n<p style=\"text-align: center;\"><b>\u0422\u0440\u0435\u0431\u043e\u0432\u0430\u043d\u0438\u044f \u0434\u043b\u044f \u0432\u044b\u043f\u043e\u043b\u043d\u0435\u043d\u0438\u044f \u043b\u0438\u0447\u043d\u044b\u0445 \u043d\u043e\u0440\u043c\u0430\u0442\u0438\u0432\u043e\u0432<\/b><br \/>\n<b>\u043f\u043e \u0441\u043f\u043e\u0440\u0442\u0438\u0432\u043d\u043e\u043c\u0443 \u0431\u043e\u0443\u043b\u0438\u043d\u0433\u0443 \u0434\u043b\u044f \u0438\u0433\u0440\u043e\u043a\u043e\u0432 LABA<\/b><\/p>\n<p style=\"text-align: left;\"><a href=\"http:\/\/www.vissparboulingu.lv\/laba\/wp-content\/uploads\/2017\/07\/\u041d\u043e\u0440\u043c\u0430\u0442\u0438\u0432\u044b-LABA-2.pdf\">\u041d\u041e\u0420\u041c\u0410\u0422\u0418\u0412\u042b<\/a>\u00a0&#8211; 06.11.2017<\/p>\n<p>\u0414\u0430\u043d\u043d\u044b\u0435 \u043d\u043e\u0440\u043c\u0430\u0442\u0438\u0432\u044b \u0440\u0430\u0437\u0440\u0430\u0431\u043e\u0442\u0430\u043d\u044b \u041b\u0430\u0442\u0432\u0438\u0439\u0441\u043a\u043e\u0439 \u0410\u0441\u0441\u043e\u0446\u0438\u0430\u0446\u0438\u0435\u0439 \u041b\u044e\u0431\u0438\u0442\u0435\u043b\u044c\u0441\u043a\u043e\u0433\u043e \u0431\u043e\u0443\u043b\u0438\u043d\u0433\u0430 \u0441 \u0446\u0435\u043b\u044c\u044e \u0441\u0442\u0438\u043c\u0443\u043b\u0438\u0440\u043e\u0432\u0430\u043d\u0438\u044f \u0440\u043e\u0441\u0442\u0430 \u043c\u0430\u0441\u0442\u0435\u0440\u0441\u0442\u0432\u0430 \u0441\u0432\u043e\u0438\u0445 \u0438\u0433\u0440\u043e\u043a\u043e\u0432. \u042d\u0442\u0430 \u0441\u0438\u0441\u0442\u0435\u043c\u0430 \u043d\u043e\u0440\u043c\u0430\u0442\u0438\u0432\u043e\u0432 \u044f\u0432\u043b\u044f\u0435\u0442\u0441\u044f \u0432\u043d\u0443\u0442\u0440\u0435\u043d\u043d\u0438\u043c \u043f\u0440\u043e\u0435\u043a\u0442\u043e\u043c LABA. \u041d\u043e\u0440\u043c\u0430\u0442\u0438\u0432\u044b \u0438 \u0437\u0432\u0430\u043d\u0438\u044f \u043f\u0440\u0438\u0441\u0443\u0436\u0434\u0430\u044e\u0442\u0441\u044f \u0442\u043e\u043b\u044c\u043a\u043e \u0447\u043b\u0435\u043d\u0430\u043c LABA.<\/p>\n","protected":false},"excerpt":{"rendered":"<p>Pras\u012bbas par individu\u0101lo normat\u012bvu izpild\u012b\u0161anu sporta bouling\u0101 priek\u0161 LABA sp\u0113l\u0113t\u0101jiem. NORMAT\u012aVI\u00a0&#8211; 06.11.2017 Normat\u012bvi izstr\u0101d\u0101ti Latvijas Amatieru Boulinga Asoci\u0101cij\u0101 ar m\u0113r\u0137i veicin\u0101t sp\u0113l\u0113t\u0101ju [&hellip;]<\/p>\n","protected":false},"author":1,"featured_media":518,"parent":0,"menu_order":0,"comment_status":"closed","ping_status":"closed","template":"","meta":{"_et_pb_use_builder":"","_et_pb_old_content":"","_et_gb_content_width":"","ngg_post_thumbnail":0,"footnotes":""},"class_list":["post-528","page","type-page","status-publish","has-post-thumbnail","hentry"],"aioseo_notices":[],"_links":{"self":[{"href":"https:\/\/www.vissparboulingu.lv\/laba\/wp-json\/wp\/v2\/pages\/528","targetHints":{"allow":["GET"]}}],"collection":[{"href":"https:\/\/www.vissparboulingu.lv\/laba\/wp-json\/wp\/v2\/pages"}],"about":[{"href":"https:\/\/www.vissparboulingu.lv\/laba\/wp-json\/wp\/v2\/types\/page"}],"author":[{"embeddable":true,"href":"https:\/\/www.vissparboulingu.lv\/laba\/wp-json\/wp\/v2\/users\/1"}],"replies":[{"embeddable":true,"href":"https:\/\/www.vissparboulingu.lv\/laba\/wp-json\/wp\/v2\/comments?post=528"}],"version-history":[{"count":11,"href":"https:\/\/www.vissparboulingu.lv\/laba\/wp-json\/wp\/v2\/pages\/528\/revisions"}],"predecessor-version":[{"id":627,"href":"https:\/\/www.vissparboulingu.lv\/laba\/wp-json\/wp\/v2\/pages\/528\/revisions\/627"}],"wp:featuredmedia":[{"embeddable":true,"href":"https:\/\/www.vissparboulingu.lv\/laba\/wp-json\/wp\/v2\/media\/518"}],"wp:attachment":[{"href":"https:\/\/www.vissparboulingu.lv\/laba\/wp-json\/wp\/v2\/media?parent=528"}],"curies":[{"name":"wp","href":"https:\/\/api.w.org\/{rel}","templated":true}]}}