{"id":533,"date":"2017-07-26T23:12:38","date_gmt":"2017-07-26T23:12:38","guid":{"rendered":"http:\/\/www.vissparboulingu.lv\/laba\/?page_id=533"},"modified":"2025-08-01T13:36:21","modified_gmt":"2025-08-01T13:36:21","slug":"ziedojumi","status":"publish","type":"page","link":"https:\/\/www.vissparboulingu.lv\/laba\/ziedojumi\/","title":{"rendered":"Ziedojumi"},"content":{"rendered":"<p><strong>Latvijas Amatieru Boulinga Asoci\u0101cija<\/strong><strong>&nbsp;b\u016bs pateic\u012bga visiem, kuri v\u0113l\u0113sies pal\u012bdz\u0113t un veiks ziedojumu m\u016bsu organiz\u0101cijas att\u012bst\u012bbas veicin\u0101\u0161anai.<\/strong><\/p>\n<p>J\u016bsu ziedojumi tiks novirz\u012bti uz boulinga att\u012bst\u012bbas veicin\u0101\u0161anu LABA organiz\u0101cijas darb\u012bbas ietvaros:<\/p>\n<ul>\n<li>b\u0113rnu &#8211; jaunie\u0161u boulinga skolas LABA Juniors atbalstam;<\/li>\n<li>amatieru kust\u012bbas (ABL) atbalstam un papla\u0161in\u0101\u0161anas veicin\u0101\u0161anai;<\/li>\n<li>treni\u0146u nomet\u0146u organiz\u0113\u0161ana;<\/li>\n<li>LABA kluba biedru atbalstam gatavojoties Latvijas un starptautiskajiem&nbsp;\u010dempion\u0101tiem;<\/li>\n<li>atbalsts un LABA informat\u012bv\u0101s platformas att\u012bst\u012bbas veicin\u0101\u0161ana;<\/li>\n<li>kluba pas\u0101kumu un sacens\u012bbu organiz\u0113\u0161ana;<\/li>\n<li>kluba t-kreklu un citas atrib\u016btikas izgatavo\u0161ana;<\/li>\n<li>da\u017e\u0101du sp\u0113l\u0113t\u0101jiem dom\u0101tu balvu apmaksa.<\/li>\n<\/ul>\n<p>J\u016bs varat veikt ziedojumu konkr\u0113tam m\u0113r\u0137im &#8211; pas\u0101kums, projekts;<\/p>\n<p>Ziedot var gan juridiskas, gan fiziskas personas.<\/p>\n<ul>\n<li>Juridisk\u0101s personas var ziedot, atskaitot ziedojuma summu&nbsp;no gada apliekamo ar nodokli ien\u0101kumu apjoma&nbsp;\u2013 l\u012bdz 20% no nodok\u013cu summas.<\/li>\n<\/ul>\n<p><strong>Latvijas Amatieru Boulinga Asoci\u0101cijas&nbsp;<\/strong>at\u013cauju sa\u0146emt ziedojumus varat apskat\u012bt \u0161eit:&nbsp;<a href=\"https:\/\/www6.vid.gov.lv\/VID_PDB\/SLO\"><strong>https:\/\/www6.vid.gov.lv\/VID_PDB\/SLO<\/strong><\/a><\/p>\n<p>Nosaukums:&nbsp;&nbsp;&nbsp;&nbsp;&nbsp;&nbsp;&nbsp;&nbsp;&nbsp;&nbsp;&nbsp;&nbsp;&nbsp;&nbsp;&nbsp;&nbsp;&nbsp;&nbsp;&nbsp;&nbsp;&nbsp;&nbsp;&nbsp; &nbsp;Latvijas Amatieru Boulinga Asoci\u0101cija<br \/>\nRe\u0123istr\u0101cijas numurs:&nbsp;&nbsp;&nbsp;&nbsp;&nbsp;&nbsp;&nbsp; 40008191121<br \/>\nDarb\u012bbas joma:&nbsp;&nbsp;&nbsp;&nbsp;&nbsp;&nbsp;&nbsp;&nbsp;&nbsp;&nbsp;&nbsp;&nbsp;&nbsp;&nbsp;&nbsp;&nbsp;&nbsp;&nbsp; Sporta atbalst\u012b\u0161ana<\/p>\n<ul>\n<li>Fiziskas personas var veikt ziedojumu p\u0113c saviem ieskatiem. Jebkur\u0101 br\u012bd\u012b, jebkur\u0101 apm\u0113r\u0101 un jebkur\u0101 \u0113rt\u0101 form\u0101.<\/li>\n<\/ul>\n<p><strong>Uzman\u012bbu!<\/strong><\/p>\n<p><strong>LABA<\/strong><strong>&nbsp;pied\u0101v\u0101 sekojo\u0161us noteikumus sp\u0113l\u0113t\u0101jiem.<\/strong><\/p>\n<p><strong>Ikkatrs, kur\u0161 atbalst\u012bs finansi\u0101li no savas organiz\u0101cijas (uz\u0146\u0113muma) vai pal\u012bdz\u0113s atbalstu no tre\u0161aj\u0101m person\u0101m, sa\u0146ems &#8220;sp\u0113\u013cu bonusu&#8221; 50% apm\u0113r\u0101 no atbalst\u012bt\u0101s summas. Tas noz\u012bm\u0113, ka sp\u0113l\u0113t\u0101jam (komandai, sp\u0113l\u0113t\u0101ju grupai) par \u0161o summu LABA organiz\u0101cij\u0101 veidojas virtu\u0101lais uzkr\u0101jums un sp\u0113l\u0113t\u0101js var izmantot \u0161o virtu\u0101lo uzkr\u0101jumu atlaid\u0113m dal\u012bbai sacens\u012bb\u0101s vai treni\u0146os, k\u0101 ar\u012b atlaides sa\u0146em\u0161anai jebkur\u0101 no LABA organiz\u0113tajiem pas\u0101kumiem.<\/strong><\/p>\n<p>e-pasts:&nbsp;<a href=\"mailto:boulingslv@gmail.com\">boulingslv@gmail.com<\/a><br \/>\nT\u0101lr.: (+371) 20092131; (+371) 29505900<\/p>\n<hr>\n<p><strong>Latvijas Amatieru Boulinga Asoci\u0101cija<\/strong><strong> \u0431\u0443\u0434\u0435\u0442 \u043f\u0440\u0438\u0437\u043d\u0430\u0442\u0435\u043b\u044c\u043d\u0430 \u0432\u0441\u0435\u043c, \u043a\u0442\u043e \u0437\u0430\u0445\u043e\u0447\u0435\u0442 \u043e\u043a\u0430\u0437\u0430\u0442\u044c \u043f\u043e\u043c\u043e\u0449\u044c \u0438 \u0441\u0434\u0435\u043b\u0430\u0435\u0442 \u043f\u043e\u0436\u0435\u0440\u0442\u0432\u043e\u0432\u0430\u043d\u0438\u044f \u043d\u0430 \u043f\u043e\u0434\u0434\u0435\u0440\u0436\u043a\u0443 \u0438 \u0440\u0430\u0437\u0432\u0438\u0442\u0438\u0435 \u043d\u0430\u0448\u0435\u0439 \u043e\u0440\u0433\u0430\u043d\u0438\u0437\u0430\u0446\u0438\u0438.<\/strong><\/p>\n<p><u>\u0412\u0430\u0448\u0438 \u043f\u043e\u0436\u0435\u0440\u0442\u0432\u043e\u0432\u0430\u043d\u0438\u0435 \u043f\u043e\u0439\u0434\u0443\u0442 \u043d\u0430 \u0440\u0430\u0437\u0432\u0438\u0442\u0438\u0435 \u0431\u043e\u0443\u043b\u0438\u043d\u0433\u0430 \u0432 \u0440\u0430\u043c\u043a\u0430\u0445 \u043f\u0440\u043e\u0444\u0438\u043b\u044c\u043d\u043e\u0439 \u0434\u0435\u044f\u0442\u0435\u043b\u044c\u043d\u043e\u0441\u0442\u0438 <\/u><u>LABA<\/u><u>: <\/u><\/p>\n<p>&#8211; \u043f\u043e\u0434\u0434\u0435\u0440\u0436\u043a\u0443 \u0434\u0435\u0442\u0441\u043a\u043e-\u044e\u043d\u043e\u0448\u0435\u0441\u043a\u043e\u0439 \u0448\u043a\u043e\u043b\u044b LABA Juniors;<br \/>\n&#8211; \u043f\u043e\u0434\u0434\u0435\u0440\u0436\u043a\u0443 \u0438 \u0440\u0430\u0441\u0448\u0438\u0440\u0435\u043d\u0438\u0435 \u043b\u044e\u0431\u0438\u0442\u0435\u043b\u044c\u0441\u043a\u043e\u0433\u043e \u0434\u0432\u0438\u0436\u0435\u043d\u0438\u044f (ABL);<br \/>\n&#8211; \u043e\u0440\u0433\u0430\u043d\u0438\u0437\u0430\u0446\u0438\u044e \u0442\u0440\u0435\u043d\u0438\u0440\u043e\u0432\u043e\u0447\u043d\u044b\u0445 \u043b\u0430\u0433\u0435\u0440\u0435\u0439;<br \/>\n&#8211; \u043f\u043e\u043c\u043e\u0449\u044c \u0438\u0433\u0440\u043e\u043a\u0430\u043c LABA \u0432 \u043f\u043e\u0434\u0433\u043e\u0442\u043e\u0432\u043a\u0435 \u0438 \u0443\u0447\u0430\u0441\u0442\u0438\u0438 \u0432 \u043b\u0430\u0442\u0432\u0438\u0439\u0441\u043a\u0438\u0445 \u0438 \u043c\u0435\u0436\u0434\u0443\u043d\u0430\u0440\u043e\u0434\u043d\u044b\u0445 \u0441\u043e\u0440\u0435\u0432\u043d\u043e\u0432\u0430\u043d\u0438\u044f\u0445;<br \/>\n&#8211; \u043f\u043e\u0434\u0434\u0435\u0440\u0436\u043a\u0443 \u0438 \u0440\u0430\u0437\u0432\u0438\u0442\u0438\u0435 \u0438\u043d\u0444\u043e\u0440\u043c\u0430\u0446\u0438\u043e\u043d\u043d\u043e\u0433\u043e \u043f\u043e\u043b\u044f LABA;<br \/>\n&#8211; \u043e\u0440\u0433\u0430\u043d\u0438\u0437\u0430\u0446\u0438\u044e \u0432\u043d\u0443\u0442\u0440\u0438 \u043a\u043b\u0443\u0431\u043d\u044b\u0445 \u043c\u0435\u0440\u043e\u043f\u0440\u0438\u044f\u0442\u0438\u0439 \u0438 \u0441\u043e\u0440\u0435\u0432\u043d\u043e\u0432\u0430\u043d\u0438\u0439;<br \/>\n&#8211; \u0438\u0437\u0433\u043e\u0442\u043e\u0432\u043b\u0435\u043d\u0438\u0435 \u043a\u043b\u0443\u0431\u043d\u044b\u0445 \u043c\u0430\u0435\u043a \u0438 \u0434\u0440\u0443\u0433\u043e\u0439 \u0430\u0442\u0440\u0438\u0431\u0443\u0442\u0438\u043a\u0438;<br \/>\n&#8211; \u043e\u043f\u043b\u0430\u0442\u0443 \u0440\u0430\u0437\u043b\u0438\u0447\u043d\u044b\u0445 \u043f\u0440\u0438\u0437\u043e\u0432 \u0434\u043b\u044f \u0438\u0433\u0440\u043e\u043a\u043e\u0432;<br \/>\n\u0412\u044b \u0442\u0430\u043a \u0436\u0435 \u043c\u043e\u0436\u0435\u0442\u0435 \u0441\u0434\u0435\u043b\u0430\u0442\u044c \u0446\u0435\u043b\u0435\u0432\u043e\u0435 \u043f\u043e\u0436\u0435\u0440\u0442\u0432\u043e\u0432\u0430\u043d\u0438\u0435 \u2013 \u043d\u0430 \u043a\u043e\u043d\u043a\u0440\u0435\u0442\u043d\u043e\u0435 \u0434\u0435\u043b\u043e, \u043c\u0435\u0440\u043e\u043f\u0440\u0438\u044f\u0442\u0438\u0435, \u043f\u0440\u043e\u0435\u043a\u0442.<\/p>\n<p>\u041f\u043e\u0436\u0435\u0440\u0442\u0432\u043e\u0432\u0430\u043d\u0438\u044f \u043c\u043e\u0433\u0443\u0442 \u0434\u0435\u043b\u0430\u0442\u044c \u043a\u0430\u043a \u044e\u0440\u0438\u0434\u0438\u0447\u0435\u0441\u043a\u0438\u0435 \u0442\u0430\u043a \u0438 \u0447\u0430\u0441\u0442\u043d\u044b\u0435 \u043b\u0438\u0446\u0430.<\/p>\n<ul>\n<li>Juridisk\u0101s personas var ziedot, atskaitot ziedojuma summu&nbsp;no gada apliekamo ar nodokli ien\u0101kumu apjoma&nbsp;\u2013 l\u012bdz 20% no nodok\u013cu summas.<\/li>\n<\/ul>\n<p><strong>\u0420<\/strong><strong>\u0430\u0437\u0440\u0435\u0448\u0435\u043d\u0438\u0435 \u043d\u0430 \u043f\u043e\u043b\u0443\u0447\u0435\u043d\u0438\u0435 \u043f\u043e\u0436\u0435\u0440\u0442\u0432\u043e\u0432\u0430\u043d\u0438\u0439 Latvijas Amatieru Boulinga Asoci\u0101cija <\/strong><strong>\u043c\u043e\u0436\u043d\u043e \u043f\u0440\u043e\u0432\u0435\u0440\u0438\u0442\u044c \u0437\u0434\u0435\u0441\u044c: <\/strong><a href=\"https:\/\/www6.vid.gov.lv\/VID_PDB\/SLO\"><strong>https:\/\/www6.vid.gov.lv\/VID_PDB\/SLO<\/strong><\/a><\/p>\n<p>Nosaukums:&nbsp;&nbsp;&nbsp;&nbsp;&nbsp;&nbsp;&nbsp;&nbsp;&nbsp;&nbsp;&nbsp;&nbsp;&nbsp;&nbsp;&nbsp;&nbsp;&nbsp;&nbsp;&nbsp;&nbsp;&nbsp;&nbsp;&nbsp; &nbsp;Latvijas Amatieru Boulinga Asoci\u0101cija<br \/>\nRe\u0123istr\u0101cijas numurs:&nbsp;&nbsp;&nbsp;&nbsp;&nbsp;&nbsp;&nbsp; 40008191121<br \/>\nDarb\u012bbas joma:&nbsp;&nbsp;&nbsp;&nbsp;&nbsp;&nbsp;&nbsp;&nbsp;&nbsp;&nbsp;&nbsp;&nbsp;&nbsp;&nbsp;&nbsp;&nbsp;&nbsp;&nbsp; Sporta atbalst\u012b\u0161ana<\/p>\n<ul>\n<li>\u0427\u0430\u0441\u0442\u043d\u044b\u0435 \u043b\u0438\u0446\u0430 \u043c\u043e\u0433\u0443\u0442 \u0434\u0435\u043b\u0430\u0442\u044c \u043f\u043e\u0436\u0435\u0440\u0442\u0432\u043e\u0432\u0430\u043d\u0438\u044e \u043f\u043e \u0441\u0432\u043e\u0435\u043c\u0443 \u0443\u0441\u043c\u043e\u0442\u0440\u0435\u043d\u0438\u044e. \u0412 \u043b\u044e\u0431\u043e\u0439 \u043c\u043e\u043c\u0435\u043d\u0442, \u0432 \u043b\u044e\u0431\u043e\u043c \u0440\u0430\u0437\u043c\u0435\u0440\u0435 \u0438 \u0432 \u043b\u044e\u0431\u043e\u0439 \u0443\u0434\u043e\u0431\u043d\u043e\u0439 \u0444\u043e\u0440\u043c\u0435.<\/li>\n<\/ul>\n<p><u>\u041d\u0430\u0448\u0438 \u043a\u043e\u043d\u0442\u0430\u043a\u0442\u044b<\/u>:<br \/>\ne-pasts: <a href=\"mailto:boulingslv@gmail.com\">boulingslv@gmail.com<\/a><br \/>\nT\u0101lr.: (+371) 20092131; (+371) 29505900<\/p>\n","protected":false},"excerpt":{"rendered":"<p>Latvijas Amatieru Boulinga Asoci\u0101cija&nbsp;b\u016bs pateic\u012bga visiem, kuri v\u0113l\u0113sies pal\u012bdz\u0113t un veiks ziedojumu m\u016bsu organiz\u0101cijas att\u012bst\u012bbas veicin\u0101\u0161anai. J\u016bsu ziedojumi tiks novirz\u012bti uz boulinga [&hellip;]<\/p>\n","protected":false},"author":1,"featured_media":518,"parent":0,"menu_order":0,"comment_status":"closed","ping_status":"closed","template":"","meta":{"_et_pb_use_builder":"","_et_pb_old_content":"","_et_gb_content_width":"","ngg_post_thumbnail":0,"footnotes":""},"class_list":["post-533","page","type-page","status-publish","has-post-thumbnail","hentry"],"aioseo_notices":[],"_links":{"self":[{"href":"https:\/\/www.vissparboulingu.lv\/laba\/wp-json\/wp\/v2\/pages\/533","targetHints":{"allow":["GET"]}}],"collection":[{"href":"https:\/\/www.vissparboulingu.lv\/laba\/wp-json\/wp\/v2\/pages"}],"about":[{"href":"https:\/\/www.vissparboulingu.lv\/laba\/wp-json\/wp\/v2\/types\/page"}],"author":[{"embeddable":true,"href":"https:\/\/www.vissparboulingu.lv\/laba\/wp-json\/wp\/v2\/users\/1"}],"replies":[{"embeddable":true,"href":"https:\/\/www.vissparboulingu.lv\/laba\/wp-json\/wp\/v2\/comments?post=533"}],"version-history":[{"count":5,"href":"https:\/\/www.vissparboulingu.lv\/laba\/wp-json\/wp\/v2\/pages\/533\/revisions"}],"predecessor-version":[{"id":656,"href":"https:\/\/www.vissparboulingu.lv\/laba\/wp-json\/wp\/v2\/pages\/533\/revisions\/656"}],"wp:featuredmedia":[{"embeddable":true,"href":"https:\/\/www.vissparboulingu.lv\/laba\/wp-json\/wp\/v2\/media\/518"}],"wp:attachment":[{"href":"https:\/\/www.vissparboulingu.lv\/laba\/wp-json\/wp\/v2\/media?parent=533"}],"curies":[{"name":"wp","href":"https:\/\/api.w.org\/{rel}","templated":true}]}}