{"id":538,"date":"2017-08-01T20:15:57","date_gmt":"2017-08-01T20:15:57","guid":{"rendered":"http:\/\/www.vissparboulingu.lv\/laba\/?page_id=538"},"modified":"2017-08-01T20:15:57","modified_gmt":"2017-08-01T20:15:57","slug":"darbu-plans","status":"publish","type":"page","link":"https:\/\/www.vissparboulingu.lv\/laba\/darbu-plans\/","title":{"rendered":"Darbu pl\u0101ns"},"content":{"rendered":"<p>Sezonas 2017\/2018 darbu pl\u0101ns &#8211;<\/p>\n<table width=\"731\">\n<tbody>\n<tr>\n<td width=\"43\"><strong>Nr.<\/strong><\/td>\n<td width=\"335\"><strong>Uzdevums<\/strong><\/td>\n<td width=\"180\"><strong>Izpildes laiks<\/strong><\/td>\n<td width=\"173\"><strong>Atz\u012bme par izpildi<\/strong><\/td>\n<\/tr>\n<tr>\n<td width=\"43\">1<\/td>\n<td width=\"335\">B\u0113rnu &#8211; Jaunie\u0161u skolas LABA Juniors atbalsts un att\u012bst\u012bba:<br \/>\n<em>&#8211; instrukcijas un rokasgr\u0101matas izstr\u0101de;<\/em><br \/>\n<em>&#8211; grupas papla\u0161in\u0101\u0161ana;<\/em><br \/>\n<em>&#8211; treneru kvalifik\u0101cijas cel\u0161ana, jaunu instruktoru sagatavo\u0161ana.<\/em><\/td>\n<td width=\"180\">01.09.2017. \u2013 31.08.2018.<\/td>\n<td width=\"173\"><\/td>\n<\/tr>\n<tr>\n<td width=\"43\">2<\/td>\n<td width=\"335\">ABL papla\u0161in\u0101\u0161ana l\u012bdz 40 komand\u0101m.<\/td>\n<td width=\"180\">15.09.2017.<\/td>\n<td width=\"173\"><\/td>\n<\/tr>\n<tr>\n<td width=\"43\">3<\/td>\n<td width=\"335\">4 treni\u0146u nomet\u0146u organiz\u0113\u0161ana pie Gen\u0101dija Sidorenko.<\/td>\n<td width=\"180\">20.08.2017. \u2013 31.08.2018.<\/td>\n<td width=\"173\"><\/td>\n<\/tr>\n<tr>\n<td width=\"43\">4<\/td>\n<td width=\"335\">Kvalitat\u012bva visas sezonas iepl\u0101noto turn\u012bru novad\u012b\u0161ana: 12.ABL, MA\u010c, 5.LK\u010c, LBT, 5.BASK ABL Grand Prix, 4.Baker, 4.Individu\u0101lais ABL.<\/p>\n<p>Organiz\u0113t vismaz 2 jaunus turn\u012brus.<\/td>\n<td width=\"180\">01.09.2017. \u2013 31.08.2018.<\/td>\n<td width=\"173\"><\/td>\n<\/tr>\n<tr>\n<td width=\"43\">5<\/td>\n<td width=\"335\">LABA \/ ABL fili\u0101\u013cu organiz\u0113\u0161ana cit\u0101s Latvijas pils\u0113t\u0101s.<\/td>\n<td width=\"180\">01.09.2017. \u2013 31.08.2018.<\/td>\n<td width=\"173\"><\/td>\n<\/tr>\n<tr>\n<td width=\"43\">6<\/td>\n<td width=\"335\">Sadarb\u012bbas veicin\u0101\u0161ana ar Maskavas Amatieru Boulinga L\u012bgu. Pieredzes apmai\u0146a. Kop\u0113ju projektu organiz\u0113\u0161ana.<\/td>\n<td width=\"180\">01.09.2017. \u2013 31.08.2018.<\/td>\n<td width=\"173\"><\/td>\n<\/tr>\n<tr>\n<td width=\"43\">7<\/td>\n<td width=\"335\">Boulinga nodarb\u012bbu\u00a0organiz\u0113\u0161ana priek\u0161 cilv\u0113kiem ar ierobe\u017eot\u0101m iesp\u0113j\u0101m.<\/td>\n<td width=\"180\">01.09.2017. \u2013 31.08.2018.<\/td>\n<td width=\"173\"><\/td>\n<\/tr>\n<tr>\n<td width=\"43\">8<\/td>\n<td width=\"335\">Sp\u0113l\u0113t\u0101ju motiv\u0113\u0161ana\u00a0iest\u0101ties LABA:<br \/>\n<em>&#8211; dal\u012bbas noform\u0113\u0161ana uz jauno sezonu;<\/em><br \/>\n<em>&#8211; papildus privil\u0113\u0123iju izstr\u0101d\u0101\u0161ana priek\u0161 LABA biedriem;<\/em><br \/>\n<em>&#8211; jaunu LABA biedru piesaiste.<\/em><\/td>\n<td width=\"180\">&nbsp;<\/p>\n<p>01.10.2017.<\/p>\n<p>01.09.2017. \u2013 31.08.2018.<\/p>\n<p>&nbsp;<\/p>\n<p>01.09.2017. \u2013 31.08.2018.<\/td>\n<td width=\"173\"><\/td>\n<\/tr>\n<tr>\n<td width=\"43\">9<\/td>\n<td width=\"335\">M\u0101jas lapas un Facebook profila\u00a0<a href=\"http:\/\/www.vissparboulingu.lv\">www.vissparboulingu.lv<\/a>\u00a0atbalst\u012b\u0161ana.<\/td>\n<td width=\"180\">01.09.2017. \u2013 31.08.2018.<\/td>\n<td width=\"173\"><\/td>\n<\/tr>\n<tr>\n<td width=\"43\">10<\/td>\n<td width=\"335\">Sadarb\u012bba\u00a0ar citiem boulinga klubiem un LBF( kop\u0113ju projektu ietvaros).<\/td>\n<td width=\"180\">01.09.2017. \u2013 31.08.2018.<\/td>\n<td width=\"173\"><\/td>\n<\/tr>\n<tr>\n<td width=\"43\">11<\/td>\n<td width=\"335\">Jaunu partneru mekl\u0113\u0161ana un papildus finans\u0113juma piesaiste.<\/td>\n<td width=\"180\">01.09.2017. \u2013 31.08.2018.<\/td>\n<td width=\"173\"><\/td>\n<\/tr>\n<\/tbody>\n<\/table>\n","protected":false},"excerpt":{"rendered":"<p>Sezonas 2017\/2018 darbu pl\u0101ns &#8211; Nr. Uzdevums Izpildes laiks Atz\u012bme par izpildi 1 B\u0113rnu &#8211; Jaunie\u0161u skolas LABA Juniors atbalsts un att\u012bst\u012bba: [&hellip;]<\/p>\n","protected":false},"author":1,"featured_media":518,"parent":0,"menu_order":0,"comment_status":"closed","ping_status":"closed","template":"","meta":{"_et_pb_use_builder":"","_et_pb_old_content":"","_et_gb_content_width":"","ngg_post_thumbnail":0,"footnotes":""},"class_list":["post-538","page","type-page","status-publish","has-post-thumbnail","hentry"],"aioseo_notices":[],"_links":{"self":[{"href":"https:\/\/www.vissparboulingu.lv\/laba\/wp-json\/wp\/v2\/pages\/538","targetHints":{"allow":["GET"]}}],"collection":[{"href":"https:\/\/www.vissparboulingu.lv\/laba\/wp-json\/wp\/v2\/pages"}],"about":[{"href":"https:\/\/www.vissparboulingu.lv\/laba\/wp-json\/wp\/v2\/types\/page"}],"author":[{"embeddable":true,"href":"https:\/\/www.vissparboulingu.lv\/laba\/wp-json\/wp\/v2\/users\/1"}],"replies":[{"embeddable":true,"href":"https:\/\/www.vissparboulingu.lv\/laba\/wp-json\/wp\/v2\/comments?post=538"}],"version-history":[{"count":1,"href":"https:\/\/www.vissparboulingu.lv\/laba\/wp-json\/wp\/v2\/pages\/538\/revisions"}],"predecessor-version":[{"id":539,"href":"https:\/\/www.vissparboulingu.lv\/laba\/wp-json\/wp\/v2\/pages\/538\/revisions\/539"}],"wp:featuredmedia":[{"embeddable":true,"href":"https:\/\/www.vissparboulingu.lv\/laba\/wp-json\/wp\/v2\/media\/518"}],"wp:attachment":[{"href":"https:\/\/www.vissparboulingu.lv\/laba\/wp-json\/wp\/v2\/media?parent=538"}],"curies":[{"name":"wp","href":"https:\/\/api.w.org\/{rel}","templated":true}]}}