{"id":59,"date":"2018-10-17T08:25:27","date_gmt":"2018-10-17T08:25:27","guid":{"rendered":"http:\/\/www.vissparboulingu.lv\/laba\/?page_id=59"},"modified":"2018-10-17T08:42:30","modified_gmt":"2018-10-17T08:42:30","slug":"privilegiju-karte","status":"publish","type":"page","link":"https:\/\/www.vissparboulingu.lv\/laba\/laba-2\/privilegiju-karte\/","title":{"rendered":"Privil\u0113\u0123iju karte"},"content":{"rendered":"<p style=\"text-align: center;\"><span style=\"color: #000000;\"><strong>LABA <\/strong><strong>Biedru kartes \/ <\/strong><strong>Privil\u0113\u0123ijas kartes<\/strong><\/span><\/p>\n<p>Inform\u0101cija par LABA privil\u0113\u0123iju kart\u0113m:<\/p>\n<p>LABA Biedru Privil\u0113\u0123iju kartes &#8211; <a href=\"http:\/\/www.vissparboulingu.lv\/laba\/wp-content\/uploads\/2016\/10\/LABA-privil\u0113\u0123iju-karte-2018-2019-1.pdf\">LABA privil\u0113\u0123iju karte 2018-2019<\/a>\u00a0\/17.10.2018\/<\/p>\n<p style=\"text-align: left;\">Kreklu paraugi: <a href=\"http:\/\/www.vissparboulingu.lv\/laba\/wp-content\/uploads\/2016\/10\/KREKLI-JAUNA-SEZONA-01-1.jpg\"><img loading=\"lazy\" decoding=\"async\" class=\"aligncenter size-large wp-image-604\" src=\"http:\/\/www.vissparboulingu.lv\/laba\/wp-content\/uploads\/2016\/10\/KREKLI-JAUNA-SEZONA-01-1-781x1024.jpg\" alt=\"\" width=\"781\" height=\"1024\" srcset=\"https:\/\/www.vissparboulingu.lv\/laba\/wp-content\/uploads\/2016\/10\/KREKLI-JAUNA-SEZONA-01-1-781x1024.jpg 781w, https:\/\/www.vissparboulingu.lv\/laba\/wp-content\/uploads\/2016\/10\/KREKLI-JAUNA-SEZONA-01-1-229x300.jpg 229w, https:\/\/www.vissparboulingu.lv\/laba\/wp-content\/uploads\/2016\/10\/KREKLI-JAUNA-SEZONA-01-1-768x1007.jpg 768w, https:\/\/www.vissparboulingu.lv\/laba\/wp-content\/uploads\/2016\/10\/KREKLI-JAUNA-SEZONA-01-1-830x1089.jpg 830w, https:\/\/www.vissparboulingu.lv\/laba\/wp-content\/uploads\/2016\/10\/KREKLI-JAUNA-SEZONA-01-1-230x302.jpg 230w, https:\/\/www.vissparboulingu.lv\/laba\/wp-content\/uploads\/2016\/10\/KREKLI-JAUNA-SEZONA-01-1-350x459.jpg 350w, https:\/\/www.vissparboulingu.lv\/laba\/wp-content\/uploads\/2016\/10\/KREKLI-JAUNA-SEZONA-01-1-480x630.jpg 480w\" sizes=\"(max-width: 781px) 100vw, 781px\" \/><\/a><\/p>\n<hr \/>\n<p>Inform\u0101cija par LABA privil\u0113\u0123iju kart\u0113m:<\/p>\n<p>LABA Biedru Privil\u0113\u0123iju kartes &#8211; <a href=\"http:\/\/www.vissparboulingu.lv\/laba\/wp-content\/uploads\/2016\/07\/LABA-Biedri-un-privil\u0113\u0123iju-kartes_2017-2018-1.pdf\">LABA Privil\u0113\u0123iju kartes<\/a>\u00a0\/08.01.2018\/<br \/>\n<a href=\"http:\/\/www.vissparboulingu.lv\/laba\/wp-content\/uploads\/2016\/07\/\u0427\u043b\u0435\u043d\u0441\u043a\u0438\u0435-\u043a\u0430\u0440\u0442\u044b-\u0438-\u043a\u0430\u0440\u0442\u044b-\u043f\u0440\u0438\u0432\u0438\u043b\u0435\u0433\u0438\u0439-L-1.pdf\">\u0427\u043b\u0435\u043d\u0441\u043a\u0438\u0435 \u043a\u0430\u0440\u0442\u044b \u0438 \u043a\u0430\u0440\u0442\u044b \u043f\u0440\u0438\u0432\u0438\u043b\u0435\u0433\u0438\u0439 LABA<\/a> \/14.09.2017\/<\/p>\n<p><a href=\"http:\/\/www.vissparboulingu.lv\/laba\/wp-content\/uploads\/2016\/07\/LABA-Kartes_2017-2018_maketi.jpg\"><img loading=\"lazy\" decoding=\"async\" class=\"aligncenter size-large wp-image-574\" src=\"http:\/\/www.vissparboulingu.lv\/laba\/wp-content\/uploads\/2016\/07\/LABA-Kartes_2017-2018_maketi-1024x309.jpg\" alt=\"LABA Kartes_2017-2018_maketi\" width=\"1024\" height=\"309\" srcset=\"https:\/\/www.vissparboulingu.lv\/laba\/wp-content\/uploads\/2016\/07\/LABA-Kartes_2017-2018_maketi-1024x309.jpg 1024w, https:\/\/www.vissparboulingu.lv\/laba\/wp-content\/uploads\/2016\/07\/LABA-Kartes_2017-2018_maketi-300x91.jpg 300w, https:\/\/www.vissparboulingu.lv\/laba\/wp-content\/uploads\/2016\/07\/LABA-Kartes_2017-2018_maketi-768x232.jpg 768w, https:\/\/www.vissparboulingu.lv\/laba\/wp-content\/uploads\/2016\/07\/LABA-Kartes_2017-2018_maketi-830x251.jpg 830w, https:\/\/www.vissparboulingu.lv\/laba\/wp-content\/uploads\/2016\/07\/LABA-Kartes_2017-2018_maketi-230x69.jpg 230w, https:\/\/www.vissparboulingu.lv\/laba\/wp-content\/uploads\/2016\/07\/LABA-Kartes_2017-2018_maketi-350x106.jpg 350w, https:\/\/www.vissparboulingu.lv\/laba\/wp-content\/uploads\/2016\/07\/LABA-Kartes_2017-2018_maketi-480x145.jpg 480w\" sizes=\"(max-width: 1024px) 100vw, 1024px\" \/><\/a><\/p>\n<p><span style=\"color: #000000;\"><strong>Kartes der\u012bguma termi\u0146\u0161 &#8211; s\u0101kot no 01.09.2017 &#8211; 31.08.2018.<\/strong><\/span><\/p>\n","protected":false},"excerpt":{"rendered":"<p>LABA Biedru kartes \/ Privil\u0113\u0123ijas kartes Inform\u0101cija par LABA privil\u0113\u0123iju kart\u0113m: LABA Biedru Privil\u0113\u0123iju kartes &#8211; LABA privil\u0113\u0123iju karte 2018-2019\u00a0\/17.10.2018\/ Kreklu paraugi: [&hellip;]<\/p>\n","protected":false},"author":1,"featured_media":42,"parent":43,"menu_order":3,"comment_status":"closed","ping_status":"closed","template":"","meta":{"_et_pb_use_builder":"","_et_pb_old_content":"","_et_gb_content_width":"","ngg_post_thumbnail":0,"footnotes":""},"class_list":["post-59","page","type-page","status-publish","has-post-thumbnail","hentry"],"aioseo_notices":[],"_links":{"self":[{"href":"https:\/\/www.vissparboulingu.lv\/laba\/wp-json\/wp\/v2\/pages\/59","targetHints":{"allow":["GET"]}}],"collection":[{"href":"https:\/\/www.vissparboulingu.lv\/laba\/wp-json\/wp\/v2\/pages"}],"about":[{"href":"https:\/\/www.vissparboulingu.lv\/laba\/wp-json\/wp\/v2\/types\/page"}],"author":[{"embeddable":true,"href":"https:\/\/www.vissparboulingu.lv\/laba\/wp-json\/wp\/v2\/users\/1"}],"replies":[{"embeddable":true,"href":"https:\/\/www.vissparboulingu.lv\/laba\/wp-json\/wp\/v2\/comments?post=59"}],"version-history":[{"count":11,"href":"https:\/\/www.vissparboulingu.lv\/laba\/wp-json\/wp\/v2\/pages\/59\/revisions"}],"predecessor-version":[{"id":606,"href":"https:\/\/www.vissparboulingu.lv\/laba\/wp-json\/wp\/v2\/pages\/59\/revisions\/606"}],"up":[{"embeddable":true,"href":"https:\/\/www.vissparboulingu.lv\/laba\/wp-json\/wp\/v2\/pages\/43"}],"wp:featuredmedia":[{"embeddable":true,"href":"https:\/\/www.vissparboulingu.lv\/laba\/wp-json\/wp\/v2\/media\/42"}],"wp:attachment":[{"href":"https:\/\/www.vissparboulingu.lv\/laba\/wp-json\/wp\/v2\/media?parent=59"}],"curies":[{"name":"wp","href":"https:\/\/api.w.org\/{rel}","templated":true}]}}