{"id":10054,"date":"2017-11-27T21:13:42","date_gmt":"2017-11-27T21:13:42","guid":{"rendered":"http:\/\/www.vissparboulingu.lv\/video\/?page_id=10054"},"modified":"2017-11-27T21:28:18","modified_gmt":"2017-11-27T21:28:18","slug":"a-z-boulinga-meistars-2017","status":"publish","type":"page","link":"https:\/\/www.vissparboulingu.lv\/video\/a-z-boulinga-meistars-2017\/","title":{"rendered":"A-Z Boulinga Meistars 2017"},"content":{"rendered":"<p><!-- index.php -->\n<div\n\tclass=\"ngg-galleryoverview\n\t\t\"\n\tid=\"ngg-gallery-6f094c9fa3fed6c105dbf0a6f7b02eb3-1\">\n\n\t\t\t<!-- Thumbnails -->\n\t\t\t\t<div id=\"ngg-image-0\" class=\"ngg-gallery-thumbnail-box\"\n\t\t\t\t\t\t\t\t\t\t\t>\n\t\t\t\t\t\t<div class=\"ngg-gallery-thumbnail\">\n\t\t\t<a href=\"https:\/\/www.vissparboulingu.lv\/video\/wp-content\/gallery\/A-Z%20Boulinga%20Meistars%202017\/IMG-0595.jpg\"\n\t\t\t\ttitle=\"\"\n\t\t\t\tdata-src=\"https:\/\/www.vissparboulingu.lv\/video\/wp-content\/gallery\/A-Z%20Boulinga%20Meistars%202017\/IMG-0595.jpg\"\n\t\t\t\tdata-thumbnail=\"https:\/\/www.vissparboulingu.lv\/video\/wp-content\/gallery\/A-Z%20Boulinga%20Meistars%202017\/thumbs\/thumbs_IMG-0595.jpg\"\n\t\t\t\tdata-image-id=\"4737\"\n\t\t\t\tdata-title=\"A-Z Boulinga Meistars 2017 laure\u0101ti\"\n\t\t\t\tdata-description=\"\"\n\t\t\t\tdata-image-slug=\"img-0595\"\n\t\t\t\tclass=\"ngg-fancybox\" rel=\"6f094c9fa3fed6c105dbf0a6f7b02eb3\">\n\t\t\t\t<img\n\t\t\t\t\ttitle=\"A-Z Boulinga Meistars 2017 laure\u0101ti\"\n\t\t\t\t\talt=\"A-Z Boulinga Meistars 2017 laure\u0101ti\"\n\t\t\t\t\tdata-src=\"https:\/\/www.vissparboulingu.lv\/video\/wp-content\/gallery\/A-Z%20Boulinga%20Meistars%202017\/thumbs\/thumbs_IMG-0595.jpg\"\n\t\t\t\t\twidth=\"240\"\n\t\t\t\t\theight=\"160\"\n\t\t\t\t\tstyle=\"--smush-placeholder-width: 240px; --smush-placeholder-aspect-ratio: 240\/160;max-width:100%;\"\n\t\t\t\t src=\"data:image\/svg+xml;base64,PHN2ZyB3aWR0aD0iMSIgaGVpZ2h0PSIxIiB4bWxucz0iaHR0cDovL3d3dy53My5vcmcvMjAwMC9zdmciPjwvc3ZnPg==\" class=\"lazyload\" \/>\n\t\t\t<\/a>\n\t\t<\/div>\n\t\t\t\t\t\t\t<\/div>\n\t\t\t\n\t\t\n\t\t\t\t<div id=\"ngg-image-1\" class=\"ngg-gallery-thumbnail-box\"\n\t\t\t\t\t\t\t\t\t\t\t>\n\t\t\t\t\t\t<div class=\"ngg-gallery-thumbnail\">\n\t\t\t<a href=\"https:\/\/www.vissparboulingu.lv\/video\/wp-content\/gallery\/A-Z%20Boulinga%20Meistars%202017\/IMG-0577.jpg\"\n\t\t\t\ttitle=\"\"\n\t\t\t\tdata-src=\"https:\/\/www.vissparboulingu.lv\/video\/wp-content\/gallery\/A-Z%20Boulinga%20Meistars%202017\/IMG-0577.jpg\"\n\t\t\t\tdata-thumbnail=\"https:\/\/www.vissparboulingu.lv\/video\/wp-content\/gallery\/A-Z%20Boulinga%20Meistars%202017\/thumbs\/thumbs_IMG-0577.jpg\"\n\t\t\t\tdata-image-id=\"4741\"\n\t\t\t\tdata-title=\"A-Z Boulinga Meistars 2017\"\n\t\t\t\tdata-description=\"\"\n\t\t\t\tdata-image-slug=\"img-0577\"\n\t\t\t\tclass=\"ngg-fancybox\" rel=\"6f094c9fa3fed6c105dbf0a6f7b02eb3\">\n\t\t\t\t<img\n\t\t\t\t\ttitle=\"A-Z Boulinga Meistars 2017\"\n\t\t\t\t\talt=\"A-Z Boulinga Meistars 2017\"\n\t\t\t\t\tdata-src=\"https:\/\/www.vissparboulingu.lv\/video\/wp-content\/gallery\/A-Z%20Boulinga%20Meistars%202017\/thumbs\/thumbs_IMG-0577.jpg\"\n\t\t\t\t\twidth=\"240\"\n\t\t\t\t\theight=\"160\"\n\t\t\t\t\tstyle=\"--smush-placeholder-width: 240px; --smush-placeholder-aspect-ratio: 240\/160;max-width:100%;\"\n\t\t\t\t src=\"data:image\/svg+xml;base64,PHN2ZyB3aWR0aD0iMSIgaGVpZ2h0PSIxIiB4bWxucz0iaHR0cDovL3d3dy53My5vcmcvMjAwMC9zdmciPjwvc3ZnPg==\" class=\"lazyload\" \/>\n\t\t\t<\/a>\n\t\t<\/div>\n\t\t\t\t\t\t\t<\/div>\n\t\t\t\n\t\t\n\t\t\t\t<div id=\"ngg-image-2\" class=\"ngg-gallery-thumbnail-box\"\n\t\t\t\t\t\t\t\t\t\t\t>\n\t\t\t\t\t\t<div class=\"ngg-gallery-thumbnail\">\n\t\t\t<a href=\"https:\/\/www.vissparboulingu.lv\/video\/wp-content\/gallery\/A-Z%20Boulinga%20Meistars%202017\/IMG-0588.jpg\"\n\t\t\t\ttitle=\"\"\n\t\t\t\tdata-src=\"https:\/\/www.vissparboulingu.lv\/video\/wp-content\/gallery\/A-Z%20Boulinga%20Meistars%202017\/IMG-0588.jpg\"\n\t\t\t\tdata-thumbnail=\"https:\/\/www.vissparboulingu.lv\/video\/wp-content\/gallery\/A-Z%20Boulinga%20Meistars%202017\/thumbs\/thumbs_IMG-0588.jpg\"\n\t\t\t\tdata-image-id=\"4745\"\n\t\t\t\tdata-title=\"D.V\u0113zis\"\n\t\t\t\tdata-description=\"\"\n\t\t\t\tdata-image-slug=\"img-0588\"\n\t\t\t\tclass=\"ngg-fancybox\" rel=\"6f094c9fa3fed6c105dbf0a6f7b02eb3\">\n\t\t\t\t<img\n\t\t\t\t\ttitle=\"D.V\u0113zis\"\n\t\t\t\t\talt=\"D.V\u0113zis\"\n\t\t\t\t\tdata-src=\"https:\/\/www.vissparboulingu.lv\/video\/wp-content\/gallery\/A-Z%20Boulinga%20Meistars%202017\/thumbs\/thumbs_IMG-0588.jpg\"\n\t\t\t\t\twidth=\"240\"\n\t\t\t\t\theight=\"160\"\n\t\t\t\t\tstyle=\"--smush-placeholder-width: 240px; --smush-placeholder-aspect-ratio: 240\/160;max-width:100%;\"\n\t\t\t\t src=\"data:image\/svg+xml;base64,PHN2ZyB3aWR0aD0iMSIgaGVpZ2h0PSIxIiB4bWxucz0iaHR0cDovL3d3dy53My5vcmcvMjAwMC9zdmciPjwvc3ZnPg==\" class=\"lazyload\" \/>\n\t\t\t<\/a>\n\t\t<\/div>\n\t\t\t\t\t\t\t<\/div>\n\t\t\t\n\t\t\n\t\t\t\t<div id=\"ngg-image-3\" class=\"ngg-gallery-thumbnail-box\"\n\t\t\t\t\t\t\t\t\t\t\t>\n\t\t\t\t\t\t<div class=\"ngg-gallery-thumbnail\">\n\t\t\t<a href=\"https:\/\/www.vissparboulingu.lv\/video\/wp-content\/gallery\/A-Z%20Boulinga%20Meistars%202017\/IMG-0586.jpg\"\n\t\t\t\ttitle=\"\"\n\t\t\t\tdata-src=\"https:\/\/www.vissparboulingu.lv\/video\/wp-content\/gallery\/A-Z%20Boulinga%20Meistars%202017\/IMG-0586.jpg\"\n\t\t\t\tdata-thumbnail=\"https:\/\/www.vissparboulingu.lv\/video\/wp-content\/gallery\/A-Z%20Boulinga%20Meistars%202017\/thumbs\/thumbs_IMG-0586.jpg\"\n\t\t\t\tdata-image-id=\"4744\"\n\t\t\t\tdata-title=\"A.\u013bevikins\"\n\t\t\t\tdata-description=\"\"\n\t\t\t\tdata-image-slug=\"img-0586\"\n\t\t\t\tclass=\"ngg-fancybox\" rel=\"6f094c9fa3fed6c105dbf0a6f7b02eb3\">\n\t\t\t\t<img\n\t\t\t\t\ttitle=\"A.\u013bevikins\"\n\t\t\t\t\talt=\"A.\u013bevikins\"\n\t\t\t\t\tdata-src=\"https:\/\/www.vissparboulingu.lv\/video\/wp-content\/gallery\/A-Z%20Boulinga%20Meistars%202017\/thumbs\/thumbs_IMG-0586.jpg\"\n\t\t\t\t\twidth=\"240\"\n\t\t\t\t\theight=\"160\"\n\t\t\t\t\tstyle=\"--smush-placeholder-width: 240px; --smush-placeholder-aspect-ratio: 240\/160;max-width:100%;\"\n\t\t\t\t src=\"data:image\/svg+xml;base64,PHN2ZyB3aWR0aD0iMSIgaGVpZ2h0PSIxIiB4bWxucz0iaHR0cDovL3d3dy53My5vcmcvMjAwMC9zdmciPjwvc3ZnPg==\" class=\"lazyload\" \/>\n\t\t\t<\/a>\n\t\t<\/div>\n\t\t\t\t\t\t\t<\/div>\n\t\t\t\n\t\t\n\t\t\t\t<div id=\"ngg-image-4\" class=\"ngg-gallery-thumbnail-box\"\n\t\t\t\t\t\t\t\t\t\t\t>\n\t\t\t\t\t\t<div class=\"ngg-gallery-thumbnail\">\n\t\t\t<a href=\"https:\/\/www.vissparboulingu.lv\/video\/wp-content\/gallery\/A-Z%20Boulinga%20Meistars%202017\/IMG-0574.jpg\"\n\t\t\t\ttitle=\"\"\n\t\t\t\tdata-src=\"https:\/\/www.vissparboulingu.lv\/video\/wp-content\/gallery\/A-Z%20Boulinga%20Meistars%202017\/IMG-0574.jpg\"\n\t\t\t\tdata-thumbnail=\"https:\/\/www.vissparboulingu.lv\/video\/wp-content\/gallery\/A-Z%20Boulinga%20Meistars%202017\/thumbs\/thumbs_IMG-0574.jpg\"\n\t\t\t\tdata-image-id=\"4740\"\n\t\t\t\tdata-title=\"I.Vinters\"\n\t\t\t\tdata-description=\"\"\n\t\t\t\tdata-image-slug=\"img-0574\"\n\t\t\t\tclass=\"ngg-fancybox\" rel=\"6f094c9fa3fed6c105dbf0a6f7b02eb3\">\n\t\t\t\t<img\n\t\t\t\t\ttitle=\"I.Vinters\"\n\t\t\t\t\talt=\"I.Vinters\"\n\t\t\t\t\tdata-src=\"https:\/\/www.vissparboulingu.lv\/video\/wp-content\/gallery\/A-Z%20Boulinga%20Meistars%202017\/thumbs\/thumbs_IMG-0574.jpg\"\n\t\t\t\t\twidth=\"240\"\n\t\t\t\t\theight=\"160\"\n\t\t\t\t\tstyle=\"--smush-placeholder-width: 240px; --smush-placeholder-aspect-ratio: 240\/160;max-width:100%;\"\n\t\t\t\t src=\"data:image\/svg+xml;base64,PHN2ZyB3aWR0aD0iMSIgaGVpZ2h0PSIxIiB4bWxucz0iaHR0cDovL3d3dy53My5vcmcvMjAwMC9zdmciPjwvc3ZnPg==\" class=\"lazyload\" \/>\n\t\t\t<\/a>\n\t\t<\/div>\n\t\t\t\t\t\t\t<\/div>\n\t\t\t\n\t\t\n\t\t\t\t<div id=\"ngg-image-5\" class=\"ngg-gallery-thumbnail-box\"\n\t\t\t\t\t\t\t\t\t\t\t>\n\t\t\t\t\t\t<div class=\"ngg-gallery-thumbnail\">\n\t\t\t<a href=\"https:\/\/www.vissparboulingu.lv\/video\/wp-content\/gallery\/A-Z%20Boulinga%20Meistars%202017\/IMG-0583.jpg\"\n\t\t\t\ttitle=\"\"\n\t\t\t\tdata-src=\"https:\/\/www.vissparboulingu.lv\/video\/wp-content\/gallery\/A-Z%20Boulinga%20Meistars%202017\/IMG-0583.jpg\"\n\t\t\t\tdata-thumbnail=\"https:\/\/www.vissparboulingu.lv\/video\/wp-content\/gallery\/A-Z%20Boulinga%20Meistars%202017\/thumbs\/thumbs_IMG-0583.jpg\"\n\t\t\t\tdata-image-id=\"4742\"\n\t\t\t\tdata-title=\"A.D\u0101rzi\u0146\u0161\"\n\t\t\t\tdata-description=\"\"\n\t\t\t\tdata-image-slug=\"img-0583\"\n\t\t\t\tclass=\"ngg-fancybox\" rel=\"6f094c9fa3fed6c105dbf0a6f7b02eb3\">\n\t\t\t\t<img\n\t\t\t\t\ttitle=\"A.D\u0101rzi\u0146\u0161\"\n\t\t\t\t\talt=\"A.D\u0101rzi\u0146\u0161\"\n\t\t\t\t\tdata-src=\"https:\/\/www.vissparboulingu.lv\/video\/wp-content\/gallery\/A-Z%20Boulinga%20Meistars%202017\/thumbs\/thumbs_IMG-0583.jpg\"\n\t\t\t\t\twidth=\"240\"\n\t\t\t\t\theight=\"160\"\n\t\t\t\t\tstyle=\"--smush-placeholder-width: 240px; --smush-placeholder-aspect-ratio: 240\/160;max-width:100%;\"\n\t\t\t\t src=\"data:image\/svg+xml;base64,PHN2ZyB3aWR0aD0iMSIgaGVpZ2h0PSIxIiB4bWxucz0iaHR0cDovL3d3dy53My5vcmcvMjAwMC9zdmciPjwvc3ZnPg==\" class=\"lazyload\" \/>\n\t\t\t<\/a>\n\t\t<\/div>\n\t\t\t\t\t\t\t<\/div>\n\t\t\t\n\t\t\n\t\t\t\t<div id=\"ngg-image-6\" class=\"ngg-gallery-thumbnail-box\"\n\t\t\t\t\t\t\t\t\t\t\t>\n\t\t\t\t\t\t<div class=\"ngg-gallery-thumbnail\">\n\t\t\t<a href=\"https:\/\/www.vissparboulingu.lv\/video\/wp-content\/gallery\/A-Z%20Boulinga%20Meistars%202017\/IMG-0571.jpg\"\n\t\t\t\ttitle=\"\"\n\t\t\t\tdata-src=\"https:\/\/www.vissparboulingu.lv\/video\/wp-content\/gallery\/A-Z%20Boulinga%20Meistars%202017\/IMG-0571.jpg\"\n\t\t\t\tdata-thumbnail=\"https:\/\/www.vissparboulingu.lv\/video\/wp-content\/gallery\/A-Z%20Boulinga%20Meistars%202017\/thumbs\/thumbs_IMG-0571.jpg\"\n\t\t\t\tdata-image-id=\"4738\"\n\t\t\t\tdata-title=\"R.Kova\u013cenko\"\n\t\t\t\tdata-description=\"\"\n\t\t\t\tdata-image-slug=\"img-0571\"\n\t\t\t\tclass=\"ngg-fancybox\" rel=\"6f094c9fa3fed6c105dbf0a6f7b02eb3\">\n\t\t\t\t<img\n\t\t\t\t\ttitle=\"R.Kova\u013cenko\"\n\t\t\t\t\talt=\"R.Kova\u013cenko\"\n\t\t\t\t\tdata-src=\"https:\/\/www.vissparboulingu.lv\/video\/wp-content\/gallery\/A-Z%20Boulinga%20Meistars%202017\/thumbs\/thumbs_IMG-0571.jpg\"\n\t\t\t\t\twidth=\"240\"\n\t\t\t\t\theight=\"160\"\n\t\t\t\t\tstyle=\"--smush-placeholder-width: 240px; --smush-placeholder-aspect-ratio: 240\/160;max-width:100%;\"\n\t\t\t\t src=\"data:image\/svg+xml;base64,PHN2ZyB3aWR0aD0iMSIgaGVpZ2h0PSIxIiB4bWxucz0iaHR0cDovL3d3dy53My5vcmcvMjAwMC9zdmciPjwvc3ZnPg==\" class=\"lazyload\" \/>\n\t\t\t<\/a>\n\t\t<\/div>\n\t\t\t\t\t\t\t<\/div>\n\t\t\t\n\t\t\n\t\t\t\t<div id=\"ngg-image-7\" class=\"ngg-gallery-thumbnail-box\"\n\t\t\t\t\t\t\t\t\t\t\t>\n\t\t\t\t\t\t<div class=\"ngg-gallery-thumbnail\">\n\t\t\t<a href=\"https:\/\/www.vissparboulingu.lv\/video\/wp-content\/gallery\/A-Z%20Boulinga%20Meistars%202017\/IMG-0572.jpg\"\n\t\t\t\ttitle=\"\"\n\t\t\t\tdata-src=\"https:\/\/www.vissparboulingu.lv\/video\/wp-content\/gallery\/A-Z%20Boulinga%20Meistars%202017\/IMG-0572.jpg\"\n\t\t\t\tdata-thumbnail=\"https:\/\/www.vissparboulingu.lv\/video\/wp-content\/gallery\/A-Z%20Boulinga%20Meistars%202017\/thumbs\/thumbs_IMG-0572.jpg\"\n\t\t\t\tdata-image-id=\"4739\"\n\t\t\t\tdata-title=\"N.Ov\u010di\u0146\u0146ikovs\"\n\t\t\t\tdata-description=\"\"\n\t\t\t\tdata-image-slug=\"img-0572\"\n\t\t\t\tclass=\"ngg-fancybox\" rel=\"6f094c9fa3fed6c105dbf0a6f7b02eb3\">\n\t\t\t\t<img\n\t\t\t\t\ttitle=\"N.Ov\u010di\u0146\u0146ikovs\"\n\t\t\t\t\talt=\"N.Ov\u010di\u0146\u0146ikovs\"\n\t\t\t\t\tdata-src=\"https:\/\/www.vissparboulingu.lv\/video\/wp-content\/gallery\/A-Z%20Boulinga%20Meistars%202017\/thumbs\/thumbs_IMG-0572.jpg\"\n\t\t\t\t\twidth=\"240\"\n\t\t\t\t\theight=\"160\"\n\t\t\t\t\tstyle=\"--smush-placeholder-width: 240px; --smush-placeholder-aspect-ratio: 240\/160;max-width:100%;\"\n\t\t\t\t src=\"data:image\/svg+xml;base64,PHN2ZyB3aWR0aD0iMSIgaGVpZ2h0PSIxIiB4bWxucz0iaHR0cDovL3d3dy53My5vcmcvMjAwMC9zdmciPjwvc3ZnPg==\" class=\"lazyload\" \/>\n\t\t\t<\/a>\n\t\t<\/div>\n\t\t\t\t\t\t\t<\/div>\n\t\t\t\n\t\t\n\t\t\t\t<div id=\"ngg-image-8\" class=\"ngg-gallery-thumbnail-box\"\n\t\t\t\t\t\t\t\t\t\t\t>\n\t\t\t\t\t\t<div class=\"ngg-gallery-thumbnail\">\n\t\t\t<a href=\"https:\/\/www.vissparboulingu.lv\/video\/wp-content\/gallery\/A-Z%20Boulinga%20Meistars%202017\/IMG-0585.jpg\"\n\t\t\t\ttitle=\"\"\n\t\t\t\tdata-src=\"https:\/\/www.vissparboulingu.lv\/video\/wp-content\/gallery\/A-Z%20Boulinga%20Meistars%202017\/IMG-0585.jpg\"\n\t\t\t\tdata-thumbnail=\"https:\/\/www.vissparboulingu.lv\/video\/wp-content\/gallery\/A-Z%20Boulinga%20Meistars%202017\/thumbs\/thumbs_IMG-0585.jpg\"\n\t\t\t\tdata-image-id=\"4743\"\n\t\t\t\tdata-title=\"I.Vinters\"\n\t\t\t\tdata-description=\"\"\n\t\t\t\tdata-image-slug=\"img-0585\"\n\t\t\t\tclass=\"ngg-fancybox\" rel=\"6f094c9fa3fed6c105dbf0a6f7b02eb3\">\n\t\t\t\t<img\n\t\t\t\t\ttitle=\"I.Vinters\"\n\t\t\t\t\talt=\"I.Vinters\"\n\t\t\t\t\tdata-src=\"https:\/\/www.vissparboulingu.lv\/video\/wp-content\/gallery\/A-Z%20Boulinga%20Meistars%202017\/thumbs\/thumbs_IMG-0585.jpg\"\n\t\t\t\t\twidth=\"240\"\n\t\t\t\t\theight=\"160\"\n\t\t\t\t\tstyle=\"--smush-placeholder-width: 240px; --smush-placeholder-aspect-ratio: 240\/160;max-width:100%;\"\n\t\t\t\t src=\"data:image\/svg+xml;base64,PHN2ZyB3aWR0aD0iMSIgaGVpZ2h0PSIxIiB4bWxucz0iaHR0cDovL3d3dy53My5vcmcvMjAwMC9zdmciPjwvc3ZnPg==\" class=\"lazyload\" \/>\n\t\t\t<\/a>\n\t\t<\/div>\n\t\t\t\t\t\t\t<\/div>\n\t\t\t\n\t\t\n\t\t\n\t\t<!-- Pagination -->\n\t\t<div class='ngg-clear'><\/div>\t<\/div>\n<\/p>\n","protected":false},"excerpt":{"rendered":"","protected":false},"author":1,"featured_media":10055,"parent":0,"menu_order":0,"comment_status":"closed","ping_status":"closed","template":"","meta":{"_et_pb_use_builder":"","_et_pb_old_content":"","_et_gb_content_width":"","ngg_post_thumbnail":0,"footnotes":""},"class_list":["post-10054","page","type-page","status-publish","has-post-thumbnail","hentry"],"aioseo_notices":[],"_links":{"self":[{"href":"https:\/\/www.vissparboulingu.lv\/video\/wp-json\/wp\/v2\/pages\/10054","targetHints":{"allow":["GET"]}}],"collection":[{"href":"https:\/\/www.vissparboulingu.lv\/video\/wp-json\/wp\/v2\/pages"}],"about":[{"href":"https:\/\/www.vissparboulingu.lv\/video\/wp-json\/wp\/v2\/types\/page"}],"author":[{"embeddable":true,"href":"https:\/\/www.vissparboulingu.lv\/video\/wp-json\/wp\/v2\/users\/1"}],"replies":[{"embeddable":true,"href":"https:\/\/www.vissparboulingu.lv\/video\/wp-json\/wp\/v2\/comments?post=10054"}],"version-history":[{"count":0,"href":"https:\/\/www.vissparboulingu.lv\/video\/wp-json\/wp\/v2\/pages\/10054\/revisions"}],"wp:featuredmedia":[{"embeddable":true,"href":"https:\/\/www.vissparboulingu.lv\/video\/wp-json\/wp\/v2\/media\/10055"}],"wp:attachment":[{"href":"https:\/\/www.vissparboulingu.lv\/video\/wp-json\/wp\/v2\/media?parent=10054"}],"curies":[{"name":"wp","href":"https:\/\/api.w.org\/{rel}","templated":true}]}}