{"id":10129,"date":"2017-12-18T12:41:55","date_gmt":"2017-12-18T12:41:55","guid":{"rendered":"http:\/\/www.vissparboulingu.lv\/video\/?page_id=10129"},"modified":"2017-12-18T12:41:55","modified_gmt":"2017-12-18T12:41:55","slug":"6-bask-abl-ziemassvetku-grand-prix-2017","status":"publish","type":"page","link":"https:\/\/www.vissparboulingu.lv\/video\/6-bask-abl-ziemassvetku-grand-prix-2017\/","title":{"rendered":"6.BASK ABL Ziemassv\u0113tku Grand Prix 2017"},"content":{"rendered":"<p><!-- index.php -->\n<div\n\tclass=\"ngg-galleryoverview\n\t\t\"\n\tid=\"ngg-gallery-a506cb2cc16473342802dec23ea35ef8-1\">\n\n\t\t\t<!-- Thumbnails -->\n\t\t\t\t<div id=\"ngg-image-0\" class=\"ngg-gallery-thumbnail-box\"\n\t\t\t\t\t\t\t\t\t\t\t>\n\t\t\t\t\t\t<div class=\"ngg-gallery-thumbnail\">\n\t\t\t<a href=\"https:\/\/www.vissparboulingu.lv\/video\/wp-content\/gallery\/6.BASK%20ABL%20Ziemassv%C4%93tku%20Grand%20Prix%202017\/IMG_6738.JPG\"\n\t\t\t\ttitle=\"\"\n\t\t\t\tdata-src=\"https:\/\/www.vissparboulingu.lv\/video\/wp-content\/gallery\/6.BASK%20ABL%20Ziemassv%C4%93tku%20Grand%20Prix%202017\/IMG_6738.JPG\"\n\t\t\t\tdata-thumbnail=\"https:\/\/www.vissparboulingu.lv\/video\/wp-content\/gallery\/6.BASK%20ABL%20Ziemassv%C4%93tku%20Grand%20Prix%202017\/thumbs\/thumbs_IMG_6738.JPG\"\n\t\t\t\tdata-image-id=\"4748\"\n\t\t\t\tdata-title=\"Meda\u013cas un kausi\"\n\t\t\t\tdata-description=\"\"\n\t\t\t\tdata-image-slug=\"img_6738\"\n\t\t\t\tclass=\"ngg-fancybox\" rel=\"a506cb2cc16473342802dec23ea35ef8\">\n\t\t\t\t<img\n\t\t\t\t\ttitle=\"Meda\u013cas un kausi\"\n\t\t\t\t\talt=\"Meda\u013cas un kausi\"\n\t\t\t\t\tdata-src=\"https:\/\/www.vissparboulingu.lv\/video\/wp-content\/gallery\/6.BASK%20ABL%20Ziemassv%C4%93tku%20Grand%20Prix%202017\/thumbs\/thumbs_IMG_6738.JPG\"\n\t\t\t\t\twidth=\"240\"\n\t\t\t\t\theight=\"160\"\n\t\t\t\t\tstyle=\"--smush-placeholder-width: 240px; --smush-placeholder-aspect-ratio: 240\/160;max-width:100%;\"\n\t\t\t\t src=\"data:image\/svg+xml;base64,PHN2ZyB3aWR0aD0iMSIgaGVpZ2h0PSIxIiB4bWxucz0iaHR0cDovL3d3dy53My5vcmcvMjAwMC9zdmciPjwvc3ZnPg==\" class=\"lazyload\" \/>\n\t\t\t<\/a>\n\t\t<\/div>\n\t\t\t\t\t\t\t<\/div>\n\t\t\t\n\t\t\n\t\t\t\t<div id=\"ngg-image-1\" class=\"ngg-gallery-thumbnail-box\"\n\t\t\t\t\t\t\t\t\t\t\t>\n\t\t\t\t\t\t<div class=\"ngg-gallery-thumbnail\">\n\t\t\t<a href=\"https:\/\/www.vissparboulingu.lv\/video\/wp-content\/gallery\/6.BASK%20ABL%20Ziemassv%C4%93tku%20Grand%20Prix%202017\/IMG_6736.JPG\"\n\t\t\t\ttitle=\"\"\n\t\t\t\tdata-src=\"https:\/\/www.vissparboulingu.lv\/video\/wp-content\/gallery\/6.BASK%20ABL%20Ziemassv%C4%93tku%20Grand%20Prix%202017\/IMG_6736.JPG\"\n\t\t\t\tdata-thumbnail=\"https:\/\/www.vissparboulingu.lv\/video\/wp-content\/gallery\/6.BASK%20ABL%20Ziemassv%C4%93tku%20Grand%20Prix%202017\/thumbs\/thumbs_IMG_6736.JPG\"\n\t\t\t\tdata-image-id=\"4747\"\n\t\t\t\tdata-title=\"Meda\u013cas\"\n\t\t\t\tdata-description=\"\"\n\t\t\t\tdata-image-slug=\"img_6736\"\n\t\t\t\tclass=\"ngg-fancybox\" rel=\"a506cb2cc16473342802dec23ea35ef8\">\n\t\t\t\t<img\n\t\t\t\t\ttitle=\"Meda\u013cas\"\n\t\t\t\t\talt=\"Meda\u013cas\"\n\t\t\t\t\tdata-src=\"https:\/\/www.vissparboulingu.lv\/video\/wp-content\/gallery\/6.BASK%20ABL%20Ziemassv%C4%93tku%20Grand%20Prix%202017\/thumbs\/thumbs_IMG_6736.JPG\"\n\t\t\t\t\twidth=\"240\"\n\t\t\t\t\theight=\"160\"\n\t\t\t\t\tstyle=\"--smush-placeholder-width: 240px; --smush-placeholder-aspect-ratio: 240\/160;max-width:100%;\"\n\t\t\t\t src=\"data:image\/svg+xml;base64,PHN2ZyB3aWR0aD0iMSIgaGVpZ2h0PSIxIiB4bWxucz0iaHR0cDovL3d3dy53My5vcmcvMjAwMC9zdmciPjwvc3ZnPg==\" class=\"lazyload\" \/>\n\t\t\t<\/a>\n\t\t<\/div>\n\t\t\t\t\t\t\t<\/div>\n\t\t\t\n\t\t\n\t\t\t\t<div id=\"ngg-image-2\" class=\"ngg-gallery-thumbnail-box\"\n\t\t\t\t\t\t\t\t\t\t\t>\n\t\t\t\t\t\t<div class=\"ngg-gallery-thumbnail\">\n\t\t\t<a href=\"https:\/\/www.vissparboulingu.lv\/video\/wp-content\/gallery\/6.BASK%20ABL%20Ziemassv%C4%93tku%20Grand%20Prix%202017\/IMG_6739.JPG\"\n\t\t\t\ttitle=\"\"\n\t\t\t\tdata-src=\"https:\/\/www.vissparboulingu.lv\/video\/wp-content\/gallery\/6.BASK%20ABL%20Ziemassv%C4%93tku%20Grand%20Prix%202017\/IMG_6739.JPG\"\n\t\t\t\tdata-thumbnail=\"https:\/\/www.vissparboulingu.lv\/video\/wp-content\/gallery\/6.BASK%20ABL%20Ziemassv%C4%93tku%20Grand%20Prix%202017\/thumbs\/thumbs_IMG_6739.JPG\"\n\t\t\t\tdata-image-id=\"4749\"\n\t\t\t\tdata-title=\"\u0145ikita Strauhs un \u0160arlote Stari\u0146a\"\n\t\t\t\tdata-description=\"\"\n\t\t\t\tdata-image-slug=\"img_6739\"\n\t\t\t\tclass=\"ngg-fancybox\" rel=\"a506cb2cc16473342802dec23ea35ef8\">\n\t\t\t\t<img\n\t\t\t\t\ttitle=\"\u0145ikita Strauhs un \u0160arlote Stari\u0146a\"\n\t\t\t\t\talt=\"\u0145ikita Strauhs un \u0160arlote Stari\u0146a\"\n\t\t\t\t\tdata-src=\"https:\/\/www.vissparboulingu.lv\/video\/wp-content\/gallery\/6.BASK%20ABL%20Ziemassv%C4%93tku%20Grand%20Prix%202017\/thumbs\/thumbs_IMG_6739.JPG\"\n\t\t\t\t\twidth=\"240\"\n\t\t\t\t\theight=\"160\"\n\t\t\t\t\tstyle=\"--smush-placeholder-width: 240px; --smush-placeholder-aspect-ratio: 240\/160;max-width:100%;\"\n\t\t\t\t src=\"data:image\/svg+xml;base64,PHN2ZyB3aWR0aD0iMSIgaGVpZ2h0PSIxIiB4bWxucz0iaHR0cDovL3d3dy53My5vcmcvMjAwMC9zdmciPjwvc3ZnPg==\" class=\"lazyload\" \/>\n\t\t\t<\/a>\n\t\t<\/div>\n\t\t\t\t\t\t\t<\/div>\n\t\t\t\n\t\t\n\t\t\t\t<div id=\"ngg-image-3\" class=\"ngg-gallery-thumbnail-box\"\n\t\t\t\t\t\t\t\t\t\t\t>\n\t\t\t\t\t\t<div class=\"ngg-gallery-thumbnail\">\n\t\t\t<a href=\"https:\/\/www.vissparboulingu.lv\/video\/wp-content\/gallery\/6.BASK%20ABL%20Ziemassv%C4%93tku%20Grand%20Prix%202017\/IMG_6740.JPG\"\n\t\t\t\ttitle=\"\"\n\t\t\t\tdata-src=\"https:\/\/www.vissparboulingu.lv\/video\/wp-content\/gallery\/6.BASK%20ABL%20Ziemassv%C4%93tku%20Grand%20Prix%202017\/IMG_6740.JPG\"\n\t\t\t\tdata-thumbnail=\"https:\/\/www.vissparboulingu.lv\/video\/wp-content\/gallery\/6.BASK%20ABL%20Ziemassv%C4%93tku%20Grand%20Prix%202017\/thumbs\/thumbs_IMG_6740.JPG\"\n\t\t\t\tdata-image-id=\"4750\"\n\t\t\t\tdata-title=\"\u0145ikita Strauhs un \u0160arlote Stari\u0146a\"\n\t\t\t\tdata-description=\"\"\n\t\t\t\tdata-image-slug=\"img_6740\"\n\t\t\t\tclass=\"ngg-fancybox\" rel=\"a506cb2cc16473342802dec23ea35ef8\">\n\t\t\t\t<img\n\t\t\t\t\ttitle=\"\u0145ikita Strauhs un \u0160arlote Stari\u0146a\"\n\t\t\t\t\talt=\"\u0145ikita Strauhs un \u0160arlote Stari\u0146a\"\n\t\t\t\t\tdata-src=\"https:\/\/www.vissparboulingu.lv\/video\/wp-content\/gallery\/6.BASK%20ABL%20Ziemassv%C4%93tku%20Grand%20Prix%202017\/thumbs\/thumbs_IMG_6740.JPG\"\n\t\t\t\t\twidth=\"240\"\n\t\t\t\t\theight=\"160\"\n\t\t\t\t\tstyle=\"--smush-placeholder-width: 240px; --smush-placeholder-aspect-ratio: 240\/160;max-width:100%;\"\n\t\t\t\t src=\"data:image\/svg+xml;base64,PHN2ZyB3aWR0aD0iMSIgaGVpZ2h0PSIxIiB4bWxucz0iaHR0cDovL3d3dy53My5vcmcvMjAwMC9zdmciPjwvc3ZnPg==\" class=\"lazyload\" \/>\n\t\t\t<\/a>\n\t\t<\/div>\n\t\t\t\t\t\t\t<\/div>\n\t\t\t\n\t\t\n\t\t\t\t<div id=\"ngg-image-4\" class=\"ngg-gallery-thumbnail-box\"\n\t\t\t\t\t\t\t\t\t\t\t>\n\t\t\t\t\t\t<div class=\"ngg-gallery-thumbnail\">\n\t\t\t<a href=\"https:\/\/www.vissparboulingu.lv\/video\/wp-content\/gallery\/6.BASK%20ABL%20Ziemassv%C4%93tku%20Grand%20Prix%202017\/IMG_6741.JPG\"\n\t\t\t\ttitle=\"\"\n\t\t\t\tdata-src=\"https:\/\/www.vissparboulingu.lv\/video\/wp-content\/gallery\/6.BASK%20ABL%20Ziemassv%C4%93tku%20Grand%20Prix%202017\/IMG_6741.JPG\"\n\t\t\t\tdata-thumbnail=\"https:\/\/www.vissparboulingu.lv\/video\/wp-content\/gallery\/6.BASK%20ABL%20Ziemassv%C4%93tku%20Grand%20Prix%202017\/thumbs\/thumbs_IMG_6741.JPG\"\n\t\t\t\tdata-image-id=\"4751\"\n\t\t\t\tdata-title=\"\u0145ikita Strauhs un \u0160arlote Stari\u0146a\"\n\t\t\t\tdata-description=\"\"\n\t\t\t\tdata-image-slug=\"img_6741\"\n\t\t\t\tclass=\"ngg-fancybox\" rel=\"a506cb2cc16473342802dec23ea35ef8\">\n\t\t\t\t<img\n\t\t\t\t\ttitle=\"\u0145ikita Strauhs un \u0160arlote Stari\u0146a\"\n\t\t\t\t\talt=\"\u0145ikita Strauhs un \u0160arlote Stari\u0146a\"\n\t\t\t\t\tdata-src=\"https:\/\/www.vissparboulingu.lv\/video\/wp-content\/gallery\/6.BASK%20ABL%20Ziemassv%C4%93tku%20Grand%20Prix%202017\/thumbs\/thumbs_IMG_6741.JPG\"\n\t\t\t\t\twidth=\"240\"\n\t\t\t\t\theight=\"160\"\n\t\t\t\t\tstyle=\"--smush-placeholder-width: 240px; --smush-placeholder-aspect-ratio: 240\/160;max-width:100%;\"\n\t\t\t\t src=\"data:image\/svg+xml;base64,PHN2ZyB3aWR0aD0iMSIgaGVpZ2h0PSIxIiB4bWxucz0iaHR0cDovL3d3dy53My5vcmcvMjAwMC9zdmciPjwvc3ZnPg==\" class=\"lazyload\" \/>\n\t\t\t<\/a>\n\t\t<\/div>\n\t\t\t\t\t\t\t<\/div>\n\t\t\t\n\t\t\n\t\t\t\t<div id=\"ngg-image-5\" class=\"ngg-gallery-thumbnail-box\"\n\t\t\t\t\t\t\t\t\t\t\t>\n\t\t\t\t\t\t<div class=\"ngg-gallery-thumbnail\">\n\t\t\t<a href=\"https:\/\/www.vissparboulingu.lv\/video\/wp-content\/gallery\/6.BASK%20ABL%20Ziemassv%C4%93tku%20Grand%20Prix%202017\/IMG_6742.JPG\"\n\t\t\t\ttitle=\"\"\n\t\t\t\tdata-src=\"https:\/\/www.vissparboulingu.lv\/video\/wp-content\/gallery\/6.BASK%20ABL%20Ziemassv%C4%93tku%20Grand%20Prix%202017\/IMG_6742.JPG\"\n\t\t\t\tdata-thumbnail=\"https:\/\/www.vissparboulingu.lv\/video\/wp-content\/gallery\/6.BASK%20ABL%20Ziemassv%C4%93tku%20Grand%20Prix%202017\/thumbs\/thumbs_IMG_6742.JPG\"\n\t\t\t\tdata-image-id=\"4752\"\n\t\t\t\tdata-title=\"Edmunds Jansons un Guntars Beisons\"\n\t\t\t\tdata-description=\"\"\n\t\t\t\tdata-image-slug=\"img_6742\"\n\t\t\t\tclass=\"ngg-fancybox\" rel=\"a506cb2cc16473342802dec23ea35ef8\">\n\t\t\t\t<img\n\t\t\t\t\ttitle=\"Edmunds Jansons un Guntars Beisons\"\n\t\t\t\t\talt=\"Edmunds Jansons un Guntars Beisons\"\n\t\t\t\t\tdata-src=\"https:\/\/www.vissparboulingu.lv\/video\/wp-content\/gallery\/6.BASK%20ABL%20Ziemassv%C4%93tku%20Grand%20Prix%202017\/thumbs\/thumbs_IMG_6742.JPG\"\n\t\t\t\t\twidth=\"240\"\n\t\t\t\t\theight=\"160\"\n\t\t\t\t\tstyle=\"--smush-placeholder-width: 240px; --smush-placeholder-aspect-ratio: 240\/160;max-width:100%;\"\n\t\t\t\t src=\"data:image\/svg+xml;base64,PHN2ZyB3aWR0aD0iMSIgaGVpZ2h0PSIxIiB4bWxucz0iaHR0cDovL3d3dy53My5vcmcvMjAwMC9zdmciPjwvc3ZnPg==\" class=\"lazyload\" \/>\n\t\t\t<\/a>\n\t\t<\/div>\n\t\t\t\t\t\t\t<\/div>\n\t\t\t\n\t\t\n\t\t\t\t<div id=\"ngg-image-6\" class=\"ngg-gallery-thumbnail-box\"\n\t\t\t\t\t\t\t\t\t\t\t>\n\t\t\t\t\t\t<div class=\"ngg-gallery-thumbnail\">\n\t\t\t<a href=\"https:\/\/www.vissparboulingu.lv\/video\/wp-content\/gallery\/6.BASK%20ABL%20Ziemassv%C4%93tku%20Grand%20Prix%202017\/IMG_6743.JPG\"\n\t\t\t\ttitle=\"\"\n\t\t\t\tdata-src=\"https:\/\/www.vissparboulingu.lv\/video\/wp-content\/gallery\/6.BASK%20ABL%20Ziemassv%C4%93tku%20Grand%20Prix%202017\/IMG_6743.JPG\"\n\t\t\t\tdata-thumbnail=\"https:\/\/www.vissparboulingu.lv\/video\/wp-content\/gallery\/6.BASK%20ABL%20Ziemassv%C4%93tku%20Grand%20Prix%202017\/thumbs\/thumbs_IMG_6743.JPG\"\n\t\t\t\tdata-image-id=\"4753\"\n\t\t\t\tdata-title=\"Edmunds Jansons un Guntars Beisons\"\n\t\t\t\tdata-description=\"\"\n\t\t\t\tdata-image-slug=\"img_6743\"\n\t\t\t\tclass=\"ngg-fancybox\" rel=\"a506cb2cc16473342802dec23ea35ef8\">\n\t\t\t\t<img\n\t\t\t\t\ttitle=\"Edmunds Jansons un Guntars Beisons\"\n\t\t\t\t\talt=\"Edmunds Jansons un Guntars Beisons\"\n\t\t\t\t\tdata-src=\"https:\/\/www.vissparboulingu.lv\/video\/wp-content\/gallery\/6.BASK%20ABL%20Ziemassv%C4%93tku%20Grand%20Prix%202017\/thumbs\/thumbs_IMG_6743.JPG\"\n\t\t\t\t\twidth=\"240\"\n\t\t\t\t\theight=\"160\"\n\t\t\t\t\tstyle=\"--smush-placeholder-width: 240px; --smush-placeholder-aspect-ratio: 240\/160;max-width:100%;\"\n\t\t\t\t src=\"data:image\/svg+xml;base64,PHN2ZyB3aWR0aD0iMSIgaGVpZ2h0PSIxIiB4bWxucz0iaHR0cDovL3d3dy53My5vcmcvMjAwMC9zdmciPjwvc3ZnPg==\" class=\"lazyload\" \/>\n\t\t\t<\/a>\n\t\t<\/div>\n\t\t\t\t\t\t\t<\/div>\n\t\t\t\n\t\t\n\t\t\t\t<div id=\"ngg-image-7\" class=\"ngg-gallery-thumbnail-box\"\n\t\t\t\t\t\t\t\t\t\t\t>\n\t\t\t\t\t\t<div class=\"ngg-gallery-thumbnail\">\n\t\t\t<a href=\"https:\/\/www.vissparboulingu.lv\/video\/wp-content\/gallery\/6.BASK%20ABL%20Ziemassv%C4%93tku%20Grand%20Prix%202017\/IMG_6744.JPG\"\n\t\t\t\ttitle=\"\"\n\t\t\t\tdata-src=\"https:\/\/www.vissparboulingu.lv\/video\/wp-content\/gallery\/6.BASK%20ABL%20Ziemassv%C4%93tku%20Grand%20Prix%202017\/IMG_6744.JPG\"\n\t\t\t\tdata-thumbnail=\"https:\/\/www.vissparboulingu.lv\/video\/wp-content\/gallery\/6.BASK%20ABL%20Ziemassv%C4%93tku%20Grand%20Prix%202017\/thumbs\/thumbs_IMG_6744.JPG\"\n\t\t\t\tdata-image-id=\"4754\"\n\t\t\t\tdata-title=\"Je\u013cena Blagova\"\n\t\t\t\tdata-description=\"\"\n\t\t\t\tdata-image-slug=\"img_6744\"\n\t\t\t\tclass=\"ngg-fancybox\" rel=\"a506cb2cc16473342802dec23ea35ef8\">\n\t\t\t\t<img\n\t\t\t\t\ttitle=\"Je\u013cena Blagova\"\n\t\t\t\t\talt=\"Je\u013cena Blagova\"\n\t\t\t\t\tdata-src=\"https:\/\/www.vissparboulingu.lv\/video\/wp-content\/gallery\/6.BASK%20ABL%20Ziemassv%C4%93tku%20Grand%20Prix%202017\/thumbs\/thumbs_IMG_6744.JPG\"\n\t\t\t\t\twidth=\"240\"\n\t\t\t\t\theight=\"160\"\n\t\t\t\t\tstyle=\"--smush-placeholder-width: 240px; --smush-placeholder-aspect-ratio: 240\/160;max-width:100%;\"\n\t\t\t\t src=\"data:image\/svg+xml;base64,PHN2ZyB3aWR0aD0iMSIgaGVpZ2h0PSIxIiB4bWxucz0iaHR0cDovL3d3dy53My5vcmcvMjAwMC9zdmciPjwvc3ZnPg==\" class=\"lazyload\" \/>\n\t\t\t<\/a>\n\t\t<\/div>\n\t\t\t\t\t\t\t<\/div>\n\t\t\t\n\t\t\n\t\t\t\t<div id=\"ngg-image-8\" class=\"ngg-gallery-thumbnail-box\"\n\t\t\t\t\t\t\t\t\t\t\t>\n\t\t\t\t\t\t<div class=\"ngg-gallery-thumbnail\">\n\t\t\t<a href=\"https:\/\/www.vissparboulingu.lv\/video\/wp-content\/gallery\/6.BASK%20ABL%20Ziemassv%C4%93tku%20Grand%20Prix%202017\/IMG_6705.JPG\"\n\t\t\t\ttitle=\"\"\n\t\t\t\tdata-src=\"https:\/\/www.vissparboulingu.lv\/video\/wp-content\/gallery\/6.BASK%20ABL%20Ziemassv%C4%93tku%20Grand%20Prix%202017\/IMG_6705.JPG\"\n\t\t\t\tdata-thumbnail=\"https:\/\/www.vissparboulingu.lv\/video\/wp-content\/gallery\/6.BASK%20ABL%20Ziemassv%C4%93tku%20Grand%20Prix%202017\/thumbs\/thumbs_IMG_6705.JPG\"\n\t\t\t\tdata-image-id=\"4746\"\n\t\t\t\tdata-title=\"Art\u016brs \u013bevikins\"\n\t\t\t\tdata-description=\"\"\n\t\t\t\tdata-image-slug=\"img_6705\"\n\t\t\t\tclass=\"ngg-fancybox\" rel=\"a506cb2cc16473342802dec23ea35ef8\">\n\t\t\t\t<img\n\t\t\t\t\ttitle=\"Art\u016brs \u013bevikins\"\n\t\t\t\t\talt=\"Art\u016brs \u013bevikins\"\n\t\t\t\t\tdata-src=\"https:\/\/www.vissparboulingu.lv\/video\/wp-content\/gallery\/6.BASK%20ABL%20Ziemassv%C4%93tku%20Grand%20Prix%202017\/thumbs\/thumbs_IMG_6705.JPG\"\n\t\t\t\t\twidth=\"240\"\n\t\t\t\t\theight=\"160\"\n\t\t\t\t\tstyle=\"--smush-placeholder-width: 240px; --smush-placeholder-aspect-ratio: 240\/160;max-width:100%;\"\n\t\t\t\t src=\"data:image\/svg+xml;base64,PHN2ZyB3aWR0aD0iMSIgaGVpZ2h0PSIxIiB4bWxucz0iaHR0cDovL3d3dy53My5vcmcvMjAwMC9zdmciPjwvc3ZnPg==\" class=\"lazyload\" \/>\n\t\t\t<\/a>\n\t\t<\/div>\n\t\t\t\t\t\t\t<\/div>\n\t\t\t\n\t\t\n\t\t\t\t<div id=\"ngg-image-9\" class=\"ngg-gallery-thumbnail-box\"\n\t\t\t\t\t\t\t\t\t\t\t>\n\t\t\t\t\t\t<div class=\"ngg-gallery-thumbnail\">\n\t\t\t<a href=\"https:\/\/www.vissparboulingu.lv\/video\/wp-content\/gallery\/6.BASK%20ABL%20Ziemassv%C4%93tku%20Grand%20Prix%202017\/IMG_6746.JPG\"\n\t\t\t\ttitle=\"\"\n\t\t\t\tdata-src=\"https:\/\/www.vissparboulingu.lv\/video\/wp-content\/gallery\/6.BASK%20ABL%20Ziemassv%C4%93tku%20Grand%20Prix%202017\/IMG_6746.JPG\"\n\t\t\t\tdata-thumbnail=\"https:\/\/www.vissparboulingu.lv\/video\/wp-content\/gallery\/6.BASK%20ABL%20Ziemassv%C4%93tku%20Grand%20Prix%202017\/thumbs\/thumbs_IMG_6746.JPG\"\n\t\t\t\tdata-image-id=\"4756\"\n\t\t\t\tdata-title=\"Lab\u0101kais \u010detrinieks\"\n\t\t\t\tdata-description=\"\"\n\t\t\t\tdata-image-slug=\"img_6746\"\n\t\t\t\tclass=\"ngg-fancybox\" rel=\"a506cb2cc16473342802dec23ea35ef8\">\n\t\t\t\t<img\n\t\t\t\t\ttitle=\"Lab\u0101kais \u010detrinieks\"\n\t\t\t\t\talt=\"Lab\u0101kais \u010detrinieks\"\n\t\t\t\t\tdata-src=\"https:\/\/www.vissparboulingu.lv\/video\/wp-content\/gallery\/6.BASK%20ABL%20Ziemassv%C4%93tku%20Grand%20Prix%202017\/thumbs\/thumbs_IMG_6746.JPG\"\n\t\t\t\t\twidth=\"240\"\n\t\t\t\t\theight=\"160\"\n\t\t\t\t\tstyle=\"--smush-placeholder-width: 240px; --smush-placeholder-aspect-ratio: 240\/160;max-width:100%;\"\n\t\t\t\t src=\"data:image\/svg+xml;base64,PHN2ZyB3aWR0aD0iMSIgaGVpZ2h0PSIxIiB4bWxucz0iaHR0cDovL3d3dy53My5vcmcvMjAwMC9zdmciPjwvc3ZnPg==\" class=\"lazyload\" \/>\n\t\t\t<\/a>\n\t\t<\/div>\n\t\t\t\t\t\t\t<\/div>\n\t\t\t\n\t\t\n\t\t\t\t<div id=\"ngg-image-10\" class=\"ngg-gallery-thumbnail-box\"\n\t\t\t\t\t\t\t\t\t\t\t>\n\t\t\t\t\t\t<div class=\"ngg-gallery-thumbnail\">\n\t\t\t<a href=\"https:\/\/www.vissparboulingu.lv\/video\/wp-content\/gallery\/6.BASK%20ABL%20Ziemassv%C4%93tku%20Grand%20Prix%202017\/IMG_6747.JPG\"\n\t\t\t\ttitle=\"\"\n\t\t\t\tdata-src=\"https:\/\/www.vissparboulingu.lv\/video\/wp-content\/gallery\/6.BASK%20ABL%20Ziemassv%C4%93tku%20Grand%20Prix%202017\/IMG_6747.JPG\"\n\t\t\t\tdata-thumbnail=\"https:\/\/www.vissparboulingu.lv\/video\/wp-content\/gallery\/6.BASK%20ABL%20Ziemassv%C4%93tku%20Grand%20Prix%202017\/thumbs\/thumbs_IMG_6747.JPG\"\n\t\t\t\tdata-image-id=\"4757\"\n\t\t\t\tdata-title=\"Lab\u0101kais \u010detrinieks\"\n\t\t\t\tdata-description=\"\"\n\t\t\t\tdata-image-slug=\"img_6747\"\n\t\t\t\tclass=\"ngg-fancybox\" rel=\"a506cb2cc16473342802dec23ea35ef8\">\n\t\t\t\t<img\n\t\t\t\t\ttitle=\"Lab\u0101kais \u010detrinieks\"\n\t\t\t\t\talt=\"Lab\u0101kais \u010detrinieks\"\n\t\t\t\t\tdata-src=\"https:\/\/www.vissparboulingu.lv\/video\/wp-content\/gallery\/6.BASK%20ABL%20Ziemassv%C4%93tku%20Grand%20Prix%202017\/thumbs\/thumbs_IMG_6747.JPG\"\n\t\t\t\t\twidth=\"240\"\n\t\t\t\t\theight=\"160\"\n\t\t\t\t\tstyle=\"--smush-placeholder-width: 240px; --smush-placeholder-aspect-ratio: 240\/160;max-width:100%;\"\n\t\t\t\t src=\"data:image\/svg+xml;base64,PHN2ZyB3aWR0aD0iMSIgaGVpZ2h0PSIxIiB4bWxucz0iaHR0cDovL3d3dy53My5vcmcvMjAwMC9zdmciPjwvc3ZnPg==\" class=\"lazyload\" \/>\n\t\t\t<\/a>\n\t\t<\/div>\n\t\t\t\t\t\t\t<\/div>\n\t\t\t\n\t\t\n\t\t\t\t<div id=\"ngg-image-11\" class=\"ngg-gallery-thumbnail-box\"\n\t\t\t\t\t\t\t\t\t\t\t>\n\t\t\t\t\t\t<div class=\"ngg-gallery-thumbnail\">\n\t\t\t<a href=\"https:\/\/www.vissparboulingu.lv\/video\/wp-content\/gallery\/6.BASK%20ABL%20Ziemassv%C4%93tku%20Grand%20Prix%202017\/IMG_6748.JPG\"\n\t\t\t\ttitle=\"\"\n\t\t\t\tdata-src=\"https:\/\/www.vissparboulingu.lv\/video\/wp-content\/gallery\/6.BASK%20ABL%20Ziemassv%C4%93tku%20Grand%20Prix%202017\/IMG_6748.JPG\"\n\t\t\t\tdata-thumbnail=\"https:\/\/www.vissparboulingu.lv\/video\/wp-content\/gallery\/6.BASK%20ABL%20Ziemassv%C4%93tku%20Grand%20Prix%202017\/thumbs\/thumbs_IMG_6748.JPG\"\n\t\t\t\tdata-image-id=\"4758\"\n\t\t\t\tdata-title=\"Visi fin\u0101listi\"\n\t\t\t\tdata-description=\"\"\n\t\t\t\tdata-image-slug=\"img_6748\"\n\t\t\t\tclass=\"ngg-fancybox\" rel=\"a506cb2cc16473342802dec23ea35ef8\">\n\t\t\t\t<img\n\t\t\t\t\ttitle=\"Visi fin\u0101listi\"\n\t\t\t\t\talt=\"Visi fin\u0101listi\"\n\t\t\t\t\tdata-src=\"https:\/\/www.vissparboulingu.lv\/video\/wp-content\/gallery\/6.BASK%20ABL%20Ziemassv%C4%93tku%20Grand%20Prix%202017\/thumbs\/thumbs_IMG_6748.JPG\"\n\t\t\t\t\twidth=\"240\"\n\t\t\t\t\theight=\"160\"\n\t\t\t\t\tstyle=\"--smush-placeholder-width: 240px; --smush-placeholder-aspect-ratio: 240\/160;max-width:100%;\"\n\t\t\t\t src=\"data:image\/svg+xml;base64,PHN2ZyB3aWR0aD0iMSIgaGVpZ2h0PSIxIiB4bWxucz0iaHR0cDovL3d3dy53My5vcmcvMjAwMC9zdmciPjwvc3ZnPg==\" class=\"lazyload\" \/>\n\t\t\t<\/a>\n\t\t<\/div>\n\t\t\t\t\t\t\t<\/div>\n\t\t\t\n\t\t\n\t\t\t\t<div id=\"ngg-image-12\" class=\"ngg-gallery-thumbnail-box\"\n\t\t\t\t\t\t\t\t\t\t\t>\n\t\t\t\t\t\t<div class=\"ngg-gallery-thumbnail\">\n\t\t\t<a href=\"https:\/\/www.vissparboulingu.lv\/video\/wp-content\/gallery\/6.BASK%20ABL%20Ziemassv%C4%93tku%20Grand%20Prix%202017\/IMG_6749.JPG\"\n\t\t\t\ttitle=\"\"\n\t\t\t\tdata-src=\"https:\/\/www.vissparboulingu.lv\/video\/wp-content\/gallery\/6.BASK%20ABL%20Ziemassv%C4%93tku%20Grand%20Prix%202017\/IMG_6749.JPG\"\n\t\t\t\tdata-thumbnail=\"https:\/\/www.vissparboulingu.lv\/video\/wp-content\/gallery\/6.BASK%20ABL%20Ziemassv%C4%93tku%20Grand%20Prix%202017\/thumbs\/thumbs_IMG_6749.JPG\"\n\t\t\t\tdata-image-id=\"4759\"\n\t\t\t\tdata-title=\"Visi fin\u0101listi\"\n\t\t\t\tdata-description=\"\"\n\t\t\t\tdata-image-slug=\"img_6749\"\n\t\t\t\tclass=\"ngg-fancybox\" rel=\"a506cb2cc16473342802dec23ea35ef8\">\n\t\t\t\t<img\n\t\t\t\t\ttitle=\"Visi fin\u0101listi\"\n\t\t\t\t\talt=\"Visi fin\u0101listi\"\n\t\t\t\t\tdata-src=\"https:\/\/www.vissparboulingu.lv\/video\/wp-content\/gallery\/6.BASK%20ABL%20Ziemassv%C4%93tku%20Grand%20Prix%202017\/thumbs\/thumbs_IMG_6749.JPG\"\n\t\t\t\t\twidth=\"240\"\n\t\t\t\t\theight=\"160\"\n\t\t\t\t\tstyle=\"--smush-placeholder-width: 240px; --smush-placeholder-aspect-ratio: 240\/160;max-width:100%;\"\n\t\t\t\t src=\"data:image\/svg+xml;base64,PHN2ZyB3aWR0aD0iMSIgaGVpZ2h0PSIxIiB4bWxucz0iaHR0cDovL3d3dy53My5vcmcvMjAwMC9zdmciPjwvc3ZnPg==\" class=\"lazyload\" \/>\n\t\t\t<\/a>\n\t\t<\/div>\n\t\t\t\t\t\t\t<\/div>\n\t\t\t\n\t\t\n\t\t\t\t<div id=\"ngg-image-13\" class=\"ngg-gallery-thumbnail-box\"\n\t\t\t\t\t\t\t\t\t\t\t>\n\t\t\t\t\t\t<div class=\"ngg-gallery-thumbnail\">\n\t\t\t<a href=\"https:\/\/www.vissparboulingu.lv\/video\/wp-content\/gallery\/6.BASK%20ABL%20Ziemassv%C4%93tku%20Grand%20Prix%202017\/IMG_6750.JPG\"\n\t\t\t\ttitle=\"\"\n\t\t\t\tdata-src=\"https:\/\/www.vissparboulingu.lv\/video\/wp-content\/gallery\/6.BASK%20ABL%20Ziemassv%C4%93tku%20Grand%20Prix%202017\/IMG_6750.JPG\"\n\t\t\t\tdata-thumbnail=\"https:\/\/www.vissparboulingu.lv\/video\/wp-content\/gallery\/6.BASK%20ABL%20Ziemassv%C4%93tku%20Grand%20Prix%202017\/thumbs\/thumbs_IMG_6750.JPG\"\n\t\t\t\tdata-image-id=\"4760\"\n\t\t\t\tdata-title=\"Visi fin\u0101listi\"\n\t\t\t\tdata-description=\"\"\n\t\t\t\tdata-image-slug=\"img_6750\"\n\t\t\t\tclass=\"ngg-fancybox\" rel=\"a506cb2cc16473342802dec23ea35ef8\">\n\t\t\t\t<img\n\t\t\t\t\ttitle=\"Visi fin\u0101listi\"\n\t\t\t\t\talt=\"Visi fin\u0101listi\"\n\t\t\t\t\tdata-src=\"https:\/\/www.vissparboulingu.lv\/video\/wp-content\/gallery\/6.BASK%20ABL%20Ziemassv%C4%93tku%20Grand%20Prix%202017\/thumbs\/thumbs_IMG_6750.JPG\"\n\t\t\t\t\twidth=\"240\"\n\t\t\t\t\theight=\"160\"\n\t\t\t\t\tstyle=\"--smush-placeholder-width: 240px; --smush-placeholder-aspect-ratio: 240\/160;max-width:100%;\"\n\t\t\t\t src=\"data:image\/svg+xml;base64,PHN2ZyB3aWR0aD0iMSIgaGVpZ2h0PSIxIiB4bWxucz0iaHR0cDovL3d3dy53My5vcmcvMjAwMC9zdmciPjwvc3ZnPg==\" class=\"lazyload\" \/>\n\t\t\t<\/a>\n\t\t<\/div>\n\t\t\t\t\t\t\t<\/div>\n\t\t\t\n\t\t\n\t\t\t\t<div id=\"ngg-image-14\" class=\"ngg-gallery-thumbnail-box\"\n\t\t\t\t\t\t\t\t\t\t\t>\n\t\t\t\t\t\t<div class=\"ngg-gallery-thumbnail\">\n\t\t\t<a href=\"https:\/\/www.vissparboulingu.lv\/video\/wp-content\/gallery\/6.BASK%20ABL%20Ziemassv%C4%93tku%20Grand%20Prix%202017\/IMG_6751.JPG\"\n\t\t\t\ttitle=\"\"\n\t\t\t\tdata-src=\"https:\/\/www.vissparboulingu.lv\/video\/wp-content\/gallery\/6.BASK%20ABL%20Ziemassv%C4%93tku%20Grand%20Prix%202017\/IMG_6751.JPG\"\n\t\t\t\tdata-thumbnail=\"https:\/\/www.vissparboulingu.lv\/video\/wp-content\/gallery\/6.BASK%20ABL%20Ziemassv%C4%93tku%20Grand%20Prix%202017\/thumbs\/thumbs_IMG_6751.JPG\"\n\t\t\t\tdata-image-id=\"4761\"\n\t\t\t\tdata-title=\"M\u0101ris Dukurs\"\n\t\t\t\tdata-description=\"\"\n\t\t\t\tdata-image-slug=\"img_6751\"\n\t\t\t\tclass=\"ngg-fancybox\" rel=\"a506cb2cc16473342802dec23ea35ef8\">\n\t\t\t\t<img\n\t\t\t\t\ttitle=\"M\u0101ris Dukurs\"\n\t\t\t\t\talt=\"M\u0101ris Dukurs\"\n\t\t\t\t\tdata-src=\"https:\/\/www.vissparboulingu.lv\/video\/wp-content\/gallery\/6.BASK%20ABL%20Ziemassv%C4%93tku%20Grand%20Prix%202017\/thumbs\/thumbs_IMG_6751.JPG\"\n\t\t\t\t\twidth=\"240\"\n\t\t\t\t\theight=\"160\"\n\t\t\t\t\tstyle=\"--smush-placeholder-width: 240px; --smush-placeholder-aspect-ratio: 240\/160;max-width:100%;\"\n\t\t\t\t src=\"data:image\/svg+xml;base64,PHN2ZyB3aWR0aD0iMSIgaGVpZ2h0PSIxIiB4bWxucz0iaHR0cDovL3d3dy53My5vcmcvMjAwMC9zdmciPjwvc3ZnPg==\" class=\"lazyload\" \/>\n\t\t\t<\/a>\n\t\t<\/div>\n\t\t\t\t\t\t\t<\/div>\n\t\t\t\n\t\t\n\t\t\n\t\t<!-- Pagination -->\n\t\t<div class='ngg-navigation'><span class='current'>1<\/span>\n<a class='page-numbers' data-pageid='2' href='https:\/\/www.vissparboulingu.lv\/video\/6-bask-abl-ziemassvetku-grand-prix-2017\/nggallery\/page\/2'>2<\/a>\n<a class='prev' href='https:\/\/www.vissparboulingu.lv\/video\/6-bask-abl-ziemassvetku-grand-prix-2017\/nggallery\/page\/2' data-pageid=2>&#9658;<\/a><\/div>\t<\/div>\n<\/p>\n","protected":false},"excerpt":{"rendered":"<p>1 2 &#9658;<\/p>\n","protected":false},"author":1,"featured_media":10131,"parent":0,"menu_order":0,"comment_status":"closed","ping_status":"closed","template":"","meta":{"_et_pb_use_builder":"","_et_pb_old_content":"","_et_gb_content_width":"","ngg_post_thumbnail":0,"footnotes":""},"class_list":["post-10129","page","type-page","status-publish","has-post-thumbnail","hentry"],"aioseo_notices":[],"_links":{"self":[{"href":"https:\/\/www.vissparboulingu.lv\/video\/wp-json\/wp\/v2\/pages\/10129","targetHints":{"allow":["GET"]}}],"collection":[{"href":"https:\/\/www.vissparboulingu.lv\/video\/wp-json\/wp\/v2\/pages"}],"about":[{"href":"https:\/\/www.vissparboulingu.lv\/video\/wp-json\/wp\/v2\/types\/page"}],"author":[{"embeddable":true,"href":"https:\/\/www.vissparboulingu.lv\/video\/wp-json\/wp\/v2\/users\/1"}],"replies":[{"embeddable":true,"href":"https:\/\/www.vissparboulingu.lv\/video\/wp-json\/wp\/v2\/comments?post=10129"}],"version-history":[{"count":0,"href":"https:\/\/www.vissparboulingu.lv\/video\/wp-json\/wp\/v2\/pages\/10129\/revisions"}],"wp:featuredmedia":[{"embeddable":true,"href":"https:\/\/www.vissparboulingu.lv\/video\/wp-json\/wp\/v2\/media\/10131"}],"wp:attachment":[{"href":"https:\/\/www.vissparboulingu.lv\/video\/wp-json\/wp\/v2\/media?parent=10129"}],"curies":[{"name":"wp","href":"https:\/\/api.w.org\/{rel}","templated":true}]}}