{"id":10267,"date":"2018-02-26T17:12:12","date_gmt":"2018-02-26T17:12:12","guid":{"rendered":"http:\/\/www.vissparboulingu.lv\/video\/?page_id=10267"},"modified":"2018-02-26T17:12:12","modified_gmt":"2018-02-26T17:12:12","slug":"ten-pin-meistars-2018","status":"publish","type":"page","link":"https:\/\/www.vissparboulingu.lv\/video\/ten-pin-meistars-2018\/","title":{"rendered":"Ten Pin Meistars 2018"},"content":{"rendered":"<p><!-- index.php -->\n<div\n\tclass=\"ngg-galleryoverview\n\t\t\"\n\tid=\"ngg-gallery-f74108fb494e4de068279d2bb095f9da-1\">\n\n\t\t\t<!-- Thumbnails -->\n\t\t\t\t<div id=\"ngg-image-0\" class=\"ngg-gallery-thumbnail-box\"\n\t\t\t\t\t\t\t\t\t\t\t>\n\t\t\t\t\t\t<div class=\"ngg-gallery-thumbnail\">\n\t\t\t<a href=\"https:\/\/www.vissparboulingu.lv\/video\/wp-content\/gallery\/Ten%20Pin%20Meistars%202018\/2018-02-22-17.08.37.jpg\"\n\t\t\t\ttitle=\"\"\n\t\t\t\tdata-src=\"https:\/\/www.vissparboulingu.lv\/video\/wp-content\/gallery\/Ten%20Pin%20Meistars%202018\/2018-02-22-17.08.37.jpg\"\n\t\t\t\tdata-thumbnail=\"https:\/\/www.vissparboulingu.lv\/video\/wp-content\/gallery\/Ten%20Pin%20Meistars%202018\/thumbs\/thumbs_2018-02-22-17.08.37.jpg\"\n\t\t\t\tdata-image-id=\"4812\"\n\t\t\t\tdata-title=\"Ten Pin Meistars 2018\"\n\t\t\t\tdata-description=\"\"\n\t\t\t\tdata-image-slug=\"2018-02-22-17-08-37\"\n\t\t\t\tclass=\"ngg-fancybox\" rel=\"f74108fb494e4de068279d2bb095f9da\">\n\t\t\t\t<img\n\t\t\t\t\ttitle=\"Ten Pin Meistars 2018\"\n\t\t\t\t\talt=\"Ten Pin Meistars 2018\"\n\t\t\t\t\tdata-src=\"https:\/\/www.vissparboulingu.lv\/video\/wp-content\/gallery\/Ten%20Pin%20Meistars%202018\/thumbs\/thumbs_2018-02-22-17.08.37.jpg\"\n\t\t\t\t\twidth=\"240\"\n\t\t\t\t\theight=\"160\"\n\t\t\t\t\tstyle=\"--smush-placeholder-width: 240px; --smush-placeholder-aspect-ratio: 240\/160;max-width:100%;\"\n\t\t\t\t src=\"data:image\/svg+xml;base64,PHN2ZyB3aWR0aD0iMSIgaGVpZ2h0PSIxIiB4bWxucz0iaHR0cDovL3d3dy53My5vcmcvMjAwMC9zdmciPjwvc3ZnPg==\" class=\"lazyload\" \/>\n\t\t\t<\/a>\n\t\t<\/div>\n\t\t\t\t\t\t\t<\/div>\n\t\t\t\n\t\t\n\t\t\t\t<div id=\"ngg-image-1\" class=\"ngg-gallery-thumbnail-box\"\n\t\t\t\t\t\t\t\t\t\t\t>\n\t\t\t\t\t\t<div class=\"ngg-gallery-thumbnail\">\n\t\t\t<a href=\"https:\/\/www.vissparboulingu.lv\/video\/wp-content\/gallery\/Ten%20Pin%20Meistars%202018\/2018-02-22-17.08.49.jpg\"\n\t\t\t\ttitle=\"\"\n\t\t\t\tdata-src=\"https:\/\/www.vissparboulingu.lv\/video\/wp-content\/gallery\/Ten%20Pin%20Meistars%202018\/2018-02-22-17.08.49.jpg\"\n\t\t\t\tdata-thumbnail=\"https:\/\/www.vissparboulingu.lv\/video\/wp-content\/gallery\/Ten%20Pin%20Meistars%202018\/thumbs\/thumbs_2018-02-22-17.08.49.jpg\"\n\t\t\t\tdata-image-id=\"4813\"\n\t\t\t\tdata-title=\"Ten Pin Meistars 2018\"\n\t\t\t\tdata-description=\"\"\n\t\t\t\tdata-image-slug=\"2018-02-22-17-08-49\"\n\t\t\t\tclass=\"ngg-fancybox\" rel=\"f74108fb494e4de068279d2bb095f9da\">\n\t\t\t\t<img\n\t\t\t\t\ttitle=\"Ten Pin Meistars 2018\"\n\t\t\t\t\talt=\"Ten Pin Meistars 2018\"\n\t\t\t\t\tdata-src=\"https:\/\/www.vissparboulingu.lv\/video\/wp-content\/gallery\/Ten%20Pin%20Meistars%202018\/thumbs\/thumbs_2018-02-22-17.08.49.jpg\"\n\t\t\t\t\twidth=\"240\"\n\t\t\t\t\theight=\"160\"\n\t\t\t\t\tstyle=\"--smush-placeholder-width: 240px; --smush-placeholder-aspect-ratio: 240\/160;max-width:100%;\"\n\t\t\t\t src=\"data:image\/svg+xml;base64,PHN2ZyB3aWR0aD0iMSIgaGVpZ2h0PSIxIiB4bWxucz0iaHR0cDovL3d3dy53My5vcmcvMjAwMC9zdmciPjwvc3ZnPg==\" class=\"lazyload\" \/>\n\t\t\t<\/a>\n\t\t<\/div>\n\t\t\t\t\t\t\t<\/div>\n\t\t\t\n\t\t\n\t\t\t\t<div id=\"ngg-image-2\" class=\"ngg-gallery-thumbnail-box\"\n\t\t\t\t\t\t\t\t\t\t\t>\n\t\t\t\t\t\t<div class=\"ngg-gallery-thumbnail\">\n\t\t\t<a href=\"https:\/\/www.vissparboulingu.lv\/video\/wp-content\/gallery\/Ten%20Pin%20Meistars%202018\/2018-02-24-10.41.06.jpg\"\n\t\t\t\ttitle=\"\"\n\t\t\t\tdata-src=\"https:\/\/www.vissparboulingu.lv\/video\/wp-content\/gallery\/Ten%20Pin%20Meistars%202018\/2018-02-24-10.41.06.jpg\"\n\t\t\t\tdata-thumbnail=\"https:\/\/www.vissparboulingu.lv\/video\/wp-content\/gallery\/Ten%20Pin%20Meistars%202018\/thumbs\/thumbs_2018-02-24-10.41.06.jpg\"\n\t\t\t\tdata-image-id=\"4814\"\n\t\t\t\tdata-title=\"Ten Pin Meistars 2018\"\n\t\t\t\tdata-description=\"\"\n\t\t\t\tdata-image-slug=\"2018-02-24-10-41-06\"\n\t\t\t\tclass=\"ngg-fancybox\" rel=\"f74108fb494e4de068279d2bb095f9da\">\n\t\t\t\t<img\n\t\t\t\t\ttitle=\"Ten Pin Meistars 2018\"\n\t\t\t\t\talt=\"Ten Pin Meistars 2018\"\n\t\t\t\t\tdata-src=\"https:\/\/www.vissparboulingu.lv\/video\/wp-content\/gallery\/Ten%20Pin%20Meistars%202018\/thumbs\/thumbs_2018-02-24-10.41.06.jpg\"\n\t\t\t\t\twidth=\"240\"\n\t\t\t\t\theight=\"160\"\n\t\t\t\t\tstyle=\"--smush-placeholder-width: 240px; --smush-placeholder-aspect-ratio: 240\/160;max-width:100%;\"\n\t\t\t\t src=\"data:image\/svg+xml;base64,PHN2ZyB3aWR0aD0iMSIgaGVpZ2h0PSIxIiB4bWxucz0iaHR0cDovL3d3dy53My5vcmcvMjAwMC9zdmciPjwvc3ZnPg==\" class=\"lazyload\" \/>\n\t\t\t<\/a>\n\t\t<\/div>\n\t\t\t\t\t\t\t<\/div>\n\t\t\t\n\t\t\n\t\t\t\t<div id=\"ngg-image-3\" class=\"ngg-gallery-thumbnail-box\"\n\t\t\t\t\t\t\t\t\t\t\t>\n\t\t\t\t\t\t<div class=\"ngg-gallery-thumbnail\">\n\t\t\t<a href=\"https:\/\/www.vissparboulingu.lv\/video\/wp-content\/gallery\/Ten%20Pin%20Meistars%202018\/2018-02-24-10.41.13.jpg\"\n\t\t\t\ttitle=\"\"\n\t\t\t\tdata-src=\"https:\/\/www.vissparboulingu.lv\/video\/wp-content\/gallery\/Ten%20Pin%20Meistars%202018\/2018-02-24-10.41.13.jpg\"\n\t\t\t\tdata-thumbnail=\"https:\/\/www.vissparboulingu.lv\/video\/wp-content\/gallery\/Ten%20Pin%20Meistars%202018\/thumbs\/thumbs_2018-02-24-10.41.13.jpg\"\n\t\t\t\tdata-image-id=\"4815\"\n\t\t\t\tdata-title=\"Ten Pin Meistars 2018\"\n\t\t\t\tdata-description=\"\"\n\t\t\t\tdata-image-slug=\"2018-02-24-10-41-13\"\n\t\t\t\tclass=\"ngg-fancybox\" rel=\"f74108fb494e4de068279d2bb095f9da\">\n\t\t\t\t<img\n\t\t\t\t\ttitle=\"Ten Pin Meistars 2018\"\n\t\t\t\t\talt=\"Ten Pin Meistars 2018\"\n\t\t\t\t\tdata-src=\"https:\/\/www.vissparboulingu.lv\/video\/wp-content\/gallery\/Ten%20Pin%20Meistars%202018\/thumbs\/thumbs_2018-02-24-10.41.13.jpg\"\n\t\t\t\t\twidth=\"240\"\n\t\t\t\t\theight=\"160\"\n\t\t\t\t\tstyle=\"--smush-placeholder-width: 240px; --smush-placeholder-aspect-ratio: 240\/160;max-width:100%;\"\n\t\t\t\t src=\"data:image\/svg+xml;base64,PHN2ZyB3aWR0aD0iMSIgaGVpZ2h0PSIxIiB4bWxucz0iaHR0cDovL3d3dy53My5vcmcvMjAwMC9zdmciPjwvc3ZnPg==\" class=\"lazyload\" \/>\n\t\t\t<\/a>\n\t\t<\/div>\n\t\t\t\t\t\t\t<\/div>\n\t\t\t\n\t\t\n\t\t\t\t<div id=\"ngg-image-4\" class=\"ngg-gallery-thumbnail-box\"\n\t\t\t\t\t\t\t\t\t\t\t>\n\t\t\t\t\t\t<div class=\"ngg-gallery-thumbnail\">\n\t\t\t<a href=\"https:\/\/www.vissparboulingu.lv\/video\/wp-content\/gallery\/Ten%20Pin%20Meistars%202018\/2018-02-24-10.41.18.jpg\"\n\t\t\t\ttitle=\"\"\n\t\t\t\tdata-src=\"https:\/\/www.vissparboulingu.lv\/video\/wp-content\/gallery\/Ten%20Pin%20Meistars%202018\/2018-02-24-10.41.18.jpg\"\n\t\t\t\tdata-thumbnail=\"https:\/\/www.vissparboulingu.lv\/video\/wp-content\/gallery\/Ten%20Pin%20Meistars%202018\/thumbs\/thumbs_2018-02-24-10.41.18.jpg\"\n\t\t\t\tdata-image-id=\"4816\"\n\t\t\t\tdata-title=\"Ten Pin Meistars 2018\"\n\t\t\t\tdata-description=\"\"\n\t\t\t\tdata-image-slug=\"2018-02-24-10-41-18\"\n\t\t\t\tclass=\"ngg-fancybox\" rel=\"f74108fb494e4de068279d2bb095f9da\">\n\t\t\t\t<img\n\t\t\t\t\ttitle=\"Ten Pin Meistars 2018\"\n\t\t\t\t\talt=\"Ten Pin Meistars 2018\"\n\t\t\t\t\tdata-src=\"https:\/\/www.vissparboulingu.lv\/video\/wp-content\/gallery\/Ten%20Pin%20Meistars%202018\/thumbs\/thumbs_2018-02-24-10.41.18.jpg\"\n\t\t\t\t\twidth=\"240\"\n\t\t\t\t\theight=\"160\"\n\t\t\t\t\tstyle=\"--smush-placeholder-width: 240px; --smush-placeholder-aspect-ratio: 240\/160;max-width:100%;\"\n\t\t\t\t src=\"data:image\/svg+xml;base64,PHN2ZyB3aWR0aD0iMSIgaGVpZ2h0PSIxIiB4bWxucz0iaHR0cDovL3d3dy53My5vcmcvMjAwMC9zdmciPjwvc3ZnPg==\" class=\"lazyload\" \/>\n\t\t\t<\/a>\n\t\t<\/div>\n\t\t\t\t\t\t\t<\/div>\n\t\t\t\n\t\t\n\t\t\t\t<div id=\"ngg-image-5\" class=\"ngg-gallery-thumbnail-box\"\n\t\t\t\t\t\t\t\t\t\t\t>\n\t\t\t\t\t\t<div class=\"ngg-gallery-thumbnail\">\n\t\t\t<a href=\"https:\/\/www.vissparboulingu.lv\/video\/wp-content\/gallery\/Ten%20Pin%20Meistars%202018\/2018-02-25-09.54.06.jpg\"\n\t\t\t\ttitle=\"\"\n\t\t\t\tdata-src=\"https:\/\/www.vissparboulingu.lv\/video\/wp-content\/gallery\/Ten%20Pin%20Meistars%202018\/2018-02-25-09.54.06.jpg\"\n\t\t\t\tdata-thumbnail=\"https:\/\/www.vissparboulingu.lv\/video\/wp-content\/gallery\/Ten%20Pin%20Meistars%202018\/thumbs\/thumbs_2018-02-25-09.54.06.jpg\"\n\t\t\t\tdata-image-id=\"4817\"\n\t\t\t\tdata-title=\"Ten Pin Meistars 2018\"\n\t\t\t\tdata-description=\"\"\n\t\t\t\tdata-image-slug=\"2018-02-25-09-54-06\"\n\t\t\t\tclass=\"ngg-fancybox\" rel=\"f74108fb494e4de068279d2bb095f9da\">\n\t\t\t\t<img\n\t\t\t\t\ttitle=\"Ten Pin Meistars 2018\"\n\t\t\t\t\talt=\"Ten Pin Meistars 2018\"\n\t\t\t\t\tdata-src=\"https:\/\/www.vissparboulingu.lv\/video\/wp-content\/gallery\/Ten%20Pin%20Meistars%202018\/thumbs\/thumbs_2018-02-25-09.54.06.jpg\"\n\t\t\t\t\twidth=\"240\"\n\t\t\t\t\theight=\"160\"\n\t\t\t\t\tstyle=\"--smush-placeholder-width: 240px; --smush-placeholder-aspect-ratio: 240\/160;max-width:100%;\"\n\t\t\t\t src=\"data:image\/svg+xml;base64,PHN2ZyB3aWR0aD0iMSIgaGVpZ2h0PSIxIiB4bWxucz0iaHR0cDovL3d3dy53My5vcmcvMjAwMC9zdmciPjwvc3ZnPg==\" class=\"lazyload\" \/>\n\t\t\t<\/a>\n\t\t<\/div>\n\t\t\t\t\t\t\t<\/div>\n\t\t\t\n\t\t\n\t\t\t\t<div id=\"ngg-image-6\" class=\"ngg-gallery-thumbnail-box\"\n\t\t\t\t\t\t\t\t\t\t\t>\n\t\t\t\t\t\t<div class=\"ngg-gallery-thumbnail\">\n\t\t\t<a href=\"https:\/\/www.vissparboulingu.lv\/video\/wp-content\/gallery\/Ten%20Pin%20Meistars%202018\/2018-02-25-11.45.06.jpg\"\n\t\t\t\ttitle=\"\"\n\t\t\t\tdata-src=\"https:\/\/www.vissparboulingu.lv\/video\/wp-content\/gallery\/Ten%20Pin%20Meistars%202018\/2018-02-25-11.45.06.jpg\"\n\t\t\t\tdata-thumbnail=\"https:\/\/www.vissparboulingu.lv\/video\/wp-content\/gallery\/Ten%20Pin%20Meistars%202018\/thumbs\/thumbs_2018-02-25-11.45.06.jpg\"\n\t\t\t\tdata-image-id=\"4818\"\n\t\t\t\tdata-title=\"Ten Pin Meistars 2018\"\n\t\t\t\tdata-description=\"\"\n\t\t\t\tdata-image-slug=\"2018-02-25-11-45-06\"\n\t\t\t\tclass=\"ngg-fancybox\" rel=\"f74108fb494e4de068279d2bb095f9da\">\n\t\t\t\t<img\n\t\t\t\t\ttitle=\"Ten Pin Meistars 2018\"\n\t\t\t\t\talt=\"Ten Pin Meistars 2018\"\n\t\t\t\t\tdata-src=\"https:\/\/www.vissparboulingu.lv\/video\/wp-content\/gallery\/Ten%20Pin%20Meistars%202018\/thumbs\/thumbs_2018-02-25-11.45.06.jpg\"\n\t\t\t\t\twidth=\"240\"\n\t\t\t\t\theight=\"160\"\n\t\t\t\t\tstyle=\"--smush-placeholder-width: 240px; --smush-placeholder-aspect-ratio: 240\/160;max-width:100%;\"\n\t\t\t\t src=\"data:image\/svg+xml;base64,PHN2ZyB3aWR0aD0iMSIgaGVpZ2h0PSIxIiB4bWxucz0iaHR0cDovL3d3dy53My5vcmcvMjAwMC9zdmciPjwvc3ZnPg==\" class=\"lazyload\" \/>\n\t\t\t<\/a>\n\t\t<\/div>\n\t\t\t\t\t\t\t<\/div>\n\t\t\t\n\t\t\n\t\t\t\t<div id=\"ngg-image-7\" class=\"ngg-gallery-thumbnail-box\"\n\t\t\t\t\t\t\t\t\t\t\t>\n\t\t\t\t\t\t<div class=\"ngg-gallery-thumbnail\">\n\t\t\t<a href=\"https:\/\/www.vissparboulingu.lv\/video\/wp-content\/gallery\/Ten%20Pin%20Meistars%202018\/2018-02-25-12.10.51.jpg\"\n\t\t\t\ttitle=\"\"\n\t\t\t\tdata-src=\"https:\/\/www.vissparboulingu.lv\/video\/wp-content\/gallery\/Ten%20Pin%20Meistars%202018\/2018-02-25-12.10.51.jpg\"\n\t\t\t\tdata-thumbnail=\"https:\/\/www.vissparboulingu.lv\/video\/wp-content\/gallery\/Ten%20Pin%20Meistars%202018\/thumbs\/thumbs_2018-02-25-12.10.51.jpg\"\n\t\t\t\tdata-image-id=\"4819\"\n\t\t\t\tdata-title=\"Ten Pin Meistars 2018\"\n\t\t\t\tdata-description=\"\"\n\t\t\t\tdata-image-slug=\"2018-02-25-12-10-51\"\n\t\t\t\tclass=\"ngg-fancybox\" rel=\"f74108fb494e4de068279d2bb095f9da\">\n\t\t\t\t<img\n\t\t\t\t\ttitle=\"Ten Pin Meistars 2018\"\n\t\t\t\t\talt=\"Ten Pin Meistars 2018\"\n\t\t\t\t\tdata-src=\"https:\/\/www.vissparboulingu.lv\/video\/wp-content\/gallery\/Ten%20Pin%20Meistars%202018\/thumbs\/thumbs_2018-02-25-12.10.51.jpg\"\n\t\t\t\t\twidth=\"240\"\n\t\t\t\t\theight=\"160\"\n\t\t\t\t\tstyle=\"--smush-placeholder-width: 240px; --smush-placeholder-aspect-ratio: 240\/160;max-width:100%;\"\n\t\t\t\t src=\"data:image\/svg+xml;base64,PHN2ZyB3aWR0aD0iMSIgaGVpZ2h0PSIxIiB4bWxucz0iaHR0cDovL3d3dy53My5vcmcvMjAwMC9zdmciPjwvc3ZnPg==\" class=\"lazyload\" \/>\n\t\t\t<\/a>\n\t\t<\/div>\n\t\t\t\t\t\t\t<\/div>\n\t\t\t\n\t\t\n\t\t\t\t<div id=\"ngg-image-8\" class=\"ngg-gallery-thumbnail-box\"\n\t\t\t\t\t\t\t\t\t\t\t>\n\t\t\t\t\t\t<div class=\"ngg-gallery-thumbnail\">\n\t\t\t<a href=\"https:\/\/www.vissparboulingu.lv\/video\/wp-content\/gallery\/Ten%20Pin%20Meistars%202018\/2018-02-25-12.53.11.jpg\"\n\t\t\t\ttitle=\"\"\n\t\t\t\tdata-src=\"https:\/\/www.vissparboulingu.lv\/video\/wp-content\/gallery\/Ten%20Pin%20Meistars%202018\/2018-02-25-12.53.11.jpg\"\n\t\t\t\tdata-thumbnail=\"https:\/\/www.vissparboulingu.lv\/video\/wp-content\/gallery\/Ten%20Pin%20Meistars%202018\/thumbs\/thumbs_2018-02-25-12.53.11.jpg\"\n\t\t\t\tdata-image-id=\"4820\"\n\t\t\t\tdata-title=\"Ten Pin Meistars 2018\"\n\t\t\t\tdata-description=\"\"\n\t\t\t\tdata-image-slug=\"2018-02-25-12-53-11\"\n\t\t\t\tclass=\"ngg-fancybox\" rel=\"f74108fb494e4de068279d2bb095f9da\">\n\t\t\t\t<img\n\t\t\t\t\ttitle=\"Ten Pin Meistars 2018\"\n\t\t\t\t\talt=\"Ten Pin Meistars 2018\"\n\t\t\t\t\tdata-src=\"https:\/\/www.vissparboulingu.lv\/video\/wp-content\/gallery\/Ten%20Pin%20Meistars%202018\/thumbs\/thumbs_2018-02-25-12.53.11.jpg\"\n\t\t\t\t\twidth=\"240\"\n\t\t\t\t\theight=\"160\"\n\t\t\t\t\tstyle=\"--smush-placeholder-width: 240px; --smush-placeholder-aspect-ratio: 240\/160;max-width:100%;\"\n\t\t\t\t src=\"data:image\/svg+xml;base64,PHN2ZyB3aWR0aD0iMSIgaGVpZ2h0PSIxIiB4bWxucz0iaHR0cDovL3d3dy53My5vcmcvMjAwMC9zdmciPjwvc3ZnPg==\" class=\"lazyload\" \/>\n\t\t\t<\/a>\n\t\t<\/div>\n\t\t\t\t\t\t\t<\/div>\n\t\t\t\n\t\t\n\t\t\t\t<div id=\"ngg-image-9\" class=\"ngg-gallery-thumbnail-box\"\n\t\t\t\t\t\t\t\t\t\t\t>\n\t\t\t\t\t\t<div class=\"ngg-gallery-thumbnail\">\n\t\t\t<a href=\"https:\/\/www.vissparboulingu.lv\/video\/wp-content\/gallery\/Ten%20Pin%20Meistars%202018\/2018-02-25-12.58.18.jpg\"\n\t\t\t\ttitle=\"Fin\u0101listi - Andis D\u0101rzi\u0146\u0161 : Daniels V\u0113zis\"\n\t\t\t\tdata-src=\"https:\/\/www.vissparboulingu.lv\/video\/wp-content\/gallery\/Ten%20Pin%20Meistars%202018\/2018-02-25-12.58.18.jpg\"\n\t\t\t\tdata-thumbnail=\"https:\/\/www.vissparboulingu.lv\/video\/wp-content\/gallery\/Ten%20Pin%20Meistars%202018\/thumbs\/thumbs_2018-02-25-12.58.18.jpg\"\n\t\t\t\tdata-image-id=\"4821\"\n\t\t\t\tdata-title=\"Ten Pin Meistars 2018\"\n\t\t\t\tdata-description=\"Fin\u0101listi - Andis D\u0101rzi\u0146\u0161 : Daniels V\u0113zis\"\n\t\t\t\tdata-image-slug=\"2018-02-25-12-58-18\"\n\t\t\t\tclass=\"ngg-fancybox\" rel=\"f74108fb494e4de068279d2bb095f9da\">\n\t\t\t\t<img\n\t\t\t\t\ttitle=\"Ten Pin Meistars 2018\"\n\t\t\t\t\talt=\"Ten Pin Meistars 2018\"\n\t\t\t\t\tdata-src=\"https:\/\/www.vissparboulingu.lv\/video\/wp-content\/gallery\/Ten%20Pin%20Meistars%202018\/thumbs\/thumbs_2018-02-25-12.58.18.jpg\"\n\t\t\t\t\twidth=\"240\"\n\t\t\t\t\theight=\"160\"\n\t\t\t\t\tstyle=\"--smush-placeholder-width: 240px; --smush-placeholder-aspect-ratio: 240\/160;max-width:100%;\"\n\t\t\t\t src=\"data:image\/svg+xml;base64,PHN2ZyB3aWR0aD0iMSIgaGVpZ2h0PSIxIiB4bWxucz0iaHR0cDovL3d3dy53My5vcmcvMjAwMC9zdmciPjwvc3ZnPg==\" class=\"lazyload\" \/>\n\t\t\t<\/a>\n\t\t<\/div>\n\t\t\t\t\t\t\t<\/div>\n\t\t\t\n\t\t\n\t\t\t\t<div id=\"ngg-image-10\" class=\"ngg-gallery-thumbnail-box\"\n\t\t\t\t\t\t\t\t\t\t\t>\n\t\t\t\t\t\t<div class=\"ngg-gallery-thumbnail\">\n\t\t\t<a href=\"https:\/\/www.vissparboulingu.lv\/video\/wp-content\/gallery\/Ten%20Pin%20Meistars%202018\/2018-02-25-13.25.05.jpg\"\n\t\t\t\ttitle=\"Andis D\u0101rzi\u0146\u0161\"\n\t\t\t\tdata-src=\"https:\/\/www.vissparboulingu.lv\/video\/wp-content\/gallery\/Ten%20Pin%20Meistars%202018\/2018-02-25-13.25.05.jpg\"\n\t\t\t\tdata-thumbnail=\"https:\/\/www.vissparboulingu.lv\/video\/wp-content\/gallery\/Ten%20Pin%20Meistars%202018\/thumbs\/thumbs_2018-02-25-13.25.05.jpg\"\n\t\t\t\tdata-image-id=\"4822\"\n\t\t\t\tdata-title=\"Ten Pin Meistars 2018\"\n\t\t\t\tdata-description=\"Andis D\u0101rzi\u0146\u0161\"\n\t\t\t\tdata-image-slug=\"2018-02-25-13-25-05\"\n\t\t\t\tclass=\"ngg-fancybox\" rel=\"f74108fb494e4de068279d2bb095f9da\">\n\t\t\t\t<img\n\t\t\t\t\ttitle=\"Ten Pin Meistars 2018\"\n\t\t\t\t\talt=\"Ten Pin Meistars 2018\"\n\t\t\t\t\tdata-src=\"https:\/\/www.vissparboulingu.lv\/video\/wp-content\/gallery\/Ten%20Pin%20Meistars%202018\/thumbs\/thumbs_2018-02-25-13.25.05.jpg\"\n\t\t\t\t\twidth=\"240\"\n\t\t\t\t\theight=\"160\"\n\t\t\t\t\tstyle=\"--smush-placeholder-width: 240px; --smush-placeholder-aspect-ratio: 240\/160;max-width:100%;\"\n\t\t\t\t src=\"data:image\/svg+xml;base64,PHN2ZyB3aWR0aD0iMSIgaGVpZ2h0PSIxIiB4bWxucz0iaHR0cDovL3d3dy53My5vcmcvMjAwMC9zdmciPjwvc3ZnPg==\" class=\"lazyload\" \/>\n\t\t\t<\/a>\n\t\t<\/div>\n\t\t\t\t\t\t\t<\/div>\n\t\t\t\n\t\t\n\t\t\t\t<div id=\"ngg-image-11\" class=\"ngg-gallery-thumbnail-box\"\n\t\t\t\t\t\t\t\t\t\t\t>\n\t\t\t\t\t\t<div class=\"ngg-gallery-thumbnail\">\n\t\t\t<a href=\"https:\/\/www.vissparboulingu.lv\/video\/wp-content\/gallery\/Ten%20Pin%20Meistars%202018\/2018-02-25-13.25.10.jpg\"\n\t\t\t\ttitle=\"Andis D\u0101rzi\u0146\u0161\"\n\t\t\t\tdata-src=\"https:\/\/www.vissparboulingu.lv\/video\/wp-content\/gallery\/Ten%20Pin%20Meistars%202018\/2018-02-25-13.25.10.jpg\"\n\t\t\t\tdata-thumbnail=\"https:\/\/www.vissparboulingu.lv\/video\/wp-content\/gallery\/Ten%20Pin%20Meistars%202018\/thumbs\/thumbs_2018-02-25-13.25.10.jpg\"\n\t\t\t\tdata-image-id=\"4823\"\n\t\t\t\tdata-title=\"Ten Pin Meistars 2018\"\n\t\t\t\tdata-description=\"Andis D\u0101rzi\u0146\u0161\"\n\t\t\t\tdata-image-slug=\"2018-02-25-13-25-10\"\n\t\t\t\tclass=\"ngg-fancybox\" rel=\"f74108fb494e4de068279d2bb095f9da\">\n\t\t\t\t<img\n\t\t\t\t\ttitle=\"Ten Pin Meistars 2018\"\n\t\t\t\t\talt=\"Ten Pin Meistars 2018\"\n\t\t\t\t\tdata-src=\"https:\/\/www.vissparboulingu.lv\/video\/wp-content\/gallery\/Ten%20Pin%20Meistars%202018\/thumbs\/thumbs_2018-02-25-13.25.10.jpg\"\n\t\t\t\t\twidth=\"240\"\n\t\t\t\t\theight=\"160\"\n\t\t\t\t\tstyle=\"--smush-placeholder-width: 240px; --smush-placeholder-aspect-ratio: 240\/160;max-width:100%;\"\n\t\t\t\t src=\"data:image\/svg+xml;base64,PHN2ZyB3aWR0aD0iMSIgaGVpZ2h0PSIxIiB4bWxucz0iaHR0cDovL3d3dy53My5vcmcvMjAwMC9zdmciPjwvc3ZnPg==\" class=\"lazyload\" \/>\n\t\t\t<\/a>\n\t\t<\/div>\n\t\t\t\t\t\t\t<\/div>\n\t\t\t\n\t\t\n\t\t\t\t<div id=\"ngg-image-12\" class=\"ngg-gallery-thumbnail-box\"\n\t\t\t\t\t\t\t\t\t\t\t>\n\t\t\t\t\t\t<div class=\"ngg-gallery-thumbnail\">\n\t\t\t<a href=\"https:\/\/www.vissparboulingu.lv\/video\/wp-content\/gallery\/Ten%20Pin%20Meistars%202018\/2018-02-25-13.25.14.jpg\"\n\t\t\t\ttitle=\"Andis D\u0101rzi\u0146\u0161\"\n\t\t\t\tdata-src=\"https:\/\/www.vissparboulingu.lv\/video\/wp-content\/gallery\/Ten%20Pin%20Meistars%202018\/2018-02-25-13.25.14.jpg\"\n\t\t\t\tdata-thumbnail=\"https:\/\/www.vissparboulingu.lv\/video\/wp-content\/gallery\/Ten%20Pin%20Meistars%202018\/thumbs\/thumbs_2018-02-25-13.25.14.jpg\"\n\t\t\t\tdata-image-id=\"4824\"\n\t\t\t\tdata-title=\"Ten Pin Meistars 2018\"\n\t\t\t\tdata-description=\"Andis D\u0101rzi\u0146\u0161\"\n\t\t\t\tdata-image-slug=\"2018-02-25-13-25-14\"\n\t\t\t\tclass=\"ngg-fancybox\" rel=\"f74108fb494e4de068279d2bb095f9da\">\n\t\t\t\t<img\n\t\t\t\t\ttitle=\"Ten Pin Meistars 2018\"\n\t\t\t\t\talt=\"Ten Pin Meistars 2018\"\n\t\t\t\t\tdata-src=\"https:\/\/www.vissparboulingu.lv\/video\/wp-content\/gallery\/Ten%20Pin%20Meistars%202018\/thumbs\/thumbs_2018-02-25-13.25.14.jpg\"\n\t\t\t\t\twidth=\"240\"\n\t\t\t\t\theight=\"160\"\n\t\t\t\t\tstyle=\"--smush-placeholder-width: 240px; --smush-placeholder-aspect-ratio: 240\/160;max-width:100%;\"\n\t\t\t\t src=\"data:image\/svg+xml;base64,PHN2ZyB3aWR0aD0iMSIgaGVpZ2h0PSIxIiB4bWxucz0iaHR0cDovL3d3dy53My5vcmcvMjAwMC9zdmciPjwvc3ZnPg==\" class=\"lazyload\" \/>\n\t\t\t<\/a>\n\t\t<\/div>\n\t\t\t\t\t\t\t<\/div>\n\t\t\t\n\t\t\n\t\t\n\t\t<!-- Pagination -->\n\t\t<div class='ngg-clear'><\/div>\t<\/div>\n<\/p>\n","protected":false},"excerpt":{"rendered":"","protected":false},"author":1,"featured_media":10269,"parent":0,"menu_order":0,"comment_status":"closed","ping_status":"closed","template":"","meta":{"_et_pb_use_builder":"","_et_pb_old_content":"","_et_gb_content_width":"","ngg_post_thumbnail":0,"footnotes":""},"class_list":["post-10267","page","type-page","status-publish","has-post-thumbnail","hentry"],"aioseo_notices":[],"_links":{"self":[{"href":"https:\/\/www.vissparboulingu.lv\/video\/wp-json\/wp\/v2\/pages\/10267","targetHints":{"allow":["GET"]}}],"collection":[{"href":"https:\/\/www.vissparboulingu.lv\/video\/wp-json\/wp\/v2\/pages"}],"about":[{"href":"https:\/\/www.vissparboulingu.lv\/video\/wp-json\/wp\/v2\/types\/page"}],"author":[{"embeddable":true,"href":"https:\/\/www.vissparboulingu.lv\/video\/wp-json\/wp\/v2\/users\/1"}],"replies":[{"embeddable":true,"href":"https:\/\/www.vissparboulingu.lv\/video\/wp-json\/wp\/v2\/comments?post=10267"}],"version-history":[{"count":0,"href":"https:\/\/www.vissparboulingu.lv\/video\/wp-json\/wp\/v2\/pages\/10267\/revisions"}],"wp:featuredmedia":[{"embeddable":true,"href":"https:\/\/www.vissparboulingu.lv\/video\/wp-json\/wp\/v2\/media\/10269"}],"wp:attachment":[{"href":"https:\/\/www.vissparboulingu.lv\/video\/wp-json\/wp\/v2\/media?parent=10267"}],"curies":[{"name":"wp","href":"https:\/\/api.w.org\/{rel}","templated":true}]}}