{"id":11361,"date":"2018-06-10T19:15:15","date_gmt":"2018-06-10T19:15:15","guid":{"rendered":"http:\/\/www.vissparboulingu.lv\/video\/?page_id=11361"},"modified":"2018-06-10T19:15:15","modified_gmt":"2018-06-10T19:15:15","slug":"12-abl-nosleguma-pasakums-viesu-nams-klanas","status":"publish","type":"page","link":"https:\/\/www.vissparboulingu.lv\/video\/12-abl-nosleguma-pasakums-viesu-nams-klanas\/","title":{"rendered":"12.ABL Nosl\u0113guma pas\u0101kums &#8211; Viesu nams Kl\u0101\u0146as"},"content":{"rendered":"<p><!-- index.php -->\n<div\n\tclass=\"ngg-galleryoverview\n\t\t\"\n\tid=\"ngg-gallery-4d831cdc6602d705a18ef5564e68468f-1\">\n\n\t\t\t<!-- Thumbnails -->\n\t\t\t\t<div id=\"ngg-image-0\" class=\"ngg-gallery-thumbnail-box\"\n\t\t\t\t\t\t\t\t\t\t\t>\n\t\t\t\t\t\t<div class=\"ngg-gallery-thumbnail\">\n\t\t\t<a href=\"https:\/\/www.vissparboulingu.lv\/video\/wp-content\/gallery\/12.ABL%20Nosl%C4%93guma%20pas%C4%81kums%20-%20Viesu%20nams%20Kl%C4%81%C5%86as\/120A4867.jpg\"\n\t\t\t\ttitle=\"\"\n\t\t\t\tdata-src=\"https:\/\/www.vissparboulingu.lv\/video\/wp-content\/gallery\/12.ABL%20Nosl%C4%93guma%20pas%C4%81kums%20-%20Viesu%20nams%20Kl%C4%81%C5%86as\/120A4867.jpg\"\n\t\t\t\tdata-thumbnail=\"https:\/\/www.vissparboulingu.lv\/video\/wp-content\/gallery\/12.ABL%20Nosl%C4%93guma%20pas%C4%81kums%20-%20Viesu%20nams%20Kl%C4%81%C5%86as\/thumbs\/thumbs_120A4867.jpg\"\n\t\t\t\tdata-image-id=\"5167\"\n\t\t\t\tdata-title=\"120A4867\"\n\t\t\t\tdata-description=\"\"\n\t\t\t\tdata-image-slug=\"120a4867\"\n\t\t\t\tclass=\"ngg-fancybox\" rel=\"4d831cdc6602d705a18ef5564e68468f\">\n\t\t\t\t<img\n\t\t\t\t\ttitle=\"120A4867\"\n\t\t\t\t\talt=\"120A4867\"\n\t\t\t\t\tdata-src=\"https:\/\/www.vissparboulingu.lv\/video\/wp-content\/gallery\/12.ABL%20Nosl%C4%93guma%20pas%C4%81kums%20-%20Viesu%20nams%20Kl%C4%81%C5%86as\/thumbs\/thumbs_120A4867.jpg\"\n\t\t\t\t\twidth=\"240\"\n\t\t\t\t\theight=\"160\"\n\t\t\t\t\tstyle=\"--smush-placeholder-width: 240px; --smush-placeholder-aspect-ratio: 240\/160;max-width:100%;\"\n\t\t\t\t src=\"data:image\/svg+xml;base64,PHN2ZyB3aWR0aD0iMSIgaGVpZ2h0PSIxIiB4bWxucz0iaHR0cDovL3d3dy53My5vcmcvMjAwMC9zdmciPjwvc3ZnPg==\" class=\"lazyload\" \/>\n\t\t\t<\/a>\n\t\t<\/div>\n\t\t\t\t\t\t\t<\/div>\n\t\t\t\n\t\t\n\t\t\t\t<div id=\"ngg-image-1\" class=\"ngg-gallery-thumbnail-box\"\n\t\t\t\t\t\t\t\t\t\t\t>\n\t\t\t\t\t\t<div class=\"ngg-gallery-thumbnail\">\n\t\t\t<a href=\"https:\/\/www.vissparboulingu.lv\/video\/wp-content\/gallery\/12.ABL%20Nosl%C4%93guma%20pas%C4%81kums%20-%20Viesu%20nams%20Kl%C4%81%C5%86as\/120A4869.jpg\"\n\t\t\t\ttitle=\"\"\n\t\t\t\tdata-src=\"https:\/\/www.vissparboulingu.lv\/video\/wp-content\/gallery\/12.ABL%20Nosl%C4%93guma%20pas%C4%81kums%20-%20Viesu%20nams%20Kl%C4%81%C5%86as\/120A4869.jpg\"\n\t\t\t\tdata-thumbnail=\"https:\/\/www.vissparboulingu.lv\/video\/wp-content\/gallery\/12.ABL%20Nosl%C4%93guma%20pas%C4%81kums%20-%20Viesu%20nams%20Kl%C4%81%C5%86as\/thumbs\/thumbs_120A4869.jpg\"\n\t\t\t\tdata-image-id=\"5168\"\n\t\t\t\tdata-title=\"120A4869\"\n\t\t\t\tdata-description=\"\"\n\t\t\t\tdata-image-slug=\"120a4869\"\n\t\t\t\tclass=\"ngg-fancybox\" rel=\"4d831cdc6602d705a18ef5564e68468f\">\n\t\t\t\t<img\n\t\t\t\t\ttitle=\"120A4869\"\n\t\t\t\t\talt=\"120A4869\"\n\t\t\t\t\tdata-src=\"https:\/\/www.vissparboulingu.lv\/video\/wp-content\/gallery\/12.ABL%20Nosl%C4%93guma%20pas%C4%81kums%20-%20Viesu%20nams%20Kl%C4%81%C5%86as\/thumbs\/thumbs_120A4869.jpg\"\n\t\t\t\t\twidth=\"240\"\n\t\t\t\t\theight=\"160\"\n\t\t\t\t\tstyle=\"--smush-placeholder-width: 240px; --smush-placeholder-aspect-ratio: 240\/160;max-width:100%;\"\n\t\t\t\t src=\"data:image\/svg+xml;base64,PHN2ZyB3aWR0aD0iMSIgaGVpZ2h0PSIxIiB4bWxucz0iaHR0cDovL3d3dy53My5vcmcvMjAwMC9zdmciPjwvc3ZnPg==\" class=\"lazyload\" \/>\n\t\t\t<\/a>\n\t\t<\/div>\n\t\t\t\t\t\t\t<\/div>\n\t\t\t\n\t\t\n\t\t\t\t<div id=\"ngg-image-2\" class=\"ngg-gallery-thumbnail-box\"\n\t\t\t\t\t\t\t\t\t\t\t>\n\t\t\t\t\t\t<div class=\"ngg-gallery-thumbnail\">\n\t\t\t<a href=\"https:\/\/www.vissparboulingu.lv\/video\/wp-content\/gallery\/12.ABL%20Nosl%C4%93guma%20pas%C4%81kums%20-%20Viesu%20nams%20Kl%C4%81%C5%86as\/120A4872.jpg\"\n\t\t\t\ttitle=\"\"\n\t\t\t\tdata-src=\"https:\/\/www.vissparboulingu.lv\/video\/wp-content\/gallery\/12.ABL%20Nosl%C4%93guma%20pas%C4%81kums%20-%20Viesu%20nams%20Kl%C4%81%C5%86as\/120A4872.jpg\"\n\t\t\t\tdata-thumbnail=\"https:\/\/www.vissparboulingu.lv\/video\/wp-content\/gallery\/12.ABL%20Nosl%C4%93guma%20pas%C4%81kums%20-%20Viesu%20nams%20Kl%C4%81%C5%86as\/thumbs\/thumbs_120A4872.jpg\"\n\t\t\t\tdata-image-id=\"5169\"\n\t\t\t\tdata-title=\"120A4872\"\n\t\t\t\tdata-description=\"\"\n\t\t\t\tdata-image-slug=\"120a4872\"\n\t\t\t\tclass=\"ngg-fancybox\" rel=\"4d831cdc6602d705a18ef5564e68468f\">\n\t\t\t\t<img\n\t\t\t\t\ttitle=\"120A4872\"\n\t\t\t\t\talt=\"120A4872\"\n\t\t\t\t\tdata-src=\"https:\/\/www.vissparboulingu.lv\/video\/wp-content\/gallery\/12.ABL%20Nosl%C4%93guma%20pas%C4%81kums%20-%20Viesu%20nams%20Kl%C4%81%C5%86as\/thumbs\/thumbs_120A4872.jpg\"\n\t\t\t\t\twidth=\"240\"\n\t\t\t\t\theight=\"160\"\n\t\t\t\t\tstyle=\"--smush-placeholder-width: 240px; --smush-placeholder-aspect-ratio: 240\/160;max-width:100%;\"\n\t\t\t\t src=\"data:image\/svg+xml;base64,PHN2ZyB3aWR0aD0iMSIgaGVpZ2h0PSIxIiB4bWxucz0iaHR0cDovL3d3dy53My5vcmcvMjAwMC9zdmciPjwvc3ZnPg==\" class=\"lazyload\" \/>\n\t\t\t<\/a>\n\t\t<\/div>\n\t\t\t\t\t\t\t<\/div>\n\t\t\t\n\t\t\n\t\t\t\t<div id=\"ngg-image-3\" class=\"ngg-gallery-thumbnail-box\"\n\t\t\t\t\t\t\t\t\t\t\t>\n\t\t\t\t\t\t<div class=\"ngg-gallery-thumbnail\">\n\t\t\t<a href=\"https:\/\/www.vissparboulingu.lv\/video\/wp-content\/gallery\/12.ABL%20Nosl%C4%93guma%20pas%C4%81kums%20-%20Viesu%20nams%20Kl%C4%81%C5%86as\/120A4874.jpg\"\n\t\t\t\ttitle=\"\"\n\t\t\t\tdata-src=\"https:\/\/www.vissparboulingu.lv\/video\/wp-content\/gallery\/12.ABL%20Nosl%C4%93guma%20pas%C4%81kums%20-%20Viesu%20nams%20Kl%C4%81%C5%86as\/120A4874.jpg\"\n\t\t\t\tdata-thumbnail=\"https:\/\/www.vissparboulingu.lv\/video\/wp-content\/gallery\/12.ABL%20Nosl%C4%93guma%20pas%C4%81kums%20-%20Viesu%20nams%20Kl%C4%81%C5%86as\/thumbs\/thumbs_120A4874.jpg\"\n\t\t\t\tdata-image-id=\"5170\"\n\t\t\t\tdata-title=\"120A4874\"\n\t\t\t\tdata-description=\"\"\n\t\t\t\tdata-image-slug=\"120a4874\"\n\t\t\t\tclass=\"ngg-fancybox\" rel=\"4d831cdc6602d705a18ef5564e68468f\">\n\t\t\t\t<img\n\t\t\t\t\ttitle=\"120A4874\"\n\t\t\t\t\talt=\"120A4874\"\n\t\t\t\t\tdata-src=\"https:\/\/www.vissparboulingu.lv\/video\/wp-content\/gallery\/12.ABL%20Nosl%C4%93guma%20pas%C4%81kums%20-%20Viesu%20nams%20Kl%C4%81%C5%86as\/thumbs\/thumbs_120A4874.jpg\"\n\t\t\t\t\twidth=\"240\"\n\t\t\t\t\theight=\"160\"\n\t\t\t\t\tstyle=\"--smush-placeholder-width: 240px; --smush-placeholder-aspect-ratio: 240\/160;max-width:100%;\"\n\t\t\t\t src=\"data:image\/svg+xml;base64,PHN2ZyB3aWR0aD0iMSIgaGVpZ2h0PSIxIiB4bWxucz0iaHR0cDovL3d3dy53My5vcmcvMjAwMC9zdmciPjwvc3ZnPg==\" class=\"lazyload\" \/>\n\t\t\t<\/a>\n\t\t<\/div>\n\t\t\t\t\t\t\t<\/div>\n\t\t\t\n\t\t\n\t\t\t\t<div id=\"ngg-image-4\" class=\"ngg-gallery-thumbnail-box\"\n\t\t\t\t\t\t\t\t\t\t\t>\n\t\t\t\t\t\t<div class=\"ngg-gallery-thumbnail\">\n\t\t\t<a href=\"https:\/\/www.vissparboulingu.lv\/video\/wp-content\/gallery\/12.ABL%20Nosl%C4%93guma%20pas%C4%81kums%20-%20Viesu%20nams%20Kl%C4%81%C5%86as\/120A4879.jpg\"\n\t\t\t\ttitle=\"\"\n\t\t\t\tdata-src=\"https:\/\/www.vissparboulingu.lv\/video\/wp-content\/gallery\/12.ABL%20Nosl%C4%93guma%20pas%C4%81kums%20-%20Viesu%20nams%20Kl%C4%81%C5%86as\/120A4879.jpg\"\n\t\t\t\tdata-thumbnail=\"https:\/\/www.vissparboulingu.lv\/video\/wp-content\/gallery\/12.ABL%20Nosl%C4%93guma%20pas%C4%81kums%20-%20Viesu%20nams%20Kl%C4%81%C5%86as\/thumbs\/thumbs_120A4879.jpg\"\n\t\t\t\tdata-image-id=\"5171\"\n\t\t\t\tdata-title=\"120A4879\"\n\t\t\t\tdata-description=\"\"\n\t\t\t\tdata-image-slug=\"120a4879\"\n\t\t\t\tclass=\"ngg-fancybox\" rel=\"4d831cdc6602d705a18ef5564e68468f\">\n\t\t\t\t<img\n\t\t\t\t\ttitle=\"120A4879\"\n\t\t\t\t\talt=\"120A4879\"\n\t\t\t\t\tdata-src=\"https:\/\/www.vissparboulingu.lv\/video\/wp-content\/gallery\/12.ABL%20Nosl%C4%93guma%20pas%C4%81kums%20-%20Viesu%20nams%20Kl%C4%81%C5%86as\/thumbs\/thumbs_120A4879.jpg\"\n\t\t\t\t\twidth=\"240\"\n\t\t\t\t\theight=\"160\"\n\t\t\t\t\tstyle=\"--smush-placeholder-width: 240px; --smush-placeholder-aspect-ratio: 240\/160;max-width:100%;\"\n\t\t\t\t src=\"data:image\/svg+xml;base64,PHN2ZyB3aWR0aD0iMSIgaGVpZ2h0PSIxIiB4bWxucz0iaHR0cDovL3d3dy53My5vcmcvMjAwMC9zdmciPjwvc3ZnPg==\" class=\"lazyload\" \/>\n\t\t\t<\/a>\n\t\t<\/div>\n\t\t\t\t\t\t\t<\/div>\n\t\t\t\n\t\t\n\t\t\t\t<div id=\"ngg-image-5\" class=\"ngg-gallery-thumbnail-box\"\n\t\t\t\t\t\t\t\t\t\t\t>\n\t\t\t\t\t\t<div class=\"ngg-gallery-thumbnail\">\n\t\t\t<a href=\"https:\/\/www.vissparboulingu.lv\/video\/wp-content\/gallery\/12.ABL%20Nosl%C4%93guma%20pas%C4%81kums%20-%20Viesu%20nams%20Kl%C4%81%C5%86as\/120A4882.jpg\"\n\t\t\t\ttitle=\"\"\n\t\t\t\tdata-src=\"https:\/\/www.vissparboulingu.lv\/video\/wp-content\/gallery\/12.ABL%20Nosl%C4%93guma%20pas%C4%81kums%20-%20Viesu%20nams%20Kl%C4%81%C5%86as\/120A4882.jpg\"\n\t\t\t\tdata-thumbnail=\"https:\/\/www.vissparboulingu.lv\/video\/wp-content\/gallery\/12.ABL%20Nosl%C4%93guma%20pas%C4%81kums%20-%20Viesu%20nams%20Kl%C4%81%C5%86as\/thumbs\/thumbs_120A4882.jpg\"\n\t\t\t\tdata-image-id=\"5172\"\n\t\t\t\tdata-title=\"120A4882\"\n\t\t\t\tdata-description=\"\"\n\t\t\t\tdata-image-slug=\"120a4882\"\n\t\t\t\tclass=\"ngg-fancybox\" rel=\"4d831cdc6602d705a18ef5564e68468f\">\n\t\t\t\t<img\n\t\t\t\t\ttitle=\"120A4882\"\n\t\t\t\t\talt=\"120A4882\"\n\t\t\t\t\tdata-src=\"https:\/\/www.vissparboulingu.lv\/video\/wp-content\/gallery\/12.ABL%20Nosl%C4%93guma%20pas%C4%81kums%20-%20Viesu%20nams%20Kl%C4%81%C5%86as\/thumbs\/thumbs_120A4882.jpg\"\n\t\t\t\t\twidth=\"240\"\n\t\t\t\t\theight=\"160\"\n\t\t\t\t\tstyle=\"--smush-placeholder-width: 240px; --smush-placeholder-aspect-ratio: 240\/160;max-width:100%;\"\n\t\t\t\t src=\"data:image\/svg+xml;base64,PHN2ZyB3aWR0aD0iMSIgaGVpZ2h0PSIxIiB4bWxucz0iaHR0cDovL3d3dy53My5vcmcvMjAwMC9zdmciPjwvc3ZnPg==\" class=\"lazyload\" \/>\n\t\t\t<\/a>\n\t\t<\/div>\n\t\t\t\t\t\t\t<\/div>\n\t\t\t\n\t\t\n\t\t\t\t<div id=\"ngg-image-6\" class=\"ngg-gallery-thumbnail-box\"\n\t\t\t\t\t\t\t\t\t\t\t>\n\t\t\t\t\t\t<div class=\"ngg-gallery-thumbnail\">\n\t\t\t<a href=\"https:\/\/www.vissparboulingu.lv\/video\/wp-content\/gallery\/12.ABL%20Nosl%C4%93guma%20pas%C4%81kums%20-%20Viesu%20nams%20Kl%C4%81%C5%86as\/120A4884.jpg\"\n\t\t\t\ttitle=\"\"\n\t\t\t\tdata-src=\"https:\/\/www.vissparboulingu.lv\/video\/wp-content\/gallery\/12.ABL%20Nosl%C4%93guma%20pas%C4%81kums%20-%20Viesu%20nams%20Kl%C4%81%C5%86as\/120A4884.jpg\"\n\t\t\t\tdata-thumbnail=\"https:\/\/www.vissparboulingu.lv\/video\/wp-content\/gallery\/12.ABL%20Nosl%C4%93guma%20pas%C4%81kums%20-%20Viesu%20nams%20Kl%C4%81%C5%86as\/thumbs\/thumbs_120A4884.jpg\"\n\t\t\t\tdata-image-id=\"5173\"\n\t\t\t\tdata-title=\"120A4884\"\n\t\t\t\tdata-description=\"\"\n\t\t\t\tdata-image-slug=\"120a4884\"\n\t\t\t\tclass=\"ngg-fancybox\" rel=\"4d831cdc6602d705a18ef5564e68468f\">\n\t\t\t\t<img\n\t\t\t\t\ttitle=\"120A4884\"\n\t\t\t\t\talt=\"120A4884\"\n\t\t\t\t\tdata-src=\"https:\/\/www.vissparboulingu.lv\/video\/wp-content\/gallery\/12.ABL%20Nosl%C4%93guma%20pas%C4%81kums%20-%20Viesu%20nams%20Kl%C4%81%C5%86as\/thumbs\/thumbs_120A4884.jpg\"\n\t\t\t\t\twidth=\"240\"\n\t\t\t\t\theight=\"160\"\n\t\t\t\t\tstyle=\"--smush-placeholder-width: 240px; --smush-placeholder-aspect-ratio: 240\/160;max-width:100%;\"\n\t\t\t\t src=\"data:image\/svg+xml;base64,PHN2ZyB3aWR0aD0iMSIgaGVpZ2h0PSIxIiB4bWxucz0iaHR0cDovL3d3dy53My5vcmcvMjAwMC9zdmciPjwvc3ZnPg==\" class=\"lazyload\" \/>\n\t\t\t<\/a>\n\t\t<\/div>\n\t\t\t\t\t\t\t<\/div>\n\t\t\t\n\t\t\n\t\t\t\t<div id=\"ngg-image-7\" class=\"ngg-gallery-thumbnail-box\"\n\t\t\t\t\t\t\t\t\t\t\t>\n\t\t\t\t\t\t<div class=\"ngg-gallery-thumbnail\">\n\t\t\t<a href=\"https:\/\/www.vissparboulingu.lv\/video\/wp-content\/gallery\/12.ABL%20Nosl%C4%93guma%20pas%C4%81kums%20-%20Viesu%20nams%20Kl%C4%81%C5%86as\/120A4887.jpg\"\n\t\t\t\ttitle=\"\"\n\t\t\t\tdata-src=\"https:\/\/www.vissparboulingu.lv\/video\/wp-content\/gallery\/12.ABL%20Nosl%C4%93guma%20pas%C4%81kums%20-%20Viesu%20nams%20Kl%C4%81%C5%86as\/120A4887.jpg\"\n\t\t\t\tdata-thumbnail=\"https:\/\/www.vissparboulingu.lv\/video\/wp-content\/gallery\/12.ABL%20Nosl%C4%93guma%20pas%C4%81kums%20-%20Viesu%20nams%20Kl%C4%81%C5%86as\/thumbs\/thumbs_120A4887.jpg\"\n\t\t\t\tdata-image-id=\"5174\"\n\t\t\t\tdata-title=\"120A4887\"\n\t\t\t\tdata-description=\"\"\n\t\t\t\tdata-image-slug=\"120a4887\"\n\t\t\t\tclass=\"ngg-fancybox\" rel=\"4d831cdc6602d705a18ef5564e68468f\">\n\t\t\t\t<img\n\t\t\t\t\ttitle=\"120A4887\"\n\t\t\t\t\talt=\"120A4887\"\n\t\t\t\t\tdata-src=\"https:\/\/www.vissparboulingu.lv\/video\/wp-content\/gallery\/12.ABL%20Nosl%C4%93guma%20pas%C4%81kums%20-%20Viesu%20nams%20Kl%C4%81%C5%86as\/thumbs\/thumbs_120A4887.jpg\"\n\t\t\t\t\twidth=\"240\"\n\t\t\t\t\theight=\"160\"\n\t\t\t\t\tstyle=\"--smush-placeholder-width: 240px; --smush-placeholder-aspect-ratio: 240\/160;max-width:100%;\"\n\t\t\t\t src=\"data:image\/svg+xml;base64,PHN2ZyB3aWR0aD0iMSIgaGVpZ2h0PSIxIiB4bWxucz0iaHR0cDovL3d3dy53My5vcmcvMjAwMC9zdmciPjwvc3ZnPg==\" class=\"lazyload\" \/>\n\t\t\t<\/a>\n\t\t<\/div>\n\t\t\t\t\t\t\t<\/div>\n\t\t\t\n\t\t\n\t\t\t\t<div id=\"ngg-image-8\" class=\"ngg-gallery-thumbnail-box\"\n\t\t\t\t\t\t\t\t\t\t\t>\n\t\t\t\t\t\t<div class=\"ngg-gallery-thumbnail\">\n\t\t\t<a href=\"https:\/\/www.vissparboulingu.lv\/video\/wp-content\/gallery\/12.ABL%20Nosl%C4%93guma%20pas%C4%81kums%20-%20Viesu%20nams%20Kl%C4%81%C5%86as\/120A4889.jpg\"\n\t\t\t\ttitle=\"\"\n\t\t\t\tdata-src=\"https:\/\/www.vissparboulingu.lv\/video\/wp-content\/gallery\/12.ABL%20Nosl%C4%93guma%20pas%C4%81kums%20-%20Viesu%20nams%20Kl%C4%81%C5%86as\/120A4889.jpg\"\n\t\t\t\tdata-thumbnail=\"https:\/\/www.vissparboulingu.lv\/video\/wp-content\/gallery\/12.ABL%20Nosl%C4%93guma%20pas%C4%81kums%20-%20Viesu%20nams%20Kl%C4%81%C5%86as\/thumbs\/thumbs_120A4889.jpg\"\n\t\t\t\tdata-image-id=\"5175\"\n\t\t\t\tdata-title=\"120A4889\"\n\t\t\t\tdata-description=\"\"\n\t\t\t\tdata-image-slug=\"120a4889\"\n\t\t\t\tclass=\"ngg-fancybox\" rel=\"4d831cdc6602d705a18ef5564e68468f\">\n\t\t\t\t<img\n\t\t\t\t\ttitle=\"120A4889\"\n\t\t\t\t\talt=\"120A4889\"\n\t\t\t\t\tdata-src=\"https:\/\/www.vissparboulingu.lv\/video\/wp-content\/gallery\/12.ABL%20Nosl%C4%93guma%20pas%C4%81kums%20-%20Viesu%20nams%20Kl%C4%81%C5%86as\/thumbs\/thumbs_120A4889.jpg\"\n\t\t\t\t\twidth=\"240\"\n\t\t\t\t\theight=\"160\"\n\t\t\t\t\tstyle=\"--smush-placeholder-width: 240px; --smush-placeholder-aspect-ratio: 240\/160;max-width:100%;\"\n\t\t\t\t src=\"data:image\/svg+xml;base64,PHN2ZyB3aWR0aD0iMSIgaGVpZ2h0PSIxIiB4bWxucz0iaHR0cDovL3d3dy53My5vcmcvMjAwMC9zdmciPjwvc3ZnPg==\" class=\"lazyload\" \/>\n\t\t\t<\/a>\n\t\t<\/div>\n\t\t\t\t\t\t\t<\/div>\n\t\t\t\n\t\t\n\t\t\t\t<div id=\"ngg-image-9\" class=\"ngg-gallery-thumbnail-box\"\n\t\t\t\t\t\t\t\t\t\t\t>\n\t\t\t\t\t\t<div class=\"ngg-gallery-thumbnail\">\n\t\t\t<a href=\"https:\/\/www.vissparboulingu.lv\/video\/wp-content\/gallery\/12.ABL%20Nosl%C4%93guma%20pas%C4%81kums%20-%20Viesu%20nams%20Kl%C4%81%C5%86as\/120A4892.jpg\"\n\t\t\t\ttitle=\"\"\n\t\t\t\tdata-src=\"https:\/\/www.vissparboulingu.lv\/video\/wp-content\/gallery\/12.ABL%20Nosl%C4%93guma%20pas%C4%81kums%20-%20Viesu%20nams%20Kl%C4%81%C5%86as\/120A4892.jpg\"\n\t\t\t\tdata-thumbnail=\"https:\/\/www.vissparboulingu.lv\/video\/wp-content\/gallery\/12.ABL%20Nosl%C4%93guma%20pas%C4%81kums%20-%20Viesu%20nams%20Kl%C4%81%C5%86as\/thumbs\/thumbs_120A4892.jpg\"\n\t\t\t\tdata-image-id=\"5176\"\n\t\t\t\tdata-title=\"120A4892\"\n\t\t\t\tdata-description=\"\"\n\t\t\t\tdata-image-slug=\"120a4892\"\n\t\t\t\tclass=\"ngg-fancybox\" rel=\"4d831cdc6602d705a18ef5564e68468f\">\n\t\t\t\t<img\n\t\t\t\t\ttitle=\"120A4892\"\n\t\t\t\t\talt=\"120A4892\"\n\t\t\t\t\tdata-src=\"https:\/\/www.vissparboulingu.lv\/video\/wp-content\/gallery\/12.ABL%20Nosl%C4%93guma%20pas%C4%81kums%20-%20Viesu%20nams%20Kl%C4%81%C5%86as\/thumbs\/thumbs_120A4892.jpg\"\n\t\t\t\t\twidth=\"240\"\n\t\t\t\t\theight=\"160\"\n\t\t\t\t\tstyle=\"--smush-placeholder-width: 240px; --smush-placeholder-aspect-ratio: 240\/160;max-width:100%;\"\n\t\t\t\t src=\"data:image\/svg+xml;base64,PHN2ZyB3aWR0aD0iMSIgaGVpZ2h0PSIxIiB4bWxucz0iaHR0cDovL3d3dy53My5vcmcvMjAwMC9zdmciPjwvc3ZnPg==\" class=\"lazyload\" \/>\n\t\t\t<\/a>\n\t\t<\/div>\n\t\t\t\t\t\t\t<\/div>\n\t\t\t\n\t\t\n\t\t\t\t<div id=\"ngg-image-10\" class=\"ngg-gallery-thumbnail-box\"\n\t\t\t\t\t\t\t\t\t\t\t>\n\t\t\t\t\t\t<div class=\"ngg-gallery-thumbnail\">\n\t\t\t<a href=\"https:\/\/www.vissparboulingu.lv\/video\/wp-content\/gallery\/12.ABL%20Nosl%C4%93guma%20pas%C4%81kums%20-%20Viesu%20nams%20Kl%C4%81%C5%86as\/120A4893.jpg\"\n\t\t\t\ttitle=\"\"\n\t\t\t\tdata-src=\"https:\/\/www.vissparboulingu.lv\/video\/wp-content\/gallery\/12.ABL%20Nosl%C4%93guma%20pas%C4%81kums%20-%20Viesu%20nams%20Kl%C4%81%C5%86as\/120A4893.jpg\"\n\t\t\t\tdata-thumbnail=\"https:\/\/www.vissparboulingu.lv\/video\/wp-content\/gallery\/12.ABL%20Nosl%C4%93guma%20pas%C4%81kums%20-%20Viesu%20nams%20Kl%C4%81%C5%86as\/thumbs\/thumbs_120A4893.jpg\"\n\t\t\t\tdata-image-id=\"5177\"\n\t\t\t\tdata-title=\"120A4893\"\n\t\t\t\tdata-description=\"\"\n\t\t\t\tdata-image-slug=\"120a4893\"\n\t\t\t\tclass=\"ngg-fancybox\" rel=\"4d831cdc6602d705a18ef5564e68468f\">\n\t\t\t\t<img\n\t\t\t\t\ttitle=\"120A4893\"\n\t\t\t\t\talt=\"120A4893\"\n\t\t\t\t\tdata-src=\"https:\/\/www.vissparboulingu.lv\/video\/wp-content\/gallery\/12.ABL%20Nosl%C4%93guma%20pas%C4%81kums%20-%20Viesu%20nams%20Kl%C4%81%C5%86as\/thumbs\/thumbs_120A4893.jpg\"\n\t\t\t\t\twidth=\"240\"\n\t\t\t\t\theight=\"160\"\n\t\t\t\t\tstyle=\"--smush-placeholder-width: 240px; --smush-placeholder-aspect-ratio: 240\/160;max-width:100%;\"\n\t\t\t\t src=\"data:image\/svg+xml;base64,PHN2ZyB3aWR0aD0iMSIgaGVpZ2h0PSIxIiB4bWxucz0iaHR0cDovL3d3dy53My5vcmcvMjAwMC9zdmciPjwvc3ZnPg==\" class=\"lazyload\" \/>\n\t\t\t<\/a>\n\t\t<\/div>\n\t\t\t\t\t\t\t<\/div>\n\t\t\t\n\t\t\n\t\t\t\t<div id=\"ngg-image-11\" class=\"ngg-gallery-thumbnail-box\"\n\t\t\t\t\t\t\t\t\t\t\t>\n\t\t\t\t\t\t<div class=\"ngg-gallery-thumbnail\">\n\t\t\t<a href=\"https:\/\/www.vissparboulingu.lv\/video\/wp-content\/gallery\/12.ABL%20Nosl%C4%93guma%20pas%C4%81kums%20-%20Viesu%20nams%20Kl%C4%81%C5%86as\/120A4896.jpg\"\n\t\t\t\ttitle=\"\"\n\t\t\t\tdata-src=\"https:\/\/www.vissparboulingu.lv\/video\/wp-content\/gallery\/12.ABL%20Nosl%C4%93guma%20pas%C4%81kums%20-%20Viesu%20nams%20Kl%C4%81%C5%86as\/120A4896.jpg\"\n\t\t\t\tdata-thumbnail=\"https:\/\/www.vissparboulingu.lv\/video\/wp-content\/gallery\/12.ABL%20Nosl%C4%93guma%20pas%C4%81kums%20-%20Viesu%20nams%20Kl%C4%81%C5%86as\/thumbs\/thumbs_120A4896.jpg\"\n\t\t\t\tdata-image-id=\"5178\"\n\t\t\t\tdata-title=\"120A4896\"\n\t\t\t\tdata-description=\"\"\n\t\t\t\tdata-image-slug=\"120a4896\"\n\t\t\t\tclass=\"ngg-fancybox\" rel=\"4d831cdc6602d705a18ef5564e68468f\">\n\t\t\t\t<img\n\t\t\t\t\ttitle=\"120A4896\"\n\t\t\t\t\talt=\"120A4896\"\n\t\t\t\t\tdata-src=\"https:\/\/www.vissparboulingu.lv\/video\/wp-content\/gallery\/12.ABL%20Nosl%C4%93guma%20pas%C4%81kums%20-%20Viesu%20nams%20Kl%C4%81%C5%86as\/thumbs\/thumbs_120A4896.jpg\"\n\t\t\t\t\twidth=\"240\"\n\t\t\t\t\theight=\"160\"\n\t\t\t\t\tstyle=\"--smush-placeholder-width: 240px; --smush-placeholder-aspect-ratio: 240\/160;max-width:100%;\"\n\t\t\t\t src=\"data:image\/svg+xml;base64,PHN2ZyB3aWR0aD0iMSIgaGVpZ2h0PSIxIiB4bWxucz0iaHR0cDovL3d3dy53My5vcmcvMjAwMC9zdmciPjwvc3ZnPg==\" class=\"lazyload\" \/>\n\t\t\t<\/a>\n\t\t<\/div>\n\t\t\t\t\t\t\t<\/div>\n\t\t\t\n\t\t\n\t\t\t\t<div id=\"ngg-image-12\" class=\"ngg-gallery-thumbnail-box\"\n\t\t\t\t\t\t\t\t\t\t\t>\n\t\t\t\t\t\t<div class=\"ngg-gallery-thumbnail\">\n\t\t\t<a href=\"https:\/\/www.vissparboulingu.lv\/video\/wp-content\/gallery\/12.ABL%20Nosl%C4%93guma%20pas%C4%81kums%20-%20Viesu%20nams%20Kl%C4%81%C5%86as\/120A4899.jpg\"\n\t\t\t\ttitle=\"\"\n\t\t\t\tdata-src=\"https:\/\/www.vissparboulingu.lv\/video\/wp-content\/gallery\/12.ABL%20Nosl%C4%93guma%20pas%C4%81kums%20-%20Viesu%20nams%20Kl%C4%81%C5%86as\/120A4899.jpg\"\n\t\t\t\tdata-thumbnail=\"https:\/\/www.vissparboulingu.lv\/video\/wp-content\/gallery\/12.ABL%20Nosl%C4%93guma%20pas%C4%81kums%20-%20Viesu%20nams%20Kl%C4%81%C5%86as\/thumbs\/thumbs_120A4899.jpg\"\n\t\t\t\tdata-image-id=\"5179\"\n\t\t\t\tdata-title=\"120A4899\"\n\t\t\t\tdata-description=\"\"\n\t\t\t\tdata-image-slug=\"120a4899\"\n\t\t\t\tclass=\"ngg-fancybox\" rel=\"4d831cdc6602d705a18ef5564e68468f\">\n\t\t\t\t<img\n\t\t\t\t\ttitle=\"120A4899\"\n\t\t\t\t\talt=\"120A4899\"\n\t\t\t\t\tdata-src=\"https:\/\/www.vissparboulingu.lv\/video\/wp-content\/gallery\/12.ABL%20Nosl%C4%93guma%20pas%C4%81kums%20-%20Viesu%20nams%20Kl%C4%81%C5%86as\/thumbs\/thumbs_120A4899.jpg\"\n\t\t\t\t\twidth=\"240\"\n\t\t\t\t\theight=\"160\"\n\t\t\t\t\tstyle=\"--smush-placeholder-width: 240px; --smush-placeholder-aspect-ratio: 240\/160;max-width:100%;\"\n\t\t\t\t src=\"data:image\/svg+xml;base64,PHN2ZyB3aWR0aD0iMSIgaGVpZ2h0PSIxIiB4bWxucz0iaHR0cDovL3d3dy53My5vcmcvMjAwMC9zdmciPjwvc3ZnPg==\" class=\"lazyload\" \/>\n\t\t\t<\/a>\n\t\t<\/div>\n\t\t\t\t\t\t\t<\/div>\n\t\t\t\n\t\t\n\t\t\t\t<div id=\"ngg-image-13\" class=\"ngg-gallery-thumbnail-box\"\n\t\t\t\t\t\t\t\t\t\t\t>\n\t\t\t\t\t\t<div class=\"ngg-gallery-thumbnail\">\n\t\t\t<a href=\"https:\/\/www.vissparboulingu.lv\/video\/wp-content\/gallery\/12.ABL%20Nosl%C4%93guma%20pas%C4%81kums%20-%20Viesu%20nams%20Kl%C4%81%C5%86as\/120A4901.jpg\"\n\t\t\t\ttitle=\"\"\n\t\t\t\tdata-src=\"https:\/\/www.vissparboulingu.lv\/video\/wp-content\/gallery\/12.ABL%20Nosl%C4%93guma%20pas%C4%81kums%20-%20Viesu%20nams%20Kl%C4%81%C5%86as\/120A4901.jpg\"\n\t\t\t\tdata-thumbnail=\"https:\/\/www.vissparboulingu.lv\/video\/wp-content\/gallery\/12.ABL%20Nosl%C4%93guma%20pas%C4%81kums%20-%20Viesu%20nams%20Kl%C4%81%C5%86as\/thumbs\/thumbs_120A4901.jpg\"\n\t\t\t\tdata-image-id=\"5180\"\n\t\t\t\tdata-title=\"120A4901\"\n\t\t\t\tdata-description=\"\"\n\t\t\t\tdata-image-slug=\"120a4901\"\n\t\t\t\tclass=\"ngg-fancybox\" rel=\"4d831cdc6602d705a18ef5564e68468f\">\n\t\t\t\t<img\n\t\t\t\t\ttitle=\"120A4901\"\n\t\t\t\t\talt=\"120A4901\"\n\t\t\t\t\tdata-src=\"https:\/\/www.vissparboulingu.lv\/video\/wp-content\/gallery\/12.ABL%20Nosl%C4%93guma%20pas%C4%81kums%20-%20Viesu%20nams%20Kl%C4%81%C5%86as\/thumbs\/thumbs_120A4901.jpg\"\n\t\t\t\t\twidth=\"240\"\n\t\t\t\t\theight=\"160\"\n\t\t\t\t\tstyle=\"--smush-placeholder-width: 240px; --smush-placeholder-aspect-ratio: 240\/160;max-width:100%;\"\n\t\t\t\t src=\"data:image\/svg+xml;base64,PHN2ZyB3aWR0aD0iMSIgaGVpZ2h0PSIxIiB4bWxucz0iaHR0cDovL3d3dy53My5vcmcvMjAwMC9zdmciPjwvc3ZnPg==\" class=\"lazyload\" \/>\n\t\t\t<\/a>\n\t\t<\/div>\n\t\t\t\t\t\t\t<\/div>\n\t\t\t\n\t\t\n\t\t\t\t<div id=\"ngg-image-14\" class=\"ngg-gallery-thumbnail-box\"\n\t\t\t\t\t\t\t\t\t\t\t>\n\t\t\t\t\t\t<div class=\"ngg-gallery-thumbnail\">\n\t\t\t<a href=\"https:\/\/www.vissparboulingu.lv\/video\/wp-content\/gallery\/12.ABL%20Nosl%C4%93guma%20pas%C4%81kums%20-%20Viesu%20nams%20Kl%C4%81%C5%86as\/120A4903.jpg\"\n\t\t\t\ttitle=\"\"\n\t\t\t\tdata-src=\"https:\/\/www.vissparboulingu.lv\/video\/wp-content\/gallery\/12.ABL%20Nosl%C4%93guma%20pas%C4%81kums%20-%20Viesu%20nams%20Kl%C4%81%C5%86as\/120A4903.jpg\"\n\t\t\t\tdata-thumbnail=\"https:\/\/www.vissparboulingu.lv\/video\/wp-content\/gallery\/12.ABL%20Nosl%C4%93guma%20pas%C4%81kums%20-%20Viesu%20nams%20Kl%C4%81%C5%86as\/thumbs\/thumbs_120A4903.jpg\"\n\t\t\t\tdata-image-id=\"5181\"\n\t\t\t\tdata-title=\"120A4903\"\n\t\t\t\tdata-description=\"\"\n\t\t\t\tdata-image-slug=\"120a4903\"\n\t\t\t\tclass=\"ngg-fancybox\" rel=\"4d831cdc6602d705a18ef5564e68468f\">\n\t\t\t\t<img\n\t\t\t\t\ttitle=\"120A4903\"\n\t\t\t\t\talt=\"120A4903\"\n\t\t\t\t\tdata-src=\"https:\/\/www.vissparboulingu.lv\/video\/wp-content\/gallery\/12.ABL%20Nosl%C4%93guma%20pas%C4%81kums%20-%20Viesu%20nams%20Kl%C4%81%C5%86as\/thumbs\/thumbs_120A4903.jpg\"\n\t\t\t\t\twidth=\"240\"\n\t\t\t\t\theight=\"160\"\n\t\t\t\t\tstyle=\"--smush-placeholder-width: 240px; --smush-placeholder-aspect-ratio: 240\/160;max-width:100%;\"\n\t\t\t\t src=\"data:image\/svg+xml;base64,PHN2ZyB3aWR0aD0iMSIgaGVpZ2h0PSIxIiB4bWxucz0iaHR0cDovL3d3dy53My5vcmcvMjAwMC9zdmciPjwvc3ZnPg==\" class=\"lazyload\" \/>\n\t\t\t<\/a>\n\t\t<\/div>\n\t\t\t\t\t\t\t<\/div>\n\t\t\t\n\t\t\n\t\t\n\t\t<!-- Pagination -->\n\t\t<div class='ngg-navigation'><span class='current'>1<\/span>\n<a class='page-numbers' data-pageid='2' href='https:\/\/www.vissparboulingu.lv\/video\/12-abl-nosleguma-pasakums-viesu-nams-klanas\/nggallery\/page\/2'>2<\/a>\n<span class='ellipsis'>...<\/span>\n<a class='page-numbers' data-pageid='12' href='https:\/\/www.vissparboulingu.lv\/video\/12-abl-nosleguma-pasakums-viesu-nams-klanas\/nggallery\/page\/12'>12<\/a>\n<a class='prev' href='https:\/\/www.vissparboulingu.lv\/video\/12-abl-nosleguma-pasakums-viesu-nams-klanas\/nggallery\/page\/2' data-pageid=2>&#9658;<\/a><\/div>\t<\/div>\n<\/p>\n","protected":false},"excerpt":{"rendered":"<p>1 2 &#8230; 12 &#9658;<\/p>\n","protected":false},"author":1,"featured_media":11363,"parent":0,"menu_order":0,"comment_status":"closed","ping_status":"closed","template":"","meta":{"_et_pb_use_builder":"","_et_pb_old_content":"","_et_gb_content_width":"","ngg_post_thumbnail":0,"footnotes":""},"class_list":["post-11361","page","type-page","status-publish","has-post-thumbnail","hentry"],"aioseo_notices":[],"_links":{"self":[{"href":"https:\/\/www.vissparboulingu.lv\/video\/wp-json\/wp\/v2\/pages\/11361","targetHints":{"allow":["GET"]}}],"collection":[{"href":"https:\/\/www.vissparboulingu.lv\/video\/wp-json\/wp\/v2\/pages"}],"about":[{"href":"https:\/\/www.vissparboulingu.lv\/video\/wp-json\/wp\/v2\/types\/page"}],"author":[{"embeddable":true,"href":"https:\/\/www.vissparboulingu.lv\/video\/wp-json\/wp\/v2\/users\/1"}],"replies":[{"embeddable":true,"href":"https:\/\/www.vissparboulingu.lv\/video\/wp-json\/wp\/v2\/comments?post=11361"}],"version-history":[{"count":0,"href":"https:\/\/www.vissparboulingu.lv\/video\/wp-json\/wp\/v2\/pages\/11361\/revisions"}],"wp:featuredmedia":[{"embeddable":true,"href":"https:\/\/www.vissparboulingu.lv\/video\/wp-json\/wp\/v2\/media\/11363"}],"wp:attachment":[{"href":"https:\/\/www.vissparboulingu.lv\/video\/wp-json\/wp\/v2\/media?parent=11361"}],"curies":[{"name":"wp","href":"https:\/\/api.w.org\/{rel}","templated":true}]}}