{"id":11496,"date":"2018-12-10T14:09:31","date_gmt":"2018-12-10T14:09:31","guid":{"rendered":"https:\/\/www.vissparboulingu.lv\/video\/?page_id=11496"},"modified":"2018-12-10T14:11:03","modified_gmt":"2018-12-10T14:11:03","slug":"laba-sertifikatu-sanemeji","status":"publish","type":"page","link":"https:\/\/www.vissparboulingu.lv\/video\/laba-sertifikatu-sanemeji\/","title":{"rendered":"LABA sertifik\u0101tu sa\u0146\u0113m\u0113ji"},"content":{"rendered":"ngg_shortcode_0_placeholder\n","protected":false},"excerpt":{"rendered":"<p>&#8221; order_by=&#8221;sortorder&#8221; order_direction=&#8221;ASC&#8221; returns=&#8221;included&#8221; maximum_entity_count=&#8221;500&#8243;]<\/p>\n","protected":false},"author":1,"featured_media":11363,"parent":0,"menu_order":0,"comment_status":"closed","ping_status":"closed","template":"","meta":{"_et_pb_use_builder":"","_et_pb_old_content":"","_et_gb_content_width":"","ngg_post_thumbnail":0,"footnotes":""},"class_list":["post-11496","page","type-page","status-publish","has-post-thumbnail","hentry"],"aioseo_notices":[],"_links":{"self":[{"href":"https:\/\/www.vissparboulingu.lv\/video\/wp-json\/wp\/v2\/pages\/11496","targetHints":{"allow":["GET"]}}],"collection":[{"href":"https:\/\/www.vissparboulingu.lv\/video\/wp-json\/wp\/v2\/pages"}],"about":[{"href":"https:\/\/www.vissparboulingu.lv\/video\/wp-json\/wp\/v2\/types\/page"}],"author":[{"embeddable":true,"href":"https:\/\/www.vissparboulingu.lv\/video\/wp-json\/wp\/v2\/users\/1"}],"replies":[{"embeddable":true,"href":"https:\/\/www.vissparboulingu.lv\/video\/wp-json\/wp\/v2\/comments?post=11496"}],"version-history":[{"count":0,"href":"https:\/\/www.vissparboulingu.lv\/video\/wp-json\/wp\/v2\/pages\/11496\/revisions"}],"wp:featuredmedia":[{"embeddable":true,"href":"https:\/\/www.vissparboulingu.lv\/video\/wp-json\/wp\/v2\/media\/11363"}],"wp:attachment":[{"href":"https:\/\/www.vissparboulingu.lv\/video\/wp-json\/wp\/v2\/media?parent=11496"}],"curies":[{"name":"wp","href":"https:\/\/api.w.org\/{rel}","templated":true}]}}