{"id":26985,"date":"2022-12-05T12:22:10","date_gmt":"2022-12-05T12:22:10","guid":{"rendered":"https:\/\/www.vissparboulingu.lv\/video\/?page_id=26985"},"modified":"2022-12-05T12:22:10","modified_gmt":"2022-12-05T12:22:10","slug":"latvijas-jauniesu-u21-meistarsacikstes-boulinga-2022","status":"publish","type":"page","link":"https:\/\/www.vissparboulingu.lv\/video\/latvijas-jauniesu-u21-meistarsacikstes-boulinga-2022\/","title":{"rendered":"LATVIJAS JAUNIE\u0160U (U21) MEISTARSAC\u012aKSTES BOULING\u0100 2022"},"content":{"rendered":"ngg_shortcode_0_placeholder\n","protected":false},"excerpt":{"rendered":"","protected":false},"author":1,"featured_media":26986,"parent":0,"menu_order":0,"comment_status":"closed","ping_status":"closed","template":"","meta":{"_et_pb_use_builder":"","_et_pb_old_content":"","_et_gb_content_width":"","ngg_post_thumbnail":0,"footnotes":""},"class_list":["post-26985","page","type-page","status-publish","has-post-thumbnail","hentry"],"aioseo_notices":[],"_links":{"self":[{"href":"https:\/\/www.vissparboulingu.lv\/video\/wp-json\/wp\/v2\/pages\/26985","targetHints":{"allow":["GET"]}}],"collection":[{"href":"https:\/\/www.vissparboulingu.lv\/video\/wp-json\/wp\/v2\/pages"}],"about":[{"href":"https:\/\/www.vissparboulingu.lv\/video\/wp-json\/wp\/v2\/types\/page"}],"author":[{"embeddable":true,"href":"https:\/\/www.vissparboulingu.lv\/video\/wp-json\/wp\/v2\/users\/1"}],"replies":[{"embeddable":true,"href":"https:\/\/www.vissparboulingu.lv\/video\/wp-json\/wp\/v2\/comments?post=26985"}],"version-history":[{"count":0,"href":"https:\/\/www.vissparboulingu.lv\/video\/wp-json\/wp\/v2\/pages\/26985\/revisions"}],"wp:featuredmedia":[{"embeddable":true,"href":"https:\/\/www.vissparboulingu.lv\/video\/wp-json\/wp\/v2\/media\/26986"}],"wp:attachment":[{"href":"https:\/\/www.vissparboulingu.lv\/video\/wp-json\/wp\/v2\/media?parent=26985"}],"curies":[{"name":"wp","href":"https:\/\/api.w.org\/{rel}","templated":true}]}}