{"id":28703,"date":"2025-01-29T20:06:40","date_gmt":"2025-01-29T20:06:40","guid":{"rendered":"https:\/\/www.vissparboulingu.lv\/video\/?page_id=28703"},"modified":"2025-01-29T20:06:40","modified_gmt":"2025-01-29T20:06:40","slug":"eiropas-senioru-cempionats-boulinga-2025","status":"publish","type":"page","link":"https:\/\/www.vissparboulingu.lv\/video\/eiropas-senioru-cempionats-boulinga-2025\/","title":{"rendered":"Eiropas Senioru \u010dempion\u0101ts bouling\u0101 2025"},"content":{"rendered":"ngg_shortcode_0_placeholder\n","protected":false},"excerpt":{"rendered":"","protected":false},"author":1,"featured_media":28704,"parent":0,"menu_order":0,"comment_status":"closed","ping_status":"closed","template":"","meta":{"_et_pb_use_builder":"","_et_pb_old_content":"","_et_gb_content_width":"","ngg_post_thumbnail":0,"footnotes":""},"class_list":["post-28703","page","type-page","status-publish","has-post-thumbnail","hentry"],"aioseo_notices":[],"_links":{"self":[{"href":"https:\/\/www.vissparboulingu.lv\/video\/wp-json\/wp\/v2\/pages\/28703","targetHints":{"allow":["GET"]}}],"collection":[{"href":"https:\/\/www.vissparboulingu.lv\/video\/wp-json\/wp\/v2\/pages"}],"about":[{"href":"https:\/\/www.vissparboulingu.lv\/video\/wp-json\/wp\/v2\/types\/page"}],"author":[{"embeddable":true,"href":"https:\/\/www.vissparboulingu.lv\/video\/wp-json\/wp\/v2\/users\/1"}],"replies":[{"embeddable":true,"href":"https:\/\/www.vissparboulingu.lv\/video\/wp-json\/wp\/v2\/comments?post=28703"}],"version-history":[{"count":0,"href":"https:\/\/www.vissparboulingu.lv\/video\/wp-json\/wp\/v2\/pages\/28703\/revisions"}],"wp:featuredmedia":[{"embeddable":true,"href":"https:\/\/www.vissparboulingu.lv\/video\/wp-json\/wp\/v2\/media\/28704"}],"wp:attachment":[{"href":"https:\/\/www.vissparboulingu.lv\/video\/wp-json\/wp\/v2\/media?parent=28703"}],"curies":[{"name":"wp","href":"https:\/\/api.w.org\/{rel}","templated":true}]}}