{"id":5092,"date":"2016-04-06T22:31:01","date_gmt":"2016-04-06T22:31:01","guid":{"rendered":"http:\/\/www.vissparboulingu.lv\/video\/?page_id=5092"},"modified":"2016-04-06T22:32:05","modified_gmt":"2016-04-06T22:32:05","slug":"8-abl-noleguma-pasakums-spare-bulinga","status":"publish","type":"page","link":"https:\/\/www.vissparboulingu.lv\/video\/8-abl-noleguma-pasakums-spare-bulinga\/","title":{"rendered":"8.ABL nol\u0113guma pas\u0101kums Sp\u0101re buling\u0101"},"content":{"rendered":"<p><!-- index.php -->\n<div\n\tclass=\"ngg-galleryoverview\n\t\t\"\n\tid=\"ngg-gallery-9c87be89b36a04f1499c9a9eebd5e961-1\">\n\n\t\t\t<!-- Thumbnails -->\n\t\t\t\t<div id=\"ngg-image-0\" class=\"ngg-gallery-thumbnail-box\"\n\t\t\t\t\t\t\t\t\t\t\t>\n\t\t\t\t\t\t<div class=\"ngg-gallery-thumbnail\">\n\t\t\t<a href=\"https:\/\/www.vissparboulingu.lv\/video\/wp-content\/gallery\/8.ABL%20nol%C4%93guma%20pas%C4%81kums%20Sp%C4%81re%20buling%C4%81\/DSC_0238.jpg\"\n\t\t\t\ttitle=\"\"\n\t\t\t\tdata-src=\"https:\/\/www.vissparboulingu.lv\/video\/wp-content\/gallery\/8.ABL%20nol%C4%93guma%20pas%C4%81kums%20Sp%C4%81re%20buling%C4%81\/DSC_0238.jpg\"\n\t\t\t\tdata-thumbnail=\"https:\/\/www.vissparboulingu.lv\/video\/wp-content\/gallery\/8.ABL%20nol%C4%93guma%20pas%C4%81kums%20Sp%C4%81re%20buling%C4%81\/thumbs\/thumbs_DSC_0238.jpg\"\n\t\t\t\tdata-image-id=\"2482\"\n\t\t\t\tdata-title=\"DSC_0238\"\n\t\t\t\tdata-description=\"\"\n\t\t\t\tdata-image-slug=\"dsc_0238\"\n\t\t\t\t\t\t\t\t\t\t\t\t\t\t\t\t\t\t\t\tclass=\"ngg-fancybox\" rel=\"9c87be89b36a04f1499c9a9eebd5e961\">\n\t\t\t\t\t\t\t\t<img\n\t\t\t\t\ttitle=\"DSC_0238\"\n\t\t\t\t\talt=\"DSC_0238\"\n\t\t\t\t\tdata-src=\"https:\/\/www.vissparboulingu.lv\/video\/wp-content\/gallery\/8.ABL%20nol%C4%93guma%20pas%C4%81kums%20Sp%C4%81re%20buling%C4%81\/thumbs\/thumbs_DSC_0238.jpg\"\n\t\t\t\t\twidth=\"240\"\n\t\t\t\t\theight=\"160\"\n\t\t\t\t\tstyle=\"--smush-placeholder-width: 240px; --smush-placeholder-aspect-ratio: 240\/160;max-width:100%;\"\n\t\t\t\t src=\"data:image\/svg+xml;base64,PHN2ZyB3aWR0aD0iMSIgaGVpZ2h0PSIxIiB4bWxucz0iaHR0cDovL3d3dy53My5vcmcvMjAwMC9zdmciPjwvc3ZnPg==\" class=\"lazyload\" \/>\n\t\t\t<\/a>\n\t\t<\/div>\n\t\t\t\t\t\t\t<\/div>\n\t\t\t\n\t\t\t\t\t\t\t\n\t\t\t\t<div id=\"ngg-image-1\" class=\"ngg-gallery-thumbnail-box\"\n\t\t\t\t\t\t\t\t\t\t\t>\n\t\t\t\t\t\t<div class=\"ngg-gallery-thumbnail\">\n\t\t\t<a href=\"https:\/\/www.vissparboulingu.lv\/video\/wp-content\/gallery\/8.ABL%20nol%C4%93guma%20pas%C4%81kums%20Sp%C4%81re%20buling%C4%81\/DSC_0239.jpg\"\n\t\t\t\ttitle=\"\"\n\t\t\t\tdata-src=\"https:\/\/www.vissparboulingu.lv\/video\/wp-content\/gallery\/8.ABL%20nol%C4%93guma%20pas%C4%81kums%20Sp%C4%81re%20buling%C4%81\/DSC_0239.jpg\"\n\t\t\t\tdata-thumbnail=\"https:\/\/www.vissparboulingu.lv\/video\/wp-content\/gallery\/8.ABL%20nol%C4%93guma%20pas%C4%81kums%20Sp%C4%81re%20buling%C4%81\/thumbs\/thumbs_DSC_0239.jpg\"\n\t\t\t\tdata-image-id=\"2483\"\n\t\t\t\tdata-title=\"DSC_0239\"\n\t\t\t\tdata-description=\"\"\n\t\t\t\tdata-image-slug=\"dsc_0239\"\n\t\t\t\t\t\t\t\t\t\t\t\t\t\t\t\t\t\t\t\tclass=\"ngg-fancybox\" rel=\"9c87be89b36a04f1499c9a9eebd5e961\">\n\t\t\t\t\t\t\t\t<img\n\t\t\t\t\ttitle=\"DSC_0239\"\n\t\t\t\t\talt=\"DSC_0239\"\n\t\t\t\t\tdata-src=\"https:\/\/www.vissparboulingu.lv\/video\/wp-content\/gallery\/8.ABL%20nol%C4%93guma%20pas%C4%81kums%20Sp%C4%81re%20buling%C4%81\/thumbs\/thumbs_DSC_0239.jpg\"\n\t\t\t\t\twidth=\"240\"\n\t\t\t\t\theight=\"160\"\n\t\t\t\t\tstyle=\"--smush-placeholder-width: 240px; --smush-placeholder-aspect-ratio: 240\/160;max-width:100%;\"\n\t\t\t\t src=\"data:image\/svg+xml;base64,PHN2ZyB3aWR0aD0iMSIgaGVpZ2h0PSIxIiB4bWxucz0iaHR0cDovL3d3dy53My5vcmcvMjAwMC9zdmciPjwvc3ZnPg==\" class=\"lazyload\" \/>\n\t\t\t<\/a>\n\t\t<\/div>\n\t\t\t\t\t\t\t<\/div>\n\t\t\t\n\t\t\t\t\t\t\t\n\t\t\t\t<div id=\"ngg-image-2\" class=\"ngg-gallery-thumbnail-box\"\n\t\t\t\t\t\t\t\t\t\t\t>\n\t\t\t\t\t\t<div class=\"ngg-gallery-thumbnail\">\n\t\t\t<a href=\"https:\/\/www.vissparboulingu.lv\/video\/wp-content\/gallery\/8.ABL%20nol%C4%93guma%20pas%C4%81kums%20Sp%C4%81re%20buling%C4%81\/DSC_0241.jpg\"\n\t\t\t\ttitle=\"\"\n\t\t\t\tdata-src=\"https:\/\/www.vissparboulingu.lv\/video\/wp-content\/gallery\/8.ABL%20nol%C4%93guma%20pas%C4%81kums%20Sp%C4%81re%20buling%C4%81\/DSC_0241.jpg\"\n\t\t\t\tdata-thumbnail=\"https:\/\/www.vissparboulingu.lv\/video\/wp-content\/gallery\/8.ABL%20nol%C4%93guma%20pas%C4%81kums%20Sp%C4%81re%20buling%C4%81\/thumbs\/thumbs_DSC_0241.jpg\"\n\t\t\t\tdata-image-id=\"2484\"\n\t\t\t\tdata-title=\"DSC_0241\"\n\t\t\t\tdata-description=\"\"\n\t\t\t\tdata-image-slug=\"dsc_0241\"\n\t\t\t\t\t\t\t\t\t\t\t\t\t\t\t\t\t\t\t\tclass=\"ngg-fancybox\" rel=\"9c87be89b36a04f1499c9a9eebd5e961\">\n\t\t\t\t\t\t\t\t<img\n\t\t\t\t\ttitle=\"DSC_0241\"\n\t\t\t\t\talt=\"DSC_0241\"\n\t\t\t\t\tdata-src=\"https:\/\/www.vissparboulingu.lv\/video\/wp-content\/gallery\/8.ABL%20nol%C4%93guma%20pas%C4%81kums%20Sp%C4%81re%20buling%C4%81\/thumbs\/thumbs_DSC_0241.jpg\"\n\t\t\t\t\twidth=\"240\"\n\t\t\t\t\theight=\"160\"\n\t\t\t\t\tstyle=\"--smush-placeholder-width: 240px; --smush-placeholder-aspect-ratio: 240\/160;max-width:100%;\"\n\t\t\t\t src=\"data:image\/svg+xml;base64,PHN2ZyB3aWR0aD0iMSIgaGVpZ2h0PSIxIiB4bWxucz0iaHR0cDovL3d3dy53My5vcmcvMjAwMC9zdmciPjwvc3ZnPg==\" class=\"lazyload\" \/>\n\t\t\t<\/a>\n\t\t<\/div>\n\t\t\t\t\t\t\t<\/div>\n\t\t\t\n\t\t\t\t\t\t\t\t\t<br style=\"clear: both\" \/>\n\t\t\t\t\t\n\t\t\t\t<div id=\"ngg-image-3\" class=\"ngg-gallery-thumbnail-box\"\n\t\t\t\t\t\t\t\t\t\t\t>\n\t\t\t\t\t\t<div class=\"ngg-gallery-thumbnail\">\n\t\t\t<a href=\"https:\/\/www.vissparboulingu.lv\/video\/wp-content\/gallery\/8.ABL%20nol%C4%93guma%20pas%C4%81kums%20Sp%C4%81re%20buling%C4%81\/DSC_0242.jpg\"\n\t\t\t\ttitle=\"\"\n\t\t\t\tdata-src=\"https:\/\/www.vissparboulingu.lv\/video\/wp-content\/gallery\/8.ABL%20nol%C4%93guma%20pas%C4%81kums%20Sp%C4%81re%20buling%C4%81\/DSC_0242.jpg\"\n\t\t\t\tdata-thumbnail=\"https:\/\/www.vissparboulingu.lv\/video\/wp-content\/gallery\/8.ABL%20nol%C4%93guma%20pas%C4%81kums%20Sp%C4%81re%20buling%C4%81\/thumbs\/thumbs_DSC_0242.jpg\"\n\t\t\t\tdata-image-id=\"2485\"\n\t\t\t\tdata-title=\"DSC_0242\"\n\t\t\t\tdata-description=\"\"\n\t\t\t\tdata-image-slug=\"dsc_0242\"\n\t\t\t\t\t\t\t\t\t\t\t\t\t\t\t\t\t\t\t\tclass=\"ngg-fancybox\" rel=\"9c87be89b36a04f1499c9a9eebd5e961\">\n\t\t\t\t\t\t\t\t<img\n\t\t\t\t\ttitle=\"DSC_0242\"\n\t\t\t\t\talt=\"DSC_0242\"\n\t\t\t\t\tdata-src=\"https:\/\/www.vissparboulingu.lv\/video\/wp-content\/gallery\/8.ABL%20nol%C4%93guma%20pas%C4%81kums%20Sp%C4%81re%20buling%C4%81\/thumbs\/thumbs_DSC_0242.jpg\"\n\t\t\t\t\twidth=\"240\"\n\t\t\t\t\theight=\"160\"\n\t\t\t\t\tstyle=\"--smush-placeholder-width: 240px; --smush-placeholder-aspect-ratio: 240\/160;max-width:100%;\"\n\t\t\t\t src=\"data:image\/svg+xml;base64,PHN2ZyB3aWR0aD0iMSIgaGVpZ2h0PSIxIiB4bWxucz0iaHR0cDovL3d3dy53My5vcmcvMjAwMC9zdmciPjwvc3ZnPg==\" class=\"lazyload\" \/>\n\t\t\t<\/a>\n\t\t<\/div>\n\t\t\t\t\t\t\t<\/div>\n\t\t\t\n\t\t\t\t\t\t\t\n\t\t\t\t<div id=\"ngg-image-4\" class=\"ngg-gallery-thumbnail-box\"\n\t\t\t\t\t\t\t\t\t\t\t>\n\t\t\t\t\t\t<div class=\"ngg-gallery-thumbnail\">\n\t\t\t<a href=\"https:\/\/www.vissparboulingu.lv\/video\/wp-content\/gallery\/8.ABL%20nol%C4%93guma%20pas%C4%81kums%20Sp%C4%81re%20buling%C4%81\/DSC_0243.jpg\"\n\t\t\t\ttitle=\"\"\n\t\t\t\tdata-src=\"https:\/\/www.vissparboulingu.lv\/video\/wp-content\/gallery\/8.ABL%20nol%C4%93guma%20pas%C4%81kums%20Sp%C4%81re%20buling%C4%81\/DSC_0243.jpg\"\n\t\t\t\tdata-thumbnail=\"https:\/\/www.vissparboulingu.lv\/video\/wp-content\/gallery\/8.ABL%20nol%C4%93guma%20pas%C4%81kums%20Sp%C4%81re%20buling%C4%81\/thumbs\/thumbs_DSC_0243.jpg\"\n\t\t\t\tdata-image-id=\"2486\"\n\t\t\t\tdata-title=\"DSC_0243\"\n\t\t\t\tdata-description=\"\"\n\t\t\t\tdata-image-slug=\"dsc_0243\"\n\t\t\t\t\t\t\t\t\t\t\t\t\t\t\t\t\t\t\t\tclass=\"ngg-fancybox\" rel=\"9c87be89b36a04f1499c9a9eebd5e961\">\n\t\t\t\t\t\t\t\t<img\n\t\t\t\t\ttitle=\"DSC_0243\"\n\t\t\t\t\talt=\"DSC_0243\"\n\t\t\t\t\tdata-src=\"https:\/\/www.vissparboulingu.lv\/video\/wp-content\/gallery\/8.ABL%20nol%C4%93guma%20pas%C4%81kums%20Sp%C4%81re%20buling%C4%81\/thumbs\/thumbs_DSC_0243.jpg\"\n\t\t\t\t\twidth=\"240\"\n\t\t\t\t\theight=\"160\"\n\t\t\t\t\tstyle=\"--smush-placeholder-width: 240px; --smush-placeholder-aspect-ratio: 240\/160;max-width:100%;\"\n\t\t\t\t src=\"data:image\/svg+xml;base64,PHN2ZyB3aWR0aD0iMSIgaGVpZ2h0PSIxIiB4bWxucz0iaHR0cDovL3d3dy53My5vcmcvMjAwMC9zdmciPjwvc3ZnPg==\" class=\"lazyload\" \/>\n\t\t\t<\/a>\n\t\t<\/div>\n\t\t\t\t\t\t\t<\/div>\n\t\t\t\n\t\t\t\t\t\t\t\n\t\t\t\t<div id=\"ngg-image-5\" class=\"ngg-gallery-thumbnail-box\"\n\t\t\t\t\t\t\t\t\t\t\t>\n\t\t\t\t\t\t<div class=\"ngg-gallery-thumbnail\">\n\t\t\t<a href=\"https:\/\/www.vissparboulingu.lv\/video\/wp-content\/gallery\/8.ABL%20nol%C4%93guma%20pas%C4%81kums%20Sp%C4%81re%20buling%C4%81\/DSC_0245.jpg\"\n\t\t\t\ttitle=\"\"\n\t\t\t\tdata-src=\"https:\/\/www.vissparboulingu.lv\/video\/wp-content\/gallery\/8.ABL%20nol%C4%93guma%20pas%C4%81kums%20Sp%C4%81re%20buling%C4%81\/DSC_0245.jpg\"\n\t\t\t\tdata-thumbnail=\"https:\/\/www.vissparboulingu.lv\/video\/wp-content\/gallery\/8.ABL%20nol%C4%93guma%20pas%C4%81kums%20Sp%C4%81re%20buling%C4%81\/thumbs\/thumbs_DSC_0245.jpg\"\n\t\t\t\tdata-image-id=\"2487\"\n\t\t\t\tdata-title=\"DSC_0245\"\n\t\t\t\tdata-description=\"\"\n\t\t\t\tdata-image-slug=\"dsc_0245\"\n\t\t\t\t\t\t\t\t\t\t\t\t\t\t\t\t\t\t\t\tclass=\"ngg-fancybox\" rel=\"9c87be89b36a04f1499c9a9eebd5e961\">\n\t\t\t\t\t\t\t\t<img\n\t\t\t\t\ttitle=\"DSC_0245\"\n\t\t\t\t\talt=\"DSC_0245\"\n\t\t\t\t\tdata-src=\"https:\/\/www.vissparboulingu.lv\/video\/wp-content\/gallery\/8.ABL%20nol%C4%93guma%20pas%C4%81kums%20Sp%C4%81re%20buling%C4%81\/thumbs\/thumbs_DSC_0245.jpg\"\n\t\t\t\t\twidth=\"240\"\n\t\t\t\t\theight=\"160\"\n\t\t\t\t\tstyle=\"--smush-placeholder-width: 240px; --smush-placeholder-aspect-ratio: 240\/160;max-width:100%;\"\n\t\t\t\t src=\"data:image\/svg+xml;base64,PHN2ZyB3aWR0aD0iMSIgaGVpZ2h0PSIxIiB4bWxucz0iaHR0cDovL3d3dy53My5vcmcvMjAwMC9zdmciPjwvc3ZnPg==\" class=\"lazyload\" \/>\n\t\t\t<\/a>\n\t\t<\/div>\n\t\t\t\t\t\t\t<\/div>\n\t\t\t\n\t\t\t\t\t\t\t\t\t<br style=\"clear: both\" \/>\n\t\t\t\t\t\n\t\t\t\t<div id=\"ngg-image-6\" class=\"ngg-gallery-thumbnail-box\"\n\t\t\t\t\t\t\t\t\t\t\t>\n\t\t\t\t\t\t<div class=\"ngg-gallery-thumbnail\">\n\t\t\t<a href=\"https:\/\/www.vissparboulingu.lv\/video\/wp-content\/gallery\/8.ABL%20nol%C4%93guma%20pas%C4%81kums%20Sp%C4%81re%20buling%C4%81\/DSC_0246.jpg\"\n\t\t\t\ttitle=\"\"\n\t\t\t\tdata-src=\"https:\/\/www.vissparboulingu.lv\/video\/wp-content\/gallery\/8.ABL%20nol%C4%93guma%20pas%C4%81kums%20Sp%C4%81re%20buling%C4%81\/DSC_0246.jpg\"\n\t\t\t\tdata-thumbnail=\"https:\/\/www.vissparboulingu.lv\/video\/wp-content\/gallery\/8.ABL%20nol%C4%93guma%20pas%C4%81kums%20Sp%C4%81re%20buling%C4%81\/thumbs\/thumbs_DSC_0246.jpg\"\n\t\t\t\tdata-image-id=\"2488\"\n\t\t\t\tdata-title=\"DSC_0246\"\n\t\t\t\tdata-description=\"\"\n\t\t\t\tdata-image-slug=\"dsc_0246\"\n\t\t\t\t\t\t\t\t\t\t\t\t\t\t\t\t\t\t\t\tclass=\"ngg-fancybox\" rel=\"9c87be89b36a04f1499c9a9eebd5e961\">\n\t\t\t\t\t\t\t\t<img\n\t\t\t\t\ttitle=\"DSC_0246\"\n\t\t\t\t\talt=\"DSC_0246\"\n\t\t\t\t\tdata-src=\"https:\/\/www.vissparboulingu.lv\/video\/wp-content\/gallery\/8.ABL%20nol%C4%93guma%20pas%C4%81kums%20Sp%C4%81re%20buling%C4%81\/thumbs\/thumbs_DSC_0246.jpg\"\n\t\t\t\t\twidth=\"240\"\n\t\t\t\t\theight=\"160\"\n\t\t\t\t\tstyle=\"--smush-placeholder-width: 240px; --smush-placeholder-aspect-ratio: 240\/160;max-width:100%;\"\n\t\t\t\t src=\"data:image\/svg+xml;base64,PHN2ZyB3aWR0aD0iMSIgaGVpZ2h0PSIxIiB4bWxucz0iaHR0cDovL3d3dy53My5vcmcvMjAwMC9zdmciPjwvc3ZnPg==\" class=\"lazyload\" \/>\n\t\t\t<\/a>\n\t\t<\/div>\n\t\t\t\t\t\t\t<\/div>\n\t\t\t\n\t\t\t\t\t\t\t\n\t\t\t\t<div id=\"ngg-image-7\" class=\"ngg-gallery-thumbnail-box\"\n\t\t\t\t\t\t\t\t\t\t\t>\n\t\t\t\t\t\t<div class=\"ngg-gallery-thumbnail\">\n\t\t\t<a href=\"https:\/\/www.vissparboulingu.lv\/video\/wp-content\/gallery\/8.ABL%20nol%C4%93guma%20pas%C4%81kums%20Sp%C4%81re%20buling%C4%81\/DSC_0247.jpg\"\n\t\t\t\ttitle=\"\"\n\t\t\t\tdata-src=\"https:\/\/www.vissparboulingu.lv\/video\/wp-content\/gallery\/8.ABL%20nol%C4%93guma%20pas%C4%81kums%20Sp%C4%81re%20buling%C4%81\/DSC_0247.jpg\"\n\t\t\t\tdata-thumbnail=\"https:\/\/www.vissparboulingu.lv\/video\/wp-content\/gallery\/8.ABL%20nol%C4%93guma%20pas%C4%81kums%20Sp%C4%81re%20buling%C4%81\/thumbs\/thumbs_DSC_0247.jpg\"\n\t\t\t\tdata-image-id=\"2489\"\n\t\t\t\tdata-title=\"DSC_0247\"\n\t\t\t\tdata-description=\"\"\n\t\t\t\tdata-image-slug=\"dsc_0247\"\n\t\t\t\t\t\t\t\t\t\t\t\t\t\t\t\t\t\t\t\tclass=\"ngg-fancybox\" rel=\"9c87be89b36a04f1499c9a9eebd5e961\">\n\t\t\t\t\t\t\t\t<img\n\t\t\t\t\ttitle=\"DSC_0247\"\n\t\t\t\t\talt=\"DSC_0247\"\n\t\t\t\t\tdata-src=\"https:\/\/www.vissparboulingu.lv\/video\/wp-content\/gallery\/8.ABL%20nol%C4%93guma%20pas%C4%81kums%20Sp%C4%81re%20buling%C4%81\/thumbs\/thumbs_DSC_0247.jpg\"\n\t\t\t\t\twidth=\"240\"\n\t\t\t\t\theight=\"160\"\n\t\t\t\t\tstyle=\"--smush-placeholder-width: 240px; --smush-placeholder-aspect-ratio: 240\/160;max-width:100%;\"\n\t\t\t\t src=\"data:image\/svg+xml;base64,PHN2ZyB3aWR0aD0iMSIgaGVpZ2h0PSIxIiB4bWxucz0iaHR0cDovL3d3dy53My5vcmcvMjAwMC9zdmciPjwvc3ZnPg==\" class=\"lazyload\" \/>\n\t\t\t<\/a>\n\t\t<\/div>\n\t\t\t\t\t\t\t<\/div>\n\t\t\t\n\t\t\t\t\t\t\t\n\t\t\t\t<div id=\"ngg-image-8\" class=\"ngg-gallery-thumbnail-box\"\n\t\t\t\t\t\t\t\t\t\t\t>\n\t\t\t\t\t\t<div class=\"ngg-gallery-thumbnail\">\n\t\t\t<a href=\"https:\/\/www.vissparboulingu.lv\/video\/wp-content\/gallery\/8.ABL%20nol%C4%93guma%20pas%C4%81kums%20Sp%C4%81re%20buling%C4%81\/DSC_0248.jpg\"\n\t\t\t\ttitle=\"\"\n\t\t\t\tdata-src=\"https:\/\/www.vissparboulingu.lv\/video\/wp-content\/gallery\/8.ABL%20nol%C4%93guma%20pas%C4%81kums%20Sp%C4%81re%20buling%C4%81\/DSC_0248.jpg\"\n\t\t\t\tdata-thumbnail=\"https:\/\/www.vissparboulingu.lv\/video\/wp-content\/gallery\/8.ABL%20nol%C4%93guma%20pas%C4%81kums%20Sp%C4%81re%20buling%C4%81\/thumbs\/thumbs_DSC_0248.jpg\"\n\t\t\t\tdata-image-id=\"2490\"\n\t\t\t\tdata-title=\"DSC_0248\"\n\t\t\t\tdata-description=\"\"\n\t\t\t\tdata-image-slug=\"dsc_0248\"\n\t\t\t\t\t\t\t\t\t\t\t\t\t\t\t\t\t\t\t\tclass=\"ngg-fancybox\" rel=\"9c87be89b36a04f1499c9a9eebd5e961\">\n\t\t\t\t\t\t\t\t<img\n\t\t\t\t\ttitle=\"DSC_0248\"\n\t\t\t\t\talt=\"DSC_0248\"\n\t\t\t\t\tdata-src=\"https:\/\/www.vissparboulingu.lv\/video\/wp-content\/gallery\/8.ABL%20nol%C4%93guma%20pas%C4%81kums%20Sp%C4%81re%20buling%C4%81\/thumbs\/thumbs_DSC_0248.jpg\"\n\t\t\t\t\twidth=\"240\"\n\t\t\t\t\theight=\"160\"\n\t\t\t\t\tstyle=\"--smush-placeholder-width: 240px; --smush-placeholder-aspect-ratio: 240\/160;max-width:100%;\"\n\t\t\t\t src=\"data:image\/svg+xml;base64,PHN2ZyB3aWR0aD0iMSIgaGVpZ2h0PSIxIiB4bWxucz0iaHR0cDovL3d3dy53My5vcmcvMjAwMC9zdmciPjwvc3ZnPg==\" class=\"lazyload\" \/>\n\t\t\t<\/a>\n\t\t<\/div>\n\t\t\t\t\t\t\t<\/div>\n\t\t\t\n\t\t\t\t\t\t\t\t\t<br style=\"clear: both\" \/>\n\t\t\t\t\t\n\t\t\t\t<div id=\"ngg-image-9\" class=\"ngg-gallery-thumbnail-box\"\n\t\t\t\t\t\t\t\t\t\t\t>\n\t\t\t\t\t\t<div class=\"ngg-gallery-thumbnail\">\n\t\t\t<a href=\"https:\/\/www.vissparboulingu.lv\/video\/wp-content\/gallery\/8.ABL%20nol%C4%93guma%20pas%C4%81kums%20Sp%C4%81re%20buling%C4%81\/DSC_0249.jpg\"\n\t\t\t\ttitle=\"\"\n\t\t\t\tdata-src=\"https:\/\/www.vissparboulingu.lv\/video\/wp-content\/gallery\/8.ABL%20nol%C4%93guma%20pas%C4%81kums%20Sp%C4%81re%20buling%C4%81\/DSC_0249.jpg\"\n\t\t\t\tdata-thumbnail=\"https:\/\/www.vissparboulingu.lv\/video\/wp-content\/gallery\/8.ABL%20nol%C4%93guma%20pas%C4%81kums%20Sp%C4%81re%20buling%C4%81\/thumbs\/thumbs_DSC_0249.jpg\"\n\t\t\t\tdata-image-id=\"2491\"\n\t\t\t\tdata-title=\"DSC_0249\"\n\t\t\t\tdata-description=\"\"\n\t\t\t\tdata-image-slug=\"dsc_0249\"\n\t\t\t\t\t\t\t\t\t\t\t\t\t\t\t\t\t\t\t\tclass=\"ngg-fancybox\" rel=\"9c87be89b36a04f1499c9a9eebd5e961\">\n\t\t\t\t\t\t\t\t<img\n\t\t\t\t\ttitle=\"DSC_0249\"\n\t\t\t\t\talt=\"DSC_0249\"\n\t\t\t\t\tdata-src=\"https:\/\/www.vissparboulingu.lv\/video\/wp-content\/gallery\/8.ABL%20nol%C4%93guma%20pas%C4%81kums%20Sp%C4%81re%20buling%C4%81\/thumbs\/thumbs_DSC_0249.jpg\"\n\t\t\t\t\twidth=\"240\"\n\t\t\t\t\theight=\"160\"\n\t\t\t\t\tstyle=\"--smush-placeholder-width: 240px; --smush-placeholder-aspect-ratio: 240\/160;max-width:100%;\"\n\t\t\t\t src=\"data:image\/svg+xml;base64,PHN2ZyB3aWR0aD0iMSIgaGVpZ2h0PSIxIiB4bWxucz0iaHR0cDovL3d3dy53My5vcmcvMjAwMC9zdmciPjwvc3ZnPg==\" class=\"lazyload\" \/>\n\t\t\t<\/a>\n\t\t<\/div>\n\t\t\t\t\t\t\t<\/div>\n\t\t\t\n\t\t\t\t\t\t\t\n\t\t\t\t<div id=\"ngg-image-10\" class=\"ngg-gallery-thumbnail-box\"\n\t\t\t\t\t\t\t\t\t\t\t>\n\t\t\t\t\t\t<div class=\"ngg-gallery-thumbnail\">\n\t\t\t<a href=\"https:\/\/www.vissparboulingu.lv\/video\/wp-content\/gallery\/8.ABL%20nol%C4%93guma%20pas%C4%81kums%20Sp%C4%81re%20buling%C4%81\/DSC_0250.jpg\"\n\t\t\t\ttitle=\"\"\n\t\t\t\tdata-src=\"https:\/\/www.vissparboulingu.lv\/video\/wp-content\/gallery\/8.ABL%20nol%C4%93guma%20pas%C4%81kums%20Sp%C4%81re%20buling%C4%81\/DSC_0250.jpg\"\n\t\t\t\tdata-thumbnail=\"https:\/\/www.vissparboulingu.lv\/video\/wp-content\/gallery\/8.ABL%20nol%C4%93guma%20pas%C4%81kums%20Sp%C4%81re%20buling%C4%81\/thumbs\/thumbs_DSC_0250.jpg\"\n\t\t\t\tdata-image-id=\"2492\"\n\t\t\t\tdata-title=\"DSC_0250\"\n\t\t\t\tdata-description=\"\"\n\t\t\t\tdata-image-slug=\"dsc_0250\"\n\t\t\t\t\t\t\t\t\t\t\t\t\t\t\t\t\t\t\t\tclass=\"ngg-fancybox\" rel=\"9c87be89b36a04f1499c9a9eebd5e961\">\n\t\t\t\t\t\t\t\t<img\n\t\t\t\t\ttitle=\"DSC_0250\"\n\t\t\t\t\talt=\"DSC_0250\"\n\t\t\t\t\tdata-src=\"https:\/\/www.vissparboulingu.lv\/video\/wp-content\/gallery\/8.ABL%20nol%C4%93guma%20pas%C4%81kums%20Sp%C4%81re%20buling%C4%81\/thumbs\/thumbs_DSC_0250.jpg\"\n\t\t\t\t\twidth=\"240\"\n\t\t\t\t\theight=\"160\"\n\t\t\t\t\tstyle=\"--smush-placeholder-width: 240px; --smush-placeholder-aspect-ratio: 240\/160;max-width:100%;\"\n\t\t\t\t src=\"data:image\/svg+xml;base64,PHN2ZyB3aWR0aD0iMSIgaGVpZ2h0PSIxIiB4bWxucz0iaHR0cDovL3d3dy53My5vcmcvMjAwMC9zdmciPjwvc3ZnPg==\" class=\"lazyload\" \/>\n\t\t\t<\/a>\n\t\t<\/div>\n\t\t\t\t\t\t\t<\/div>\n\t\t\t\n\t\t\t\t\t\t\t\n\t\t\t\t<div id=\"ngg-image-11\" class=\"ngg-gallery-thumbnail-box\"\n\t\t\t\t\t\t\t\t\t\t\t>\n\t\t\t\t\t\t<div class=\"ngg-gallery-thumbnail\">\n\t\t\t<a href=\"https:\/\/www.vissparboulingu.lv\/video\/wp-content\/gallery\/8.ABL%20nol%C4%93guma%20pas%C4%81kums%20Sp%C4%81re%20buling%C4%81\/DSC_0251.jpg\"\n\t\t\t\ttitle=\"\"\n\t\t\t\tdata-src=\"https:\/\/www.vissparboulingu.lv\/video\/wp-content\/gallery\/8.ABL%20nol%C4%93guma%20pas%C4%81kums%20Sp%C4%81re%20buling%C4%81\/DSC_0251.jpg\"\n\t\t\t\tdata-thumbnail=\"https:\/\/www.vissparboulingu.lv\/video\/wp-content\/gallery\/8.ABL%20nol%C4%93guma%20pas%C4%81kums%20Sp%C4%81re%20buling%C4%81\/thumbs\/thumbs_DSC_0251.jpg\"\n\t\t\t\tdata-image-id=\"2493\"\n\t\t\t\tdata-title=\"DSC_0251\"\n\t\t\t\tdata-description=\"\"\n\t\t\t\tdata-image-slug=\"dsc_0251\"\n\t\t\t\t\t\t\t\t\t\t\t\t\t\t\t\t\t\t\t\tclass=\"ngg-fancybox\" rel=\"9c87be89b36a04f1499c9a9eebd5e961\">\n\t\t\t\t\t\t\t\t<img\n\t\t\t\t\ttitle=\"DSC_0251\"\n\t\t\t\t\talt=\"DSC_0251\"\n\t\t\t\t\tdata-src=\"https:\/\/www.vissparboulingu.lv\/video\/wp-content\/gallery\/8.ABL%20nol%C4%93guma%20pas%C4%81kums%20Sp%C4%81re%20buling%C4%81\/thumbs\/thumbs_DSC_0251.jpg\"\n\t\t\t\t\twidth=\"240\"\n\t\t\t\t\theight=\"160\"\n\t\t\t\t\tstyle=\"--smush-placeholder-width: 240px; --smush-placeholder-aspect-ratio: 240\/160;max-width:100%;\"\n\t\t\t\t src=\"data:image\/svg+xml;base64,PHN2ZyB3aWR0aD0iMSIgaGVpZ2h0PSIxIiB4bWxucz0iaHR0cDovL3d3dy53My5vcmcvMjAwMC9zdmciPjwvc3ZnPg==\" class=\"lazyload\" \/>\n\t\t\t<\/a>\n\t\t<\/div>\n\t\t\t\t\t\t\t<\/div>\n\t\t\t\n\t\t\t\t\t\t\t\t\t<br style=\"clear: both\" \/>\n\t\t\t\t\t\n\t\t\t\t<div id=\"ngg-image-12\" class=\"ngg-gallery-thumbnail-box\"\n\t\t\t\t\t\t\t\t\t\t\t>\n\t\t\t\t\t\t<div class=\"ngg-gallery-thumbnail\">\n\t\t\t<a href=\"https:\/\/www.vissparboulingu.lv\/video\/wp-content\/gallery\/8.ABL%20nol%C4%93guma%20pas%C4%81kums%20Sp%C4%81re%20buling%C4%81\/DSC_0254.jpg\"\n\t\t\t\ttitle=\"\"\n\t\t\t\tdata-src=\"https:\/\/www.vissparboulingu.lv\/video\/wp-content\/gallery\/8.ABL%20nol%C4%93guma%20pas%C4%81kums%20Sp%C4%81re%20buling%C4%81\/DSC_0254.jpg\"\n\t\t\t\tdata-thumbnail=\"https:\/\/www.vissparboulingu.lv\/video\/wp-content\/gallery\/8.ABL%20nol%C4%93guma%20pas%C4%81kums%20Sp%C4%81re%20buling%C4%81\/thumbs\/thumbs_DSC_0254.jpg\"\n\t\t\t\tdata-image-id=\"2494\"\n\t\t\t\tdata-title=\"DSC_0254\"\n\t\t\t\tdata-description=\"\"\n\t\t\t\tdata-image-slug=\"dsc_0254\"\n\t\t\t\t\t\t\t\t\t\t\t\t\t\t\t\t\t\t\t\tclass=\"ngg-fancybox\" rel=\"9c87be89b36a04f1499c9a9eebd5e961\">\n\t\t\t\t\t\t\t\t<img\n\t\t\t\t\ttitle=\"DSC_0254\"\n\t\t\t\t\talt=\"DSC_0254\"\n\t\t\t\t\tdata-src=\"https:\/\/www.vissparboulingu.lv\/video\/wp-content\/gallery\/8.ABL%20nol%C4%93guma%20pas%C4%81kums%20Sp%C4%81re%20buling%C4%81\/thumbs\/thumbs_DSC_0254.jpg\"\n\t\t\t\t\twidth=\"240\"\n\t\t\t\t\theight=\"160\"\n\t\t\t\t\tstyle=\"--smush-placeholder-width: 240px; --smush-placeholder-aspect-ratio: 240\/160;max-width:100%;\"\n\t\t\t\t src=\"data:image\/svg+xml;base64,PHN2ZyB3aWR0aD0iMSIgaGVpZ2h0PSIxIiB4bWxucz0iaHR0cDovL3d3dy53My5vcmcvMjAwMC9zdmciPjwvc3ZnPg==\" class=\"lazyload\" \/>\n\t\t\t<\/a>\n\t\t<\/div>\n\t\t\t\t\t\t\t<\/div>\n\t\t\t\n\t\t\t\t\t\t\t\n\t\t\t\t<div id=\"ngg-image-13\" class=\"ngg-gallery-thumbnail-box\"\n\t\t\t\t\t\t\t\t\t\t\t>\n\t\t\t\t\t\t<div class=\"ngg-gallery-thumbnail\">\n\t\t\t<a href=\"https:\/\/www.vissparboulingu.lv\/video\/wp-content\/gallery\/8.ABL%20nol%C4%93guma%20pas%C4%81kums%20Sp%C4%81re%20buling%C4%81\/DSC_0255.jpg\"\n\t\t\t\ttitle=\"\"\n\t\t\t\tdata-src=\"https:\/\/www.vissparboulingu.lv\/video\/wp-content\/gallery\/8.ABL%20nol%C4%93guma%20pas%C4%81kums%20Sp%C4%81re%20buling%C4%81\/DSC_0255.jpg\"\n\t\t\t\tdata-thumbnail=\"https:\/\/www.vissparboulingu.lv\/video\/wp-content\/gallery\/8.ABL%20nol%C4%93guma%20pas%C4%81kums%20Sp%C4%81re%20buling%C4%81\/thumbs\/thumbs_DSC_0255.jpg\"\n\t\t\t\tdata-image-id=\"2495\"\n\t\t\t\tdata-title=\"DSC_0255\"\n\t\t\t\tdata-description=\"\"\n\t\t\t\tdata-image-slug=\"dsc_0255\"\n\t\t\t\t\t\t\t\t\t\t\t\t\t\t\t\t\t\t\t\tclass=\"ngg-fancybox\" rel=\"9c87be89b36a04f1499c9a9eebd5e961\">\n\t\t\t\t\t\t\t\t<img\n\t\t\t\t\ttitle=\"DSC_0255\"\n\t\t\t\t\talt=\"DSC_0255\"\n\t\t\t\t\tdata-src=\"https:\/\/www.vissparboulingu.lv\/video\/wp-content\/gallery\/8.ABL%20nol%C4%93guma%20pas%C4%81kums%20Sp%C4%81re%20buling%C4%81\/thumbs\/thumbs_DSC_0255.jpg\"\n\t\t\t\t\twidth=\"240\"\n\t\t\t\t\theight=\"160\"\n\t\t\t\t\tstyle=\"--smush-placeholder-width: 240px; --smush-placeholder-aspect-ratio: 240\/160;max-width:100%;\"\n\t\t\t\t src=\"data:image\/svg+xml;base64,PHN2ZyB3aWR0aD0iMSIgaGVpZ2h0PSIxIiB4bWxucz0iaHR0cDovL3d3dy53My5vcmcvMjAwMC9zdmciPjwvc3ZnPg==\" class=\"lazyload\" \/>\n\t\t\t<\/a>\n\t\t<\/div>\n\t\t\t\t\t\t\t<\/div>\n\t\t\t\n\t\t\t\t\t\t\t\n\t\t\t\t<div id=\"ngg-image-14\" class=\"ngg-gallery-thumbnail-box\"\n\t\t\t\t\t\t\t\t\t\t\t>\n\t\t\t\t\t\t<div class=\"ngg-gallery-thumbnail\">\n\t\t\t<a href=\"https:\/\/www.vissparboulingu.lv\/video\/wp-content\/gallery\/8.ABL%20nol%C4%93guma%20pas%C4%81kums%20Sp%C4%81re%20buling%C4%81\/DSC_0256.jpg\"\n\t\t\t\ttitle=\"\"\n\t\t\t\tdata-src=\"https:\/\/www.vissparboulingu.lv\/video\/wp-content\/gallery\/8.ABL%20nol%C4%93guma%20pas%C4%81kums%20Sp%C4%81re%20buling%C4%81\/DSC_0256.jpg\"\n\t\t\t\tdata-thumbnail=\"https:\/\/www.vissparboulingu.lv\/video\/wp-content\/gallery\/8.ABL%20nol%C4%93guma%20pas%C4%81kums%20Sp%C4%81re%20buling%C4%81\/thumbs\/thumbs_DSC_0256.jpg\"\n\t\t\t\tdata-image-id=\"2496\"\n\t\t\t\tdata-title=\"DSC_0256\"\n\t\t\t\tdata-description=\"\"\n\t\t\t\tdata-image-slug=\"dsc_0256\"\n\t\t\t\t\t\t\t\t\t\t\t\t\t\t\t\t\t\t\t\tclass=\"ngg-fancybox\" rel=\"9c87be89b36a04f1499c9a9eebd5e961\">\n\t\t\t\t\t\t\t\t<img\n\t\t\t\t\ttitle=\"DSC_0256\"\n\t\t\t\t\talt=\"DSC_0256\"\n\t\t\t\t\tdata-src=\"https:\/\/www.vissparboulingu.lv\/video\/wp-content\/gallery\/8.ABL%20nol%C4%93guma%20pas%C4%81kums%20Sp%C4%81re%20buling%C4%81\/thumbs\/thumbs_DSC_0256.jpg\"\n\t\t\t\t\twidth=\"240\"\n\t\t\t\t\theight=\"160\"\n\t\t\t\t\tstyle=\"--smush-placeholder-width: 240px; --smush-placeholder-aspect-ratio: 240\/160;max-width:100%;\"\n\t\t\t\t src=\"data:image\/svg+xml;base64,PHN2ZyB3aWR0aD0iMSIgaGVpZ2h0PSIxIiB4bWxucz0iaHR0cDovL3d3dy53My5vcmcvMjAwMC9zdmciPjwvc3ZnPg==\" class=\"lazyload\" \/>\n\t\t\t<\/a>\n\t\t<\/div>\n\t\t\t\t\t\t\t<\/div>\n\t\t\t\n\t\t\t\t\t\t\t\t\t<br style=\"clear: both\" \/>\n\t\t\t\t\t\n\t\t\n\t\t<!-- Pagination -->\n\t\t<div class='ngg-navigation'><span class='current'>1<\/span>\n<a class='page-numbers' data-pageid='2' href='https:\/\/www.vissparboulingu.lv\/video\/8-abl-noleguma-pasakums-spare-bulinga\/nggallery\/page\/2'>2<\/a>\n<span class='ellipsis'>...<\/span>\n<a class='page-numbers' data-pageid='7' href='https:\/\/www.vissparboulingu.lv\/video\/8-abl-noleguma-pasakums-spare-bulinga\/nggallery\/page\/7'>7<\/a>\n<a class='prev' href='https:\/\/www.vissparboulingu.lv\/video\/8-abl-noleguma-pasakums-spare-bulinga\/nggallery\/page\/2' data-pageid=\"2\">&#9658;<\/a><\/div>\t<\/div>\n<\/p>\n","protected":false},"excerpt":{"rendered":"<p>1 2 &#8230; 7 &#9658;<\/p>\n","protected":false},"author":1,"featured_media":5306,"parent":0,"menu_order":0,"comment_status":"closed","ping_status":"closed","template":"","meta":{"_et_pb_use_builder":"","_et_pb_old_content":"","_et_gb_content_width":"","ngg_post_thumbnail":0,"footnotes":""},"class_list":["post-5092","page","type-page","status-publish","has-post-thumbnail","hentry"],"aioseo_notices":[],"_links":{"self":[{"href":"https:\/\/www.vissparboulingu.lv\/video\/wp-json\/wp\/v2\/pages\/5092","targetHints":{"allow":["GET"]}}],"collection":[{"href":"https:\/\/www.vissparboulingu.lv\/video\/wp-json\/wp\/v2\/pages"}],"about":[{"href":"https:\/\/www.vissparboulingu.lv\/video\/wp-json\/wp\/v2\/types\/page"}],"author":[{"embeddable":true,"href":"https:\/\/www.vissparboulingu.lv\/video\/wp-json\/wp\/v2\/users\/1"}],"replies":[{"embeddable":true,"href":"https:\/\/www.vissparboulingu.lv\/video\/wp-json\/wp\/v2\/comments?post=5092"}],"version-history":[{"count":0,"href":"https:\/\/www.vissparboulingu.lv\/video\/wp-json\/wp\/v2\/pages\/5092\/revisions"}],"wp:featuredmedia":[{"embeddable":true,"href":"https:\/\/www.vissparboulingu.lv\/video\/wp-json\/wp\/v2\/media\/5306"}],"wp:attachment":[{"href":"https:\/\/www.vissparboulingu.lv\/video\/wp-json\/wp\/v2\/media?parent=5092"}],"curies":[{"name":"wp","href":"https:\/\/api.w.org\/{rel}","templated":true}]}}